{"id":734,"date":"2014-01-26T20:15:53","date_gmt":"2014-01-26T19:15:53","guid":{"rendered":"https:\/\/gatito.be\/expo\/?page_id=734"},"modified":"2016-01-17T14:11:02","modified_gmt":"2016-01-17T13:11:02","slug":"gdm","status":"publish","type":"page","link":"https:\/\/gatito.be\/expo\/artistes-exposants\/gdm\/","title":{"rendered":"GDM"},"content":{"rendered":"<p>Gis\u00e8le De Meur\u00a0 gdemeur@ulb.ac.be<br \/>\nhttps:\/\/www.gatito.be\/art<\/p>\n<p><strong>\u0152uvre(s) pr\u00e9sent\u00e9e(s) en<\/strong> <strong>2016<\/strong><\/p>\n<p>&nbsp;<\/p>\n<p>&nbsp;<\/p>\n<p><strong>\u0152uvre(s) pr\u00e9sent\u00e9e(s) en 2014<br \/>\n<\/strong><\/p>\n<p>1. R\u00e9silience<\/p>\n<div id=\"attachment_739\" style=\"width: 235px\" class=\"wp-caption alignnone\"><a href=\"https:\/\/gatito.be\/expo\/wp-content\/uploads\/2014\/01\/GDM3.jpg\" rel=\"lightbox[734]\"><img aria-describedby=\"caption-attachment-739\" loading=\"lazy\" class=\"size-medium wp-image-739\" src=\"https:\/\/gatito.be\/expo\/wp-content\/uploads\/2014\/01\/GDM3-225x300.jpg\" alt=\"Bois sclupt\u00e9 50 cm, diam 25 cm\" width=\"225\" height=\"300\" srcset=\"https:\/\/gatito.be\/expo\/wp-content\/uploads\/2014\/01\/GDM3-225x300.jpg 225w, https:\/\/gatito.be\/expo\/wp-content\/uploads\/2014\/01\/GDM3.jpg 360w\" sizes=\"(max-width: 225px) 100vw, 225px\" \/><\/a><p id=\"caption-attachment-739\" class=\"wp-caption-text\">Bois sculpt\u00e9<br \/>50 cm, diam 25 cm<\/p><\/div>\n<p>2. Le Tr\u00e9sor de Mathou<\/p>\n<div id=\"attachment_740\" style=\"width: 235px\" class=\"wp-caption alignnone\"><a href=\"https:\/\/gatito.be\/expo\/wp-content\/uploads\/2014\/01\/GDM4.jpg\" rel=\"lightbox[734]\"><img aria-describedby=\"caption-attachment-740\" loading=\"lazy\" class=\"size-medium wp-image-740\" src=\"https:\/\/gatito.be\/expo\/wp-content\/uploads\/2014\/01\/GDM4-225x300.jpg\" alt=\"130 x 130 x 100 cm Installation\" width=\"225\" height=\"300\" srcset=\"https:\/\/gatito.be\/expo\/wp-content\/uploads\/2014\/01\/GDM4-225x300.jpg 225w, https:\/\/gatito.be\/expo\/wp-content\/uploads\/2014\/01\/GDM4.jpg 360w\" sizes=\"(max-width: 225px) 100vw, 225px\" \/><\/a><p id=\"caption-attachment-740\" class=\"wp-caption-text\">130 x 130 x 100 cm<br \/>Installation<\/p><\/div>\n<p>3. PI<\/p>\n<div id=\"attachment_738\" style=\"width: 310px\" class=\"wp-caption alignnone\"><a href=\"https:\/\/gatito.be\/expo\/wp-content\/uploads\/2014\/01\/GDM2.jpg\" rel=\"lightbox[734]\"><img aria-describedby=\"caption-attachment-738\" loading=\"lazy\" class=\"size-medium wp-image-738\" src=\"https:\/\/gatito.be\/expo\/wp-content\/uploads\/2014\/01\/GDM2-300x225.jpg\" alt=\"300 cm, diam 80 cm Acier\" width=\"300\" height=\"225\" srcset=\"https:\/\/gatito.be\/expo\/wp-content\/uploads\/2014\/01\/GDM2-300x225.jpg 300w, https:\/\/gatito.be\/expo\/wp-content\/uploads\/2014\/01\/GDM2.jpg 640w\" sizes=\"(max-width: 300px) 100vw, 300px\" \/><\/a><p id=\"caption-attachment-738\" class=\"wp-caption-text\">300 cm, diam 80 cm<br \/>Acier<\/p><\/div>\n<p>4. Le voyageur de commerce<\/p>\n<div id=\"attachment_737\" style=\"width: 310px\" class=\"wp-caption alignnone\"><a href=\"https:\/\/gatito.be\/expo\/wp-content\/uploads\/2014\/01\/GDM1.jpg\" rel=\"lightbox[734]\"><img aria-describedby=\"caption-attachment-737\" loading=\"lazy\" class=\"size-medium wp-image-737\" src=\"https:\/\/gatito.be\/expo\/wp-content\/uploads\/2014\/01\/GDM1-300x225.jpg\" alt=\"30 x 30 x 30 Acier\" width=\"300\" height=\"225\" srcset=\"https:\/\/gatito.be\/expo\/wp-content\/uploads\/2014\/01\/GDM1-300x225.jpg 300w, https:\/\/gatito.be\/expo\/wp-content\/uploads\/2014\/01\/GDM1.jpg 640w\" sizes=\"(max-width: 300px) 100vw, 300px\" \/><\/a><p id=\"caption-attachment-737\" class=\"wp-caption-text\">30 x 30 x 30<br \/>Acier<\/p><\/div>\n<p>&nbsp;<\/p>\n<p>&nbsp;<\/p>\n<p>&nbsp;<\/p>\n<p>&nbsp;<\/p>\n","protected":false},"excerpt":{"rendered":"<p>Gis\u00e8le De Meur\u00a0 gdemeur@ulb.ac.be https:\/\/www.gatito.be\/art \u0152uvre(s) pr\u00e9sent\u00e9e(s) en 2016 &nbsp; &nbsp; \u0152uvre(s) pr\u00e9sent\u00e9e(s) en 2014 1. R\u00e9silience 2. Le Tr\u00e9sor de Mathou 3. PI 4. Le voyageur de commerce &nbsp; &nbsp; &nbsp; &nbsp;<\/p>\n","protected":false},"author":1,"featured_media":0,"parent":222,"menu_order":0,"comment_status":"open","ping_status":"closed","template":"fullwide.php","meta":{"ngg_post_thumbnail":0},"_links":{"self":[{"href":"https:\/\/gatito.be\/expo\/wp-json\/wp\/v2\/pages\/734"}],"collection":[{"href":"https:\/\/gatito.be\/expo\/wp-json\/wp\/v2\/pages"}],"about":[{"href":"https:\/\/gatito.be\/expo\/wp-json\/wp\/v2\/types\/page"}],"author":[{"embeddable":true,"href":"https:\/\/gatito.be\/expo\/wp-json\/wp\/v2\/users\/1"}],"replies":[{"embeddable":true,"href":"https:\/\/gatito.be\/expo\/wp-json\/wp\/v2\/comments?post=734"}],"version-history":[{"count":4,"href":"https:\/\/gatito.be\/expo\/wp-json\/wp\/v2\/pages\/734\/revisions"}],"predecessor-version":[{"id":2056,"href":"https:\/\/gatito.be\/expo\/wp-json\/wp\/v2\/pages\/734\/revisions\/2056"}],"up":[{"embeddable":true,"href":"https:\/\/gatito.be\/expo\/wp-json\/wp\/v2\/pages\/222"}],"wp:attachment":[{"href":"https:\/\/gatito.be\/expo\/wp-json\/wp\/v2\/media?parent=734"}],"curies":[{"name":"wp","href":"https:\/\/api.w.org\/{rel}","templated":true}]}}