{"id":684,"date":"2014-01-11T01:37:04","date_gmt":"2014-01-11T00:37:04","guid":{"rendered":"https:\/\/gatito.be\/expo\/?page_id=684"},"modified":"2014-01-12T11:38:56","modified_gmt":"2014-01-12T10:38:56","slug":"labyrinthe-dedale","status":"publish","type":"page","link":"https:\/\/gatito.be\/expo\/reservations\/labyrinthe-dedale\/","title":{"rendered":"R\u00e9servations &#8211; 9 &#8211; Labyrinthes\/D\u00e9dales &#8211; Atomium\/foot &#8211; Zometool"},"content":{"rendered":"<h3>9.I. \u00a0 La dualit\u00e9 labyrinthe-d\u00e9dale<\/h3>\n<h3>9.II.\u00a0 Atomium\/foot, livres ouverts sur la dualit\u00e9 des poly\u00e8dres<\/h3>\n<h3>9.III. G\u00e9om\u00e9trie 2D , 3D et l&rsquo;approche de 4D avec Zometool<\/h3>\n<p>par <b>Samuel VERBIESE<\/b>, <em>ing\u00e9nieur-artiste plasticien-designer<\/em><br \/>\n<div role=\"form\" class=\"wpcf7\" id=\"wpcf7-f683-o1\" dir=\"ltr\">\n<div class=\"screen-reader-response\"><p role=\"status\" aria-live=\"polite\" aria-atomic=\"true\"><\/p> <ul><\/ul><\/div>\n<form action=\"\/expo\/wp-json\/wp\/v2\/pages\/684#wpcf7-f683-o1\" method=\"post\" class=\"wpcf7-form init\" novalidate=\"novalidate\" data-status=\"init\">\n<div style=\"display: none;\">\n<input type=\"hidden\" name=\"_wpcf7\" value=\"683\" \/>\n<input type=\"hidden\" name=\"_wpcf7_version\" value=\"5.5.6\" \/>\n<input type=\"hidden\" name=\"_wpcf7_locale\" value=\"\" \/>\n<input type=\"hidden\" name=\"_wpcf7_unit_tag\" value=\"wpcf7-f683-o1\" \/>\n<input type=\"hidden\" name=\"_wpcf7_container_post\" value=\"0\" \/>\n<input type=\"hidden\" name=\"_wpcf7_posted_data_hash\" value=\"\" \/>\n<\/div>\n<p>Votre nom (champ obligatoire)<br \/>\n    <span class=\"wpcf7-form-control-wrap your-name\"><input type=\"text\" name=\"your-name\" value=\"\" size=\"40\" class=\"wpcf7-form-control wpcf7-text wpcf7-validates-as-required\" aria-required=\"true\" aria-invalid=\"false\" \/><\/span> <\/p>\n<p>Email (champ obligatoire)<br \/>\n    <span class=\"wpcf7-form-control-wrap your-email\"><input type=\"email\" name=\"your-email\" value=\"\" size=\"40\" class=\"wpcf7-form-control wpcf7-text wpcf7-email wpcf7-validates-as-required wpcf7-validates-as-email\" aria-required=\"true\" aria-invalid=\"false\" \/><\/span> <\/p>\n<p>Votre t\u00e9l\u00e9phone (champ obligatoire)<br \/>\n    <span class=\"wpcf7-form-control-wrap text-879\"><input type=\"text\" name=\"text-879\" value=\"\" size=\"40\" class=\"wpcf7-form-control wpcf7-text wpcf7-validates-as-required\" aria-required=\"true\" aria-invalid=\"false\" placeholder=\"+32\" \/><\/span><\/p>\n<p>Choix de la date pour l'animation (champ obligatoire et combinaison de th\u00e8mes obligatoire)<br \/>\n    <span class=\"wpcf7-form-control-wrap radio-54\"><span class=\"wpcf7-form-control wpcf7-radio\"><span class=\"wpcf7-list-item first\"><input type=\"radio\" name=\"radio-54\" value=\"I  + III : jeudi 27 f\u00e9vrier de 14 \u00e0 16 h\" \/><span class=\"wpcf7-list-item-label\">I  + III : jeudi 27 f\u00e9vrier de 14 \u00e0 16 h<\/span><\/span><span class=\"wpcf7-list-item last\"><input type=\"radio\" name=\"radio-54\" value=\"II + III : vendredi 28 f\u00e9vrier de 14 \u00e0 16 h\" \/><span class=\"wpcf7-list-item-label\">II + III : vendredi 28 f\u00e9vrier de 14 \u00e0 16 h<\/span><\/span><\/span><\/span><\/p>\n<p>Nom de l'\u00e9tablissement scolaire<br \/>\n<span class=\"wpcf7-form-control-wrap text-344\"><input type=\"text\" name=\"text-344\" value=\"\" size=\"40\" class=\"wpcf7-form-control wpcf7-text\" aria-invalid=\"false\" \/><\/span><\/p>\n<p>Nombre de personnes<br \/>\n   <span class=\"wpcf7-form-control-wrap number-353\"><input type=\"number\" name=\"number-353\" value=\"\" class=\"wpcf7-form-control wpcf7-number wpcf7-validates-as-number\" min=\"1\" max=\"99\" aria-invalid=\"false\" \/><\/span><\/p>\n<p>Tranche d'\u00e2ge du groupe<br \/>\n   <span class=\"wpcf7-form-control-wrap radio-46\"><span class=\"wpcf7-form-control wpcf7-radio\"><span class=\"wpcf7-list-item first\"><input type=\"radio\" name=\"radio-46\" value=\"Primaire\" \/><span class=\"wpcf7-list-item-label\">Primaire<\/span><\/span><span class=\"wpcf7-list-item\"><input type=\"radio\" name=\"radio-46\" value=\"Sec. Inf\u00e9rieur\" \/><span class=\"wpcf7-list-item-label\">Sec. Inf\u00e9rieur<\/span><\/span><span class=\"wpcf7-list-item\"><input type=\"radio\" name=\"radio-46\" value=\"Sec. Sup\u00e9rieur\" \/><span class=\"wpcf7-list-item-label\">Sec. Sup\u00e9rieur<\/span><\/span><span class=\"wpcf7-list-item last\"><input type=\"radio\" name=\"radio-46\" value=\"Adultes\" \/><span class=\"wpcf7-list-item-label\">Adultes<\/span><\/span><\/span><\/span><\/p>\n<p>Vos remarques et\/ou questions<br \/>\n    <span class=\"wpcf7-form-control-wrap your-message\"><textarea name=\"your-message\" cols=\"40\" rows=\"10\" class=\"wpcf7-form-control wpcf7-textarea\" aria-invalid=\"false\"><\/textarea><\/span> <\/p>\n<p><input type=\"submit\" value=\"&nbsp;R\u00e9server&nbsp;\" class=\"wpcf7-form-control has-spinner wpcf7-submit\" \/><\/p>\n<div class=\"wpcf7-response-output\" aria-hidden=\"true\"><\/div><\/form><\/div><br \/>\nAttention, les r\u00e9servations sont <em>provisoires<\/em> et ne seront <strong>d\u00e9finitives<\/strong> qu\u2019apr\u00e8s <strong>confirmation<\/strong> de notre part.<\/p>\n","protected":false},"excerpt":{"rendered":"<p>9.I. \u00a0 La dualit\u00e9 labyrinthe-d\u00e9dale 9.II.\u00a0 Atomium\/foot, livres ouverts sur la dualit\u00e9 des poly\u00e8dres 9.III. G\u00e9om\u00e9trie 2D , 3D et l&rsquo;approche de 4D avec Zometool par Samuel VERBIESE, ing\u00e9nieur-artiste plasticien-designer Attention, les r\u00e9servations sont provisoires et ne seront d\u00e9finitives qu\u2019apr\u00e8s confirmation de notre part.<\/p>\n","protected":false},"author":2,"featured_media":0,"parent":219,"menu_order":9,"comment_status":"closed","ping_status":"closed","template":"","meta":{"ngg_post_thumbnail":0},"_links":{"self":[{"href":"https:\/\/gatito.be\/expo\/wp-json\/wp\/v2\/pages\/684"}],"collection":[{"href":"https:\/\/gatito.be\/expo\/wp-json\/wp\/v2\/pages"}],"about":[{"href":"https:\/\/gatito.be\/expo\/wp-json\/wp\/v2\/types\/page"}],"author":[{"embeddable":true,"href":"https:\/\/gatito.be\/expo\/wp-json\/wp\/v2\/users\/2"}],"replies":[{"embeddable":true,"href":"https:\/\/gatito.be\/expo\/wp-json\/wp\/v2\/comments?post=684"}],"version-history":[{"count":2,"href":"https:\/\/gatito.be\/expo\/wp-json\/wp\/v2\/pages\/684\/revisions"}],"predecessor-version":[{"id":693,"href":"https:\/\/gatito.be\/expo\/wp-json\/wp\/v2\/pages\/684\/revisions\/693"}],"up":[{"embeddable":true,"href":"https:\/\/gatito.be\/expo\/wp-json\/wp\/v2\/pages\/219"}],"wp:attachment":[{"href":"https:\/\/gatito.be\/expo\/wp-json\/wp\/v2\/media?parent=684"}],"curies":[{"name":"wp","href":"https:\/\/api.w.org\/{rel}","templated":true}]}}