{"id":574,"date":"2014-01-27T14:26:32","date_gmt":"2014-01-27T13:26:32","guid":{"rendered":"https:\/\/gatito.be\/expo\/?page_id=574"},"modified":"2014-01-27T14:26:32","modified_gmt":"2014-01-27T13:26:32","slug":"wuidar-leon","status":"publish","type":"page","link":"https:\/\/gatito.be\/expo\/artistes-exposants\/wuidar-leon\/","title":{"rendered":"WUIDAR  L\u00e9on"},"content":{"rendered":"<p><a href=\"mailto:wuidarleon@hotmail.com\">wuidarleon@hotmail.com<\/a><br \/>\n<a href=\"http:\/\/www.wuidar.be\">www.wuidar.be<\/a><\/p>\n<p>\u0152uvre(s) pr\u00e9sent\u00e9e(s)<\/p>\n<p>1. Jeu de cartes, 52 cartes dans un \u00e9tui\u00a0; 2012<\/p>\n<p><a href=\"https:\/\/gatito.be\/expo\/wp-content\/uploads\/2014\/01\/wuidar-carte-as-de-carreau.jpg\" rel=\"lightbox[574]\"><img loading=\"lazy\" class=\"alignnone size-medium wp-image-575\" alt=\"wuidar carte as de carreau\" src=\"https:\/\/gatito.be\/expo\/wp-content\/uploads\/2014\/01\/wuidar-carte-as-de-carreau-193x300.jpg\" width=\"193\" height=\"300\" srcset=\"https:\/\/gatito.be\/expo\/wp-content\/uploads\/2014\/01\/wuidar-carte-as-de-carreau-193x300.jpg 193w, https:\/\/gatito.be\/expo\/wp-content\/uploads\/2014\/01\/wuidar-carte-as-de-carreau.jpg 441w\" sizes=\"(max-width: 193px) 100vw, 193px\" \/><\/a><\/p>\n<p>&nbsp;<\/p>\n<p>2. Drapeau, impression sur tissu synth\u00e9tique ; 150 x 200 cm\u00a0; 1999<\/p>\n<p><a href=\"https:\/\/gatito.be\/expo\/wp-content\/uploads\/2014\/01\/wuidar-drapeau.jpg\" rel=\"lightbox[574]\"><img loading=\"lazy\" class=\"alignnone size-medium wp-image-576\" alt=\"wuidar drapeau\" src=\"https:\/\/gatito.be\/expo\/wp-content\/uploads\/2014\/01\/wuidar-drapeau-300x218.jpg\" width=\"300\" height=\"218\" srcset=\"https:\/\/gatito.be\/expo\/wp-content\/uploads\/2014\/01\/wuidar-drapeau-300x218.jpg 300w, https:\/\/gatito.be\/expo\/wp-content\/uploads\/2014\/01\/wuidar-drapeau-1024x746.jpg 1024w, https:\/\/gatito.be\/expo\/wp-content\/uploads\/2014\/01\/wuidar-drapeau.jpg 1399w\" sizes=\"(max-width: 300px) 100vw, 300px\" \/><\/a><\/p>\n<p>&nbsp;<\/p>\n<p>3. Une des versions color\u00e9es du dessin pour un lambris, CHU de Li\u00e8ge\u00a0; 1980<\/p>\n<p><a href=\"https:\/\/gatito.be\/expo\/wp-content\/uploads\/2014\/01\/wuidar-dessin-lambris.jpg\" rel=\"lightbox[574]\"><img loading=\"lazy\" class=\"alignnone size-medium wp-image-577\" alt=\"wuidar dessin lambris\" src=\"https:\/\/gatito.be\/expo\/wp-content\/uploads\/2014\/01\/wuidar-dessin-lambris-300x300.jpg\" width=\"300\" height=\"300\" srcset=\"https:\/\/gatito.be\/expo\/wp-content\/uploads\/2014\/01\/wuidar-dessin-lambris-300x300.jpg 300w, https:\/\/gatito.be\/expo\/wp-content\/uploads\/2014\/01\/wuidar-dessin-lambris-150x150.jpg 150w, https:\/\/gatito.be\/expo\/wp-content\/uploads\/2014\/01\/wuidar-dessin-lambris-1024x1020.jpg 1024w, https:\/\/gatito.be\/expo\/wp-content\/uploads\/2014\/01\/wuidar-dessin-lambris.jpg 1512w\" sizes=\"(max-width: 300px) 100vw, 300px\" \/><\/a><\/p>\n<p>&nbsp;<\/p>\n<p>4. S\u00e9rie de Fibonacci au p\u00e9rim\u00e8tre d\u2019un carr\u00e9, encre noire et de couleurs\u00a0; 1999<\/p>\n<p><a href=\"https:\/\/gatito.be\/expo\/wp-content\/uploads\/2014\/01\/wuidar-dessin-fibonacci.jpg\" rel=\"lightbox[574]\"><img loading=\"lazy\" class=\"alignnone size-medium wp-image-579\" alt=\"wuidar dessin fibonacci\" src=\"https:\/\/gatito.be\/expo\/wp-content\/uploads\/2014\/01\/wuidar-dessin-fibonacci-222x300.jpg\" width=\"222\" height=\"300\" srcset=\"https:\/\/gatito.be\/expo\/wp-content\/uploads\/2014\/01\/wuidar-dessin-fibonacci-222x300.jpg 222w, https:\/\/gatito.be\/expo\/wp-content\/uploads\/2014\/01\/wuidar-dessin-fibonacci.jpg 631w\" sizes=\"(max-width: 222px) 100vw, 222px\" \/><\/a><\/p>\n<p>&nbsp;<\/p>\n<p>N\u2019est-il pas paradoxal, ce rapprochement entre art et maths\u00a0? D\u2019une part, des artistes usant de formes dont ils ne connaissent pas n\u00e9cessairement les propri\u00e9t\u00e9s, et d\u2019autre part, des math\u00e9maticiens poursuivant leurs r\u00e9flexions en tra\u00e7ant, eux aussi des formes quelquefois sans toujours y apporter un soin attentif.<\/p>\n<p>Pour ma part, d\u00e8s l\u2019enfance, j\u2019ai aim\u00e9 les figures g\u00e9om\u00e9triques bien avant d\u2019en apprendre les propri\u00e9t\u00e9s. Elles s\u2019\u00e9talaient partout en ville surtout sur les fa\u00e7ades des h\u00f4tels de ma\u00eetre du XIXe si\u00e8cle.<\/p>\n<p>Il m\u2019aura \u00e9t\u00e9 rappel\u00e9 que, plus jeune encore, je tra\u00e7ais des t\u00eates compos\u00e9es d\u2019un simple ovale surmont\u00e9 d\u2019une pointe. C\u2019\u00e9tait Turlututu, chapeau pointu\u00a0!<\/p>\n","protected":false},"excerpt":{"rendered":"<p>wuidarleon@hotmail.com www.wuidar.be \u0152uvre(s) pr\u00e9sent\u00e9e(s) 1. Jeu de cartes, 52 cartes dans un \u00e9tui\u00a0; 2012 &nbsp; 2. Drapeau, impression sur tissu synth\u00e9tique ; 150 x 200 cm\u00a0; 1999 &nbsp; 3. Une des versions color\u00e9es du dessin pour un lambris, CHU de Li\u00e8ge\u00a0; 1980 &nbsp; 4. S\u00e9rie de Fibonacci au p\u00e9rim\u00e8tre d\u2019un carr\u00e9, encre noire et de couleurs\u00a0; 1999 &nbsp; N\u2019est-il pas paradoxal, ce rapprochement entre art et maths\u00a0? D\u2019une part, des artistes usant de formes dont ils ne connaissent pas n\u00e9cessairement les propri\u00e9t\u00e9s, et d\u2019autre part, des math\u00e9maticiens poursuivant leurs r\u00e9flexions en tra\u00e7ant, eux aussi des formes quelquefois sans toujours y<a href=\"https:\/\/gatito.be\/expo\/artistes-exposants\/wuidar-leon\/\">&nbsp;&nbsp;[ Suite&#8230; ]<\/a><\/p>\n","protected":false},"author":25,"featured_media":0,"parent":222,"menu_order":42,"comment_status":"open","ping_status":"open","template":"fullwide.php","meta":{"ngg_post_thumbnail":0},"_links":{"self":[{"href":"https:\/\/gatito.be\/expo\/wp-json\/wp\/v2\/pages\/574"}],"collection":[{"href":"https:\/\/gatito.be\/expo\/wp-json\/wp\/v2\/pages"}],"about":[{"href":"https:\/\/gatito.be\/expo\/wp-json\/wp\/v2\/types\/page"}],"author":[{"embeddable":true,"href":"https:\/\/gatito.be\/expo\/wp-json\/wp\/v2\/users\/25"}],"replies":[{"embeddable":true,"href":"https:\/\/gatito.be\/expo\/wp-json\/wp\/v2\/comments?post=574"}],"version-history":[{"count":4,"href":"https:\/\/gatito.be\/expo\/wp-json\/wp\/v2\/pages\/574\/revisions"}],"predecessor-version":[{"id":750,"href":"https:\/\/gatito.be\/expo\/wp-json\/wp\/v2\/pages\/574\/revisions\/750"}],"up":[{"embeddable":true,"href":"https:\/\/gatito.be\/expo\/wp-json\/wp\/v2\/pages\/222"}],"wp:attachment":[{"href":"https:\/\/gatito.be\/expo\/wp-json\/wp\/v2\/media?parent=574"}],"curies":[{"name":"wp","href":"https:\/\/api.w.org\/{rel}","templated":true}]}}