{"id":570,"date":"2014-01-27T14:24:25","date_gmt":"2014-01-27T13:24:25","guid":{"rendered":"https:\/\/gatito.be\/expo\/?page_id=570"},"modified":"2014-01-27T20:05:17","modified_gmt":"2014-01-27T19:05:17","slug":"wibo-marguerite","status":"publish","type":"page","link":"https:\/\/gatito.be\/expo\/artistes-exposants\/wibo-marguerite\/","title":{"rendered":"WIBO  Marguerite"},"content":{"rendered":"<p>Finaliste 2013 en sculpture (acad\u00e9mie de Watermael-Boitsfort-prof.G.Dederen)<\/p>\n<p>margueritewibo1@gmail.com<\/p>\n<style><!--\n\/* Font Definitions *\/\n@font-face\n\t{font-family:Arial;\n\tpanose-1:2 11 6 4 2 2 2 2 2 4;\n\tmso-font-charset:0;\n\tmso-generic-font-family:auto;\n\tmso-font-pitch:variable;\n\tmso-font-signature:-536859905 -1073711037 9 0 511 0;}\n@font-face\n\t{font-family:\"Cambria Math\";\n\tpanose-1:2 4 5 3 5 4 6 3 2 4;\n\tmso-font-charset:0;\n\tmso-generic-font-family:auto;\n\tmso-font-pitch:variable;\n\tmso-font-signature:-536870145 1107305727 0 0 415 0;}\n \/* Style Definitions *\/\np.MsoNormal, li.MsoNormal, div.MsoNormal\n\t{mso-style-update:auto;\n\tmso-style-unhide:no;\n\tmso-style-qformat:yes;\n\tmso-style-parent:\"\";\n\tmargin:0cm;\n\tmargin-bottom:.0001pt;\n\tmso-pagination:widow-orphan;\n\tfont-size:12.0pt;\n\tfont-family:Arial;\n\tmso-fareast-font-family:\"Times New Roman\";\n\tmso-bidi-font-family:\"Times New Roman\";\n\tmso-ansi-language:FR;\n\tmso-fareast-language:FR;}\n.MsoChpDefault\n\t{mso-style-type:export-only;\n\tmso-default-props:yes;\n\tfont-size:10.0pt;\n\tmso-ansi-font-size:10.0pt;\n\tmso-bidi-font-size:10.0pt;\n\tmso-ansi-language:FR-BE;\n\tmso-fareast-language:FR-BE;}\n@page WordSection1\n\t{size:612.0pt 792.0pt;\n\tmargin:72.0pt 90.0pt 72.0pt 90.0pt;\n\tmso-header-margin:36.0pt;\n\tmso-footer-margin:36.0pt;\n\tmso-paper-source:0;}\ndiv.WordSection1\n\t{page:WordSection1;}\n--><\/style>\n<p><span lang=\"FR\" style=\"font-size: 12.0pt; font-family: Arial; mso-fareast-font-family: 'Times New Roman'; mso-bidi-font-family: 'Times New Roman'; mso-ansi-language: FR; mso-fareast-language: FR; mso-bidi-language: AR-SA;\">\u00a0<\/span><\/p>\n<p>\u0152uvre(s) pr\u00e9sent\u00e9e(s)<\/p>\n<p>\u00ab\u00a0METAMORPHOSES\u00a0\u00bb 2013<br \/>\nVerre, film anti-UV, soudure cuivre-\u00e9tain. 60 x 40 x 40 cm<\/p>\n<p><a href=\"https:\/\/gatito.be\/expo\/wp-content\/uploads\/2014\/01\/Wibaut-M.jpg\" rel=\"lightbox[570]\"><img loading=\"lazy\" class=\"alignnone size-medium wp-image-1733\" alt=\"\" src=\"https:\/\/gatito.be\/expo\/wp-content\/uploads\/2014\/01\/Wibaut-M-300x200.jpg\" width=\"300\" height=\"200\" srcset=\"https:\/\/gatito.be\/expo\/wp-content\/uploads\/2014\/01\/Wibaut-M-300x200.jpg 300w, https:\/\/gatito.be\/expo\/wp-content\/uploads\/2014\/01\/Wibaut-M.jpg 640w\" sizes=\"(max-width: 300px) 100vw, 300px\" \/><\/a><\/p>\n<p>&#8230;.ou le terrain de jeu de la g\u00e9om\u00e9trie : les figures cr\u00e9\u00e9es ob\u00e9issent aux r\u00e8gles traditionnelles (Euclide&#8230;) ou aux conventions que je m&rsquo;autorise ( g\u00e9om\u00e9trie projective).<\/p>\n","protected":false},"excerpt":{"rendered":"<p>Finaliste 2013 en sculpture (acad\u00e9mie de Watermael-Boitsfort-prof.G.Dederen) margueritewibo1@gmail.com \u00a0 \u0152uvre(s) pr\u00e9sent\u00e9e(s) \u00ab\u00a0METAMORPHOSES\u00a0\u00bb 2013 Verre, film anti-UV, soudure cuivre-\u00e9tain. 60 x 40 x 40 cm &#8230;.ou le terrain de jeu de la g\u00e9om\u00e9trie : les figures cr\u00e9\u00e9es ob\u00e9issent aux r\u00e8gles traditionnelles (Euclide&#8230;) ou aux conventions que je m&rsquo;autorise ( g\u00e9om\u00e9trie projective).<\/p>\n","protected":false},"author":25,"featured_media":0,"parent":222,"menu_order":41,"comment_status":"open","ping_status":"open","template":"fullwide.php","meta":{"ngg_post_thumbnail":0},"_links":{"self":[{"href":"https:\/\/gatito.be\/expo\/wp-json\/wp\/v2\/pages\/570"}],"collection":[{"href":"https:\/\/gatito.be\/expo\/wp-json\/wp\/v2\/pages"}],"about":[{"href":"https:\/\/gatito.be\/expo\/wp-json\/wp\/v2\/types\/page"}],"author":[{"embeddable":true,"href":"https:\/\/gatito.be\/expo\/wp-json\/wp\/v2\/users\/25"}],"replies":[{"embeddable":true,"href":"https:\/\/gatito.be\/expo\/wp-json\/wp\/v2\/comments?post=570"}],"version-history":[{"count":4,"href":"https:\/\/gatito.be\/expo\/wp-json\/wp\/v2\/pages\/570\/revisions"}],"predecessor-version":[{"id":1734,"href":"https:\/\/gatito.be\/expo\/wp-json\/wp\/v2\/pages\/570\/revisions\/1734"}],"up":[{"embeddable":true,"href":"https:\/\/gatito.be\/expo\/wp-json\/wp\/v2\/pages\/222"}],"wp:attachment":[{"href":"https:\/\/gatito.be\/expo\/wp-json\/wp\/v2\/media?parent=570"}],"curies":[{"name":"wp","href":"https:\/\/api.w.org\/{rel}","templated":true}]}}