{"id":558,"date":"2014-01-27T14:21:16","date_gmt":"2014-01-27T13:21:16","guid":{"rendered":"https:\/\/gatito.be\/expo\/?page_id=558"},"modified":"2014-01-27T22:42:29","modified_gmt":"2014-01-27T21:42:29","slug":"verbiese-samuel","status":"publish","type":"page","link":"https:\/\/gatito.be\/expo\/artistes-exposants\/verbiese-samuel\/","title":{"rendered":"VERBIESE  Samuel"},"content":{"rendered":"<p>Artiste plasticien<\/p>\n<p><a href=\"mailto:samve47@yahoo.fr\">samve47@yahoo.fr<br \/>\npas de site, mais veuillez googler sur\u00a0 \u00ab samuel verbiese \u00bb<\/a><\/p>\n<p>\u0152uvre(s) pr\u00e9sent\u00e9e(s)<\/p>\n<p><i>&lsquo;Hommage \u00e0 Hundertwasser&rsquo;<\/i> 2012<br \/>\nToile coton, peinture acrylique, 120 x 80 cm<\/p>\n<p><a href=\"https:\/\/gatito.be\/expo\/wp-content\/uploads\/2014\/01\/Verbiest.jpg\" rel=\"lightbox[558]\"><img loading=\"lazy\" class=\"alignnone size-medium wp-image-1746\" alt=\"Verbiest\" src=\"https:\/\/gatito.be\/expo\/wp-content\/uploads\/2014\/01\/Verbiest-201x300.jpg\" width=\"201\" height=\"300\" srcset=\"https:\/\/gatito.be\/expo\/wp-content\/uploads\/2014\/01\/Verbiest-201x300.jpg 201w, https:\/\/gatito.be\/expo\/wp-content\/uploads\/2014\/01\/Verbiest.jpg 215w\" sizes=\"(max-width: 201px) 100vw, 201px\" \/><\/a><\/p>\n","protected":false},"excerpt":{"rendered":"<p>Artiste plasticien samve47@yahoo.fr pas de site, mais veuillez googler sur\u00a0 \u00ab samuel verbiese \u00bb \u0152uvre(s) pr\u00e9sent\u00e9e(s) &lsquo;Hommage \u00e0 Hundertwasser&rsquo; 2012 Toile coton, peinture acrylique, 120 x 80 cm<\/p>\n","protected":false},"author":25,"featured_media":0,"parent":222,"menu_order":39,"comment_status":"open","ping_status":"open","template":"fullwide.php","meta":{"ngg_post_thumbnail":0},"_links":{"self":[{"href":"https:\/\/gatito.be\/expo\/wp-json\/wp\/v2\/pages\/558"}],"collection":[{"href":"https:\/\/gatito.be\/expo\/wp-json\/wp\/v2\/pages"}],"about":[{"href":"https:\/\/gatito.be\/expo\/wp-json\/wp\/v2\/types\/page"}],"author":[{"embeddable":true,"href":"https:\/\/gatito.be\/expo\/wp-json\/wp\/v2\/users\/25"}],"replies":[{"embeddable":true,"href":"https:\/\/gatito.be\/expo\/wp-json\/wp\/v2\/comments?post=558"}],"version-history":[{"count":4,"href":"https:\/\/gatito.be\/expo\/wp-json\/wp\/v2\/pages\/558\/revisions"}],"predecessor-version":[{"id":1748,"href":"https:\/\/gatito.be\/expo\/wp-json\/wp\/v2\/pages\/558\/revisions\/1748"}],"up":[{"embeddable":true,"href":"https:\/\/gatito.be\/expo\/wp-json\/wp\/v2\/pages\/222"}],"wp:attachment":[{"href":"https:\/\/gatito.be\/expo\/wp-json\/wp\/v2\/media?parent=558"}],"curies":[{"name":"wp","href":"https:\/\/api.w.org\/{rel}","templated":true}]}}