{"id":556,"date":"2014-01-27T14:18:53","date_gmt":"2014-01-27T13:18:53","guid":{"rendered":"https:\/\/gatito.be\/expo\/?page_id=556"},"modified":"2014-01-27T14:18:53","modified_gmt":"2014-01-27T13:18:53","slug":"velu-bertrand-et-hubaut-olivier","status":"publish","type":"page","link":"https:\/\/gatito.be\/expo\/artistes-exposants\/velu-bertrand-et-hubaut-olivier\/","title":{"rendered":"VELU Bertrand et  HUBAUT Olivier"},"content":{"rendered":"<p>Installation, infographie<\/p>\n<p><a href=\"mailto:Olivier@hubaut.info\">Bertrand.velu@gmail.com<br \/>\nOlivier@hubaut.info<\/a><\/p>\n<p>&nbsp;<\/p>\n<p>\u0152uvre(s) pr\u00e9sent\u00e9e(s)<\/p>\n<p>Edging Order and Chaos, 2014<strong><br \/>\n<\/strong>Installation<\/p>\n","protected":false},"excerpt":{"rendered":"<p>Installation, infographie Bertrand.velu@gmail.com Olivier@hubaut.info &nbsp; \u0152uvre(s) pr\u00e9sent\u00e9e(s) Edging Order and Chaos, 2014 Installation<\/p>\n","protected":false},"author":25,"featured_media":0,"parent":222,"menu_order":38,"comment_status":"open","ping_status":"open","template":"fullwide.php","meta":{"ngg_post_thumbnail":0},"_links":{"self":[{"href":"https:\/\/gatito.be\/expo\/wp-json\/wp\/v2\/pages\/556"}],"collection":[{"href":"https:\/\/gatito.be\/expo\/wp-json\/wp\/v2\/pages"}],"about":[{"href":"https:\/\/gatito.be\/expo\/wp-json\/wp\/v2\/types\/page"}],"author":[{"embeddable":true,"href":"https:\/\/gatito.be\/expo\/wp-json\/wp\/v2\/users\/25"}],"replies":[{"embeddable":true,"href":"https:\/\/gatito.be\/expo\/wp-json\/wp\/v2\/comments?post=556"}],"version-history":[{"count":2,"href":"https:\/\/gatito.be\/expo\/wp-json\/wp\/v2\/pages\/556\/revisions"}],"predecessor-version":[{"id":614,"href":"https:\/\/gatito.be\/expo\/wp-json\/wp\/v2\/pages\/556\/revisions\/614"}],"up":[{"embeddable":true,"href":"https:\/\/gatito.be\/expo\/wp-json\/wp\/v2\/pages\/222"}],"wp:attachment":[{"href":"https:\/\/gatito.be\/expo\/wp-json\/wp\/v2\/media?parent=556"}],"curies":[{"name":"wp","href":"https:\/\/api.w.org\/{rel}","templated":true}]}}