{"id":552,"date":"2014-01-27T14:17:25","date_gmt":"2014-01-27T13:17:25","guid":{"rendered":"https:\/\/gatito.be\/expo\/?page_id=552"},"modified":"2014-01-27T14:17:25","modified_gmt":"2014-01-27T13:17:25","slug":"van-de-velde-michiko","status":"publish","type":"page","link":"https:\/\/gatito.be\/expo\/artistes-exposants\/van-de-velde-michiko\/","title":{"rendered":"VAN de VELDE Michiko"},"content":{"rendered":"<p>Etudiante en 2<sup>e<\/sup> ann\u00e9e Bachelier \u00e0 L&rsquo;\u00c9cole nationale sup\u00e9rieure des arts visuels de La Cambre<\/p>\n<p>Pratique de la peinture \u00e0 l&rsquo;huile<\/p>\n<p>&nbsp;<\/p>\n<p>\u0152uvre(s) pr\u00e9sent\u00e9e(s)<\/p>\n<p>\u00ab\u00a0Un r\u00eave avec Archim\u00e8de\u00a0\u00bb (2013)<br \/>\nInstallation origami, papier, bois peinture et pliage. 30 x 25 x 50 cm<\/p>\n<p><a href=\"https:\/\/gatito.be\/expo\/wp-content\/uploads\/2014\/01\/VAN-de-VELDE-M.-Un-re\u0302ve-avec-Archime\u0300de.jpeg\" rel=\"lightbox[552]\"><img loading=\"lazy\" class=\"alignnone size-full wp-image-554\" alt=\"VAN de VELDE M.-Un re\u0302ve avec Archime\u0300de\" src=\"https:\/\/gatito.be\/expo\/wp-content\/uploads\/2014\/01\/VAN-de-VELDE-M.-Un-re\u0302ve-avec-Archime\u0300de.jpeg\" width=\"241\" height=\"241\" srcset=\"https:\/\/gatito.be\/expo\/wp-content\/uploads\/2014\/01\/VAN-de-VELDE-M.-Un-re\u0302ve-avec-Archime\u0300de.jpeg 241w, https:\/\/gatito.be\/expo\/wp-content\/uploads\/2014\/01\/VAN-de-VELDE-M.-Un-re\u0302ve-avec-Archime\u0300de-150x150.jpeg 150w\" sizes=\"(max-width: 241px) 100vw, 241px\" \/><\/a><\/p>\n<p>&nbsp;<\/p>\n<p><i>Avant la venue des explications, et d\u00e9monstrations,<\/i><\/p>\n<p><i>laissons nous s\u00e9duire par les formes naturelles qui nous entourent \u00e0 chaque instant.<\/i><\/p>\n<p><i>Cette voie de contemplation et de d\u00e9sir aurait-elle guid\u00e9 Archim\u00e8de a voyager vers sa spirale\u00a0?<\/i><\/p>\n<p>&nbsp;<\/p>\n<p>&nbsp;<\/p>\n","protected":false},"excerpt":{"rendered":"<p>Etudiante en 2e ann\u00e9e Bachelier \u00e0 L&rsquo;\u00c9cole nationale sup\u00e9rieure des arts visuels de La Cambre Pratique de la peinture \u00e0 l&rsquo;huile &nbsp; \u0152uvre(s) pr\u00e9sent\u00e9e(s) \u00ab\u00a0Un r\u00eave avec Archim\u00e8de\u00a0\u00bb (2013) Installation origami, papier, bois peinture et pliage. 30 x 25 x 50 cm &nbsp; Avant la venue des explications, et d\u00e9monstrations, laissons nous s\u00e9duire par les formes naturelles qui nous entourent \u00e0 chaque instant. Cette voie de contemplation et de d\u00e9sir aurait-elle guid\u00e9 Archim\u00e8de a voyager vers sa spirale\u00a0? &nbsp; &nbsp;<\/p>\n","protected":false},"author":25,"featured_media":0,"parent":222,"menu_order":37,"comment_status":"open","ping_status":"open","template":"fullwide.php","meta":{"ngg_post_thumbnail":0},"_links":{"self":[{"href":"https:\/\/gatito.be\/expo\/wp-json\/wp\/v2\/pages\/552"}],"collection":[{"href":"https:\/\/gatito.be\/expo\/wp-json\/wp\/v2\/pages"}],"about":[{"href":"https:\/\/gatito.be\/expo\/wp-json\/wp\/v2\/types\/page"}],"author":[{"embeddable":true,"href":"https:\/\/gatito.be\/expo\/wp-json\/wp\/v2\/users\/25"}],"replies":[{"embeddable":true,"href":"https:\/\/gatito.be\/expo\/wp-json\/wp\/v2\/comments?post=552"}],"version-history":[{"count":4,"href":"https:\/\/gatito.be\/expo\/wp-json\/wp\/v2\/pages\/552\/revisions"}],"predecessor-version":[{"id":620,"href":"https:\/\/gatito.be\/expo\/wp-json\/wp\/v2\/pages\/552\/revisions\/620"}],"up":[{"embeddable":true,"href":"https:\/\/gatito.be\/expo\/wp-json\/wp\/v2\/pages\/222"}],"wp:attachment":[{"href":"https:\/\/gatito.be\/expo\/wp-json\/wp\/v2\/media?parent=552"}],"curies":[{"name":"wp","href":"https:\/\/api.w.org\/{rel}","templated":true}]}}