{"id":540,"date":"2014-01-26T20:41:41","date_gmt":"2014-01-26T19:41:41","guid":{"rendered":"https:\/\/gatito.be\/expo\/?page_id=540"},"modified":"2014-01-26T20:41:41","modified_gmt":"2014-01-26T19:41:41","slug":"van-der-auwera-bob","status":"publish","type":"page","link":"https:\/\/gatito.be\/expo\/artistes-exposants\/van-der-auwera-bob\/","title":{"rendered":"VAN der AUWERA  Bob"},"content":{"rendered":"<p>Professeur de sculpture \u00e0 l\u2019Acad\u00e9mie des Arts de Bruxelles<\/p>\n<p>bob.vanderauwera@gmail.com<br \/>\nwww.bobvanderauwera.be<\/p>\n<p>\u0152uvre(s) pr\u00e9sent\u00e9e(s)<\/p>\n<p>Cic\u00e9ron, c&rsquo;est pas carr\u00e9\u2026 2011<br \/>\nAcier oxyd\u00e9 (et stabilis\u00e9) 73 x 74 x 15 cm<\/p>\n<p><a href=\"https:\/\/gatito.be\/expo\/wp-content\/uploads\/2014\/01\/Vander-Auwera-Bob-Cice\u0301ron-cest-pas-carre\u0301-.-.-.-.jpg\" rel=\"lightbox[540]\"><img loading=\"lazy\" class=\"alignnone size-medium wp-image-542\" alt=\"Vander Auwera Bob Cice\u0301ron, c'est pas carre\u0301 . . .\" src=\"https:\/\/gatito.be\/expo\/wp-content\/uploads\/2014\/01\/Vander-Auwera-Bob-Cice\u0301ron-cest-pas-carre\u0301-.-.-.--277x300.jpg\" width=\"277\" height=\"300\" srcset=\"https:\/\/gatito.be\/expo\/wp-content\/uploads\/2014\/01\/Vander-Auwera-Bob-Cice\u0301ron-cest-pas-carre\u0301-.-.-.--277x300.jpg 277w, https:\/\/gatito.be\/expo\/wp-content\/uploads\/2014\/01\/Vander-Auwera-Bob-Cice\u0301ron-cest-pas-carre\u0301-.-.-.-.jpg 338w\" sizes=\"(max-width: 277px) 100vw, 277px\" \/><\/a><\/p>\n<p>Le rond \u00e9tait rarement pr\u00e9sent dans la d\u00e9marche de Bob Van der Auwera :\u00a0il est principalement connu pour ses sculptures &#8211; en acier oxyd\u00e9 &#8211; dont les formes \u00e9tablissent des liens avec le cube, le carr\u00e9 et leurs d\u00e9clinaisons.<\/p>\n<p>On lui doit les expositions\u00a0 \u00ab\u00a0Le Cube au Carr\u00e9\u00a0\u00bb et \u00ab\u00a0Cube &amp; Square\u00a0\u00bb qui &#8211; \u00e0 partir de 2008 \u2013 ont \u00e9t\u00e9 montr\u00e9es dans dix mus\u00e9es et institutions culturelles (*).<\/p>\n<p>En 2011, une sculpture voyait le jour dans son atelier, affirmant clairement la pr\u00e9sence d&rsquo;un rond, en connivence avec des carr\u00e9s . . .<\/p>\n<p>\u00ab\u00a0Cic\u00e9ron, c&rsquo;est pas carr\u00e9 . . . \u00a0\u00bb <i>(ou, pour ses proches : \u00ab\u00a0Cic\u00e9ron, j&rsquo;suis pas carr\u00e9 . . . \u00a0\u00bb \u00a0!! ) <\/i>a ouvert la porte \u00e0 d&rsquo;autres sculptures dans lesquelles carr\u00e9s et ronds rentrent en dialogue :\u00a0les \u00ab\u00a0Focus\u00a0\u00bb tout d&rsquo;abord, les \u00ab\u00a0Circle \/ Square \u00a0\u00bb ensuite<\/p>\n<p>(*)<i> Plus de cent artistes des ann\u00e9es &rsquo;20 \u00e0 nos jours repr\u00e9sent\u00e9s par quelques 250 oeuvres<\/i><\/p>\n","protected":false},"excerpt":{"rendered":"<p>Professeur de sculpture \u00e0 l\u2019Acad\u00e9mie des Arts de Bruxelles bob.vanderauwera@gmail.com www.bobvanderauwera.be \u0152uvre(s) pr\u00e9sent\u00e9e(s) Cic\u00e9ron, c&rsquo;est pas carr\u00e9\u2026 2011 Acier oxyd\u00e9 (et stabilis\u00e9) 73 x 74 x 15 cm Le rond \u00e9tait rarement pr\u00e9sent dans la d\u00e9marche de Bob Van der Auwera :\u00a0il est principalement connu pour ses sculptures &#8211; en acier oxyd\u00e9 &#8211; dont les formes \u00e9tablissent des liens avec le cube, le carr\u00e9 et leurs d\u00e9clinaisons. On lui doit les expositions\u00a0 \u00ab\u00a0Le Cube au Carr\u00e9\u00a0\u00bb et \u00ab\u00a0Cube &amp; Square\u00a0\u00bb qui &#8211; \u00e0 partir de 2008 \u2013 ont \u00e9t\u00e9 montr\u00e9es dans dix mus\u00e9es et institutions culturelles (*). En 2011, une<a href=\"https:\/\/gatito.be\/expo\/artistes-exposants\/van-der-auwera-bob\/\">&nbsp;&nbsp;[ Suite&#8230; ]<\/a><\/p>\n","protected":false},"author":25,"featured_media":0,"parent":222,"menu_order":35,"comment_status":"open","ping_status":"open","template":"fullwide.php","meta":{"ngg_post_thumbnail":0},"_links":{"self":[{"href":"https:\/\/gatito.be\/expo\/wp-json\/wp\/v2\/pages\/540"}],"collection":[{"href":"https:\/\/gatito.be\/expo\/wp-json\/wp\/v2\/pages"}],"about":[{"href":"https:\/\/gatito.be\/expo\/wp-json\/wp\/v2\/types\/page"}],"author":[{"embeddable":true,"href":"https:\/\/gatito.be\/expo\/wp-json\/wp\/v2\/users\/25"}],"replies":[{"embeddable":true,"href":"https:\/\/gatito.be\/expo\/wp-json\/wp\/v2\/comments?post=540"}],"version-history":[{"count":4,"href":"https:\/\/gatito.be\/expo\/wp-json\/wp\/v2\/pages\/540\/revisions"}],"predecessor-version":[{"id":621,"href":"https:\/\/gatito.be\/expo\/wp-json\/wp\/v2\/pages\/540\/revisions\/621"}],"up":[{"embeddable":true,"href":"https:\/\/gatito.be\/expo\/wp-json\/wp\/v2\/pages\/222"}],"wp:attachment":[{"href":"https:\/\/gatito.be\/expo\/wp-json\/wp\/v2\/media?parent=540"}],"curies":[{"name":"wp","href":"https:\/\/api.w.org\/{rel}","templated":true}]}}