{"id":535,"date":"2014-01-26T20:40:28","date_gmt":"2014-01-26T19:40:28","guid":{"rendered":"https:\/\/gatito.be\/expo\/?page_id=535"},"modified":"2014-01-26T20:40:28","modified_gmt":"2014-01-26T19:40:28","slug":"van-craen-anne-marie","status":"publish","type":"page","link":"https:\/\/gatito.be\/expo\/artistes-exposants\/van-craen-anne-marie\/","title":{"rendered":"VAN CRAEN Anne Marie"},"content":{"rendered":"<p>Calligraphie japonaise<\/p>\n<p><a href=\"mailto:annemarie@calligraphie-du-japon.be\">annemarie@calligraphie-du-japon.be<br \/>\n<\/a><a href=\"http:\/\/www.calligraphie-du-japon.be\/\">www.calligraphie-du-japon.be<\/a><br \/>\n<a href=\"http:\/\/www.artquid.com\/annemarievancraen\">www.artquid.com\/annemarievancraen<\/a><\/p>\n<p>\u0152uvre(s) pr\u00e9sent\u00e9e(s)<\/p>\n<p>1. Du vide \u00e0 l\u2019infini, 2013<br \/>\nEncre sur papier japon maroufl\u00e9 sur toile mont\u00e9e sur chassis, 120 x 80 cm<\/p>\n<p><a href=\"https:\/\/gatito.be\/expo\/wp-content\/uploads\/2014\/01\/A.M-Van-Craen-Le-vide.jpg\" rel=\"lightbox[535]\"><img loading=\"lazy\" class=\"alignnone size-medium wp-image-537\" alt=\"A.M Van Craen - Le vide\" src=\"https:\/\/gatito.be\/expo\/wp-content\/uploads\/2014\/01\/A.M-Van-Craen-Le-vide-192x300.jpg\" width=\"192\" height=\"300\" srcset=\"https:\/\/gatito.be\/expo\/wp-content\/uploads\/2014\/01\/A.M-Van-Craen-Le-vide-192x300.jpg 192w, https:\/\/gatito.be\/expo\/wp-content\/uploads\/2014\/01\/A.M-Van-Craen-Le-vide-657x1024.jpg 657w\" sizes=\"(max-width: 192px) 100vw, 192px\" \/><\/a><\/p>\n<p>&nbsp;<\/p>\n<p>&nbsp;<\/p>\n<p>2. Le nombre-lettre, 2013<br \/>\nEncre sur papier japon maroufl\u00e9 sur toile mont\u00e9e sur chassis, 50 x 100 cm<\/p>\n<p><a href=\"https:\/\/gatito.be\/expo\/wp-content\/uploads\/2014\/01\/A.M-Van-Craen-Le-nombre-lettre-50-100-cm.jpg\" rel=\"lightbox[535]\"><img loading=\"lazy\" class=\"alignnone size-medium wp-image-538\" alt=\"A.M Van Craen -Le nombre-lettre 50-100 cm\" src=\"https:\/\/gatito.be\/expo\/wp-content\/uploads\/2014\/01\/A.M-Van-Craen-Le-nombre-lettre-50-100-cm-148x300.jpg\" width=\"148\" height=\"300\" srcset=\"https:\/\/gatito.be\/expo\/wp-content\/uploads\/2014\/01\/A.M-Van-Craen-Le-nombre-lettre-50-100-cm-148x300.jpg 148w, https:\/\/gatito.be\/expo\/wp-content\/uploads\/2014\/01\/A.M-Van-Craen-Le-nombre-lettre-50-100-cm-506x1024.jpg 506w, https:\/\/gatito.be\/expo\/wp-content\/uploads\/2014\/01\/A.M-Van-Craen-Le-nombre-lettre-50-100-cm.jpg 900w\" sizes=\"(max-width: 148px) 100vw, 148px\" \/><\/a><\/p>\n<p>&nbsp;<\/p>\n<p>&nbsp;<\/p>\n","protected":false},"excerpt":{"rendered":"<p>Calligraphie japonaise annemarie@calligraphie-du-japon.be www.calligraphie-du-japon.be www.artquid.com\/annemarievancraen \u0152uvre(s) pr\u00e9sent\u00e9e(s) 1. Du vide \u00e0 l\u2019infini, 2013 Encre sur papier japon maroufl\u00e9 sur toile mont\u00e9e sur chassis, 120 x 80 cm &nbsp; &nbsp; 2. Le nombre-lettre, 2013 Encre sur papier japon maroufl\u00e9 sur toile mont\u00e9e sur chassis, 50 x 100 cm &nbsp; &nbsp;<\/p>\n","protected":false},"author":25,"featured_media":0,"parent":222,"menu_order":34,"comment_status":"open","ping_status":"open","template":"fullwide.php","meta":{"ngg_post_thumbnail":0},"_links":{"self":[{"href":"https:\/\/gatito.be\/expo\/wp-json\/wp\/v2\/pages\/535"}],"collection":[{"href":"https:\/\/gatito.be\/expo\/wp-json\/wp\/v2\/pages"}],"about":[{"href":"https:\/\/gatito.be\/expo\/wp-json\/wp\/v2\/types\/page"}],"author":[{"embeddable":true,"href":"https:\/\/gatito.be\/expo\/wp-json\/wp\/v2\/users\/25"}],"replies":[{"embeddable":true,"href":"https:\/\/gatito.be\/expo\/wp-json\/wp\/v2\/comments?post=535"}],"version-history":[{"count":3,"href":"https:\/\/gatito.be\/expo\/wp-json\/wp\/v2\/pages\/535\/revisions"}],"predecessor-version":[{"id":611,"href":"https:\/\/gatito.be\/expo\/wp-json\/wp\/v2\/pages\/535\/revisions\/611"}],"up":[{"embeddable":true,"href":"https:\/\/gatito.be\/expo\/wp-json\/wp\/v2\/pages\/222"}],"wp:attachment":[{"href":"https:\/\/gatito.be\/expo\/wp-json\/wp\/v2\/media?parent=535"}],"curies":[{"name":"wp","href":"https:\/\/api.w.org\/{rel}","templated":true}]}}