{"id":528,"date":"2014-01-26T20:39:49","date_gmt":"2014-01-26T19:39:49","guid":{"rendered":"https:\/\/gatito.be\/expo\/?page_id=528"},"modified":"2014-01-26T20:39:49","modified_gmt":"2014-01-26T19:39:49","slug":"uyttebrouck-eric","status":"publish","type":"page","link":"https:\/\/gatito.be\/expo\/artistes-exposants\/uyttebrouck-eric\/","title":{"rendered":"UYTTEBROUCK  Eric"},"content":{"rendered":"<p>Infographie<\/p>\n<p>euyttebrouck@admin.ulb.ac.be<\/p>\n<p>\u0152uvre(s) pr\u00e9sent\u00e9e(s)<\/p>\n<p>1. Sorite I (Les be\u0301be\u0301s sont illogiques). 2013<br \/>\nInfographie (photomontage), impression sur toile. 80 x 80 cm<a href=\"https:\/\/gatito.be\/expo\/wp-content\/uploads\/2014\/01\/Uyttebrouck_les-be\u0301be\u0301s-sont-illogiques.png\" rel=\"lightbox[528]\"><img loading=\"lazy\" class=\"alignnone size-medium wp-image-531\" alt=\"Uyttebrouck_les be\u0301be\u0301s sont illogiques\" src=\"https:\/\/gatito.be\/expo\/wp-content\/uploads\/2014\/01\/Uyttebrouck_les-be\u0301be\u0301s-sont-illogiques-300x300.png\" width=\"300\" height=\"300\" srcset=\"https:\/\/gatito.be\/expo\/wp-content\/uploads\/2014\/01\/Uyttebrouck_les-be\u0301be\u0301s-sont-illogiques-300x300.png 300w, https:\/\/gatito.be\/expo\/wp-content\/uploads\/2014\/01\/Uyttebrouck_les-be\u0301be\u0301s-sont-illogiques-150x150.png 150w, https:\/\/gatito.be\/expo\/wp-content\/uploads\/2014\/01\/Uyttebrouck_les-be\u0301be\u0301s-sont-illogiques.png 1000w\" sizes=\"(max-width: 300px) 100vw, 300px\" \/><\/a><\/p>\n<p>&nbsp;<\/p>\n<p>2. Sorite II (Aucun chaton qui aime le poisson n&rsquo;est r\u00e9fractaire \u00e0 l&rsquo;\u00e9tude). 2013<br \/>\nInfographie (photomontage), impression sur toile. 80 x 80 cm<\/p>\n<p><a href=\"https:\/\/gatito.be\/expo\/wp-content\/uploads\/2014\/01\/Uyttebrouck_-Aucun-chaton-qui-aime-le-poisson-nest-re\u0301fractaire-a\u0300-le\u0301tude.png\" rel=\"lightbox[528]\"><img loading=\"lazy\" class=\"alignnone size-medium wp-image-533\" alt=\"Uyttebrouck_ Aucun chaton qui aime le poisson n'est re\u0301fractaire a\u0300 l'e\u0301tude\" src=\"https:\/\/gatito.be\/expo\/wp-content\/uploads\/2014\/01\/Uyttebrouck_-Aucun-chaton-qui-aime-le-poisson-nest-re\u0301fractaire-a\u0300-le\u0301tude-300x300.png\" width=\"300\" height=\"300\" srcset=\"https:\/\/gatito.be\/expo\/wp-content\/uploads\/2014\/01\/Uyttebrouck_-Aucun-chaton-qui-aime-le-poisson-nest-re\u0301fractaire-a\u0300-le\u0301tude-300x300.png 300w, https:\/\/gatito.be\/expo\/wp-content\/uploads\/2014\/01\/Uyttebrouck_-Aucun-chaton-qui-aime-le-poisson-nest-re\u0301fractaire-a\u0300-le\u0301tude-150x150.png 150w, https:\/\/gatito.be\/expo\/wp-content\/uploads\/2014\/01\/Uyttebrouck_-Aucun-chaton-qui-aime-le-poisson-nest-re\u0301fractaire-a\u0300-le\u0301tude.png 1000w\" sizes=\"(max-width: 300px) 100vw, 300px\" \/><\/a><\/p>\n","protected":false},"excerpt":{"rendered":"<p>Infographie euyttebrouck@admin.ulb.ac.be \u0152uvre(s) pr\u00e9sent\u00e9e(s) 1. Sorite I (Les be\u0301be\u0301s sont illogiques). 2013 Infographie (photomontage), impression sur toile. 80 x 80 cm &nbsp; 2. Sorite II (Aucun chaton qui aime le poisson n&rsquo;est r\u00e9fractaire \u00e0 l&rsquo;\u00e9tude). 2013 Infographie (photomontage), impression sur toile. 80 x 80 cm<\/p>\n","protected":false},"author":25,"featured_media":0,"parent":222,"menu_order":33,"comment_status":"open","ping_status":"open","template":"fullwide.php","meta":{"ngg_post_thumbnail":0},"_links":{"self":[{"href":"https:\/\/gatito.be\/expo\/wp-json\/wp\/v2\/pages\/528"}],"collection":[{"href":"https:\/\/gatito.be\/expo\/wp-json\/wp\/v2\/pages"}],"about":[{"href":"https:\/\/gatito.be\/expo\/wp-json\/wp\/v2\/types\/page"}],"author":[{"embeddable":true,"href":"https:\/\/gatito.be\/expo\/wp-json\/wp\/v2\/users\/25"}],"replies":[{"embeddable":true,"href":"https:\/\/gatito.be\/expo\/wp-json\/wp\/v2\/comments?post=528"}],"version-history":[{"count":5,"href":"https:\/\/gatito.be\/expo\/wp-json\/wp\/v2\/pages\/528\/revisions"}],"predecessor-version":[{"id":610,"href":"https:\/\/gatito.be\/expo\/wp-json\/wp\/v2\/pages\/528\/revisions\/610"}],"up":[{"embeddable":true,"href":"https:\/\/gatito.be\/expo\/wp-json\/wp\/v2\/pages\/222"}],"wp:attachment":[{"href":"https:\/\/gatito.be\/expo\/wp-json\/wp\/v2\/media?parent=528"}],"curies":[{"name":"wp","href":"https:\/\/api.w.org\/{rel}","templated":true}]}}