{"id":523,"date":"2014-01-26T20:38:11","date_gmt":"2014-01-26T19:38:11","guid":{"rendered":"https:\/\/gatito.be\/expo\/?page_id=523"},"modified":"2014-01-26T20:38:11","modified_gmt":"2014-01-26T19:38:11","slug":"szasz-saxon-janos","status":"publish","type":"page","link":"https:\/\/gatito.be\/expo\/artistes-exposants\/szasz-saxon-janos\/","title":{"rendered":"SZASZ SAXON Janos"},"content":{"rendered":"<p>Peintre, sculpteur<\/p>\n<p><a href=\"mailto:saxon-szasz@invitel.hu\">saxon-szasz@invitel.hu<\/a><br \/>\n<a href=\"http:\/\/www.saxon-szasz.hu\">www.saxon-szasz.hu<\/a><\/p>\n<p>\u0152uvre(s) pr\u00e9sent\u00e9e(s)<\/p>\n<p>1. POP-Juliska, 2012<br \/>\nHuile et toile, 110 x 110 cm<\/p>\n<p><a href=\"https:\/\/gatito.be\/expo\/wp-content\/uploads\/2014\/01\/SAXON_POP-Juliska_2012.jpg\" rel=\"lightbox[523]\"><img loading=\"lazy\" class=\"alignnone size-medium wp-image-524\" alt=\"SAXON_POP-Juliska_2012\" src=\"https:\/\/gatito.be\/expo\/wp-content\/uploads\/2014\/01\/SAXON_POP-Juliska_2012-300x298.jpg\" width=\"300\" height=\"298\" srcset=\"https:\/\/gatito.be\/expo\/wp-content\/uploads\/2014\/01\/SAXON_POP-Juliska_2012-300x298.jpg 300w, https:\/\/gatito.be\/expo\/wp-content\/uploads\/2014\/01\/SAXON_POP-Juliska_2012-150x150.jpg 150w, https:\/\/gatito.be\/expo\/wp-content\/uploads\/2014\/01\/SAXON_POP-Juliska_2012-1024x1019.jpg 1024w, https:\/\/gatito.be\/expo\/wp-content\/uploads\/2014\/01\/SAXON_POP-Juliska_2012.jpg 1772w\" sizes=\"(max-width: 300px) 100vw, 300px\" \/><\/a><\/p>\n<p>2. POP-Mariska, 2012<br \/>\nHuile et bois, 110 x 110 cm<\/p>\n<p><a href=\"https:\/\/gatito.be\/expo\/wp-content\/uploads\/2014\/01\/SAXON_POP-Mariska_2012.jpg\" rel=\"lightbox[523]\"><img loading=\"lazy\" class=\"alignnone size-medium wp-image-526\" alt=\"SAXON_POP-Mariska_2012\" src=\"https:\/\/gatito.be\/expo\/wp-content\/uploads\/2014\/01\/SAXON_POP-Mariska_2012-300x300.jpg\" width=\"300\" height=\"300\" srcset=\"https:\/\/gatito.be\/expo\/wp-content\/uploads\/2014\/01\/SAXON_POP-Mariska_2012-300x300.jpg 300w, https:\/\/gatito.be\/expo\/wp-content\/uploads\/2014\/01\/SAXON_POP-Mariska_2012-150x150.jpg 150w, https:\/\/gatito.be\/expo\/wp-content\/uploads\/2014\/01\/SAXON_POP-Mariska_2012.jpg 945w\" sizes=\"(max-width: 300px) 100vw, 300px\" \/><\/a><\/p>\n","protected":false},"excerpt":{"rendered":"<p>Peintre, sculpteur saxon-szasz@invitel.hu www.saxon-szasz.hu \u0152uvre(s) pr\u00e9sent\u00e9e(s) 1. POP-Juliska, 2012 Huile et toile, 110 x 110 cm 2. POP-Mariska, 2012 Huile et bois, 110 x 110 cm<\/p>\n","protected":false},"author":25,"featured_media":0,"parent":222,"menu_order":32,"comment_status":"open","ping_status":"open","template":"fullwide.php","meta":{"ngg_post_thumbnail":0},"_links":{"self":[{"href":"https:\/\/gatito.be\/expo\/wp-json\/wp\/v2\/pages\/523"}],"collection":[{"href":"https:\/\/gatito.be\/expo\/wp-json\/wp\/v2\/pages"}],"about":[{"href":"https:\/\/gatito.be\/expo\/wp-json\/wp\/v2\/types\/page"}],"author":[{"embeddable":true,"href":"https:\/\/gatito.be\/expo\/wp-json\/wp\/v2\/users\/25"}],"replies":[{"embeddable":true,"href":"https:\/\/gatito.be\/expo\/wp-json\/wp\/v2\/comments?post=523"}],"version-history":[{"count":3,"href":"https:\/\/gatito.be\/expo\/wp-json\/wp\/v2\/pages\/523\/revisions"}],"predecessor-version":[{"id":609,"href":"https:\/\/gatito.be\/expo\/wp-json\/wp\/v2\/pages\/523\/revisions\/609"}],"up":[{"embeddable":true,"href":"https:\/\/gatito.be\/expo\/wp-json\/wp\/v2\/pages\/222"}],"wp:attachment":[{"href":"https:\/\/gatito.be\/expo\/wp-json\/wp\/v2\/media?parent=523"}],"curies":[{"name":"wp","href":"https:\/\/api.w.org\/{rel}","templated":true}]}}