{"id":516,"date":"2014-01-26T20:37:18","date_gmt":"2014-01-26T19:37:18","guid":{"rendered":"https:\/\/gatito.be\/expo\/?page_id=516"},"modified":"2014-01-26T20:37:18","modified_gmt":"2014-01-26T19:37:18","slug":"somers-francine","status":"publish","type":"page","link":"https:\/\/gatito.be\/expo\/artistes-exposants\/somers-francine\/","title":{"rendered":"SOMERS  Francine"},"content":{"rendered":"<p>Peinture<\/p>\n<p>\u0152uvre(s) pr\u00e9sent\u00e9e(s)<\/p>\n<p>Feu et couleur, 2013<br \/>\nHuile sur panneau, 32 x 42 cm<\/p>\n<p>&nbsp;<\/p>\n<p><a href=\"https:\/\/gatito.be\/expo\/wp-content\/uploads\/2014\/01\/Somers.jpg\" rel=\"lightbox[516]\"><img loading=\"lazy\" class=\"alignnone size-medium wp-image-519\" alt=\"Somers\" src=\"https:\/\/gatito.be\/expo\/wp-content\/uploads\/2014\/01\/Somers-300x200.jpg\" width=\"300\" height=\"200\" srcset=\"https:\/\/gatito.be\/expo\/wp-content\/uploads\/2014\/01\/Somers-300x200.jpg 300w, https:\/\/gatito.be\/expo\/wp-content\/uploads\/2014\/01\/Somers.jpg 480w\" sizes=\"(max-width: 300px) 100vw, 300px\" \/><\/a><\/p>\n","protected":false},"excerpt":{"rendered":"<p>Peinture \u0152uvre(s) pr\u00e9sent\u00e9e(s) Feu et couleur, 2013 Huile sur panneau, 32 x 42 cm &nbsp;<\/p>\n","protected":false},"author":25,"featured_media":0,"parent":222,"menu_order":31,"comment_status":"open","ping_status":"open","template":"fullwide.php","meta":{"ngg_post_thumbnail":0},"_links":{"self":[{"href":"https:\/\/gatito.be\/expo\/wp-json\/wp\/v2\/pages\/516"}],"collection":[{"href":"https:\/\/gatito.be\/expo\/wp-json\/wp\/v2\/pages"}],"about":[{"href":"https:\/\/gatito.be\/expo\/wp-json\/wp\/v2\/types\/page"}],"author":[{"embeddable":true,"href":"https:\/\/gatito.be\/expo\/wp-json\/wp\/v2\/users\/25"}],"replies":[{"embeddable":true,"href":"https:\/\/gatito.be\/expo\/wp-json\/wp\/v2\/comments?post=516"}],"version-history":[{"count":3,"href":"https:\/\/gatito.be\/expo\/wp-json\/wp\/v2\/pages\/516\/revisions"}],"predecessor-version":[{"id":608,"href":"https:\/\/gatito.be\/expo\/wp-json\/wp\/v2\/pages\/516\/revisions\/608"}],"up":[{"embeddable":true,"href":"https:\/\/gatito.be\/expo\/wp-json\/wp\/v2\/pages\/222"}],"wp:attachment":[{"href":"https:\/\/gatito.be\/expo\/wp-json\/wp\/v2\/media?parent=516"}],"curies":[{"name":"wp","href":"https:\/\/api.w.org\/{rel}","templated":true}]}}