{"id":510,"date":"2014-01-26T20:11:49","date_gmt":"2014-01-26T19:11:49","guid":{"rendered":"https:\/\/gatito.be\/expo\/?page_id=510"},"modified":"2014-01-27T22:23:06","modified_gmt":"2014-01-27T21:23:06","slug":"sdralevich-teresa","status":"publish","type":"page","link":"https:\/\/gatito.be\/expo\/artistes-exposants\/sdralevich-teresa\/","title":{"rendered":"SDRALEVICH Teresa"},"content":{"rendered":"<p>Illustration, graphisme, s\u00e9rigraphie<\/p>\n<p><a href=\"mailto:mail@teresasdralevich.net\">mail@teresasdralevich.net<\/a><br \/>\n<a href=\"http:\/\/www.teresasdralevich.net\">www.teresasdralevich.net<\/a><\/p>\n<p>\u0152uvre(s) pr\u00e9sent\u00e9e(s)<\/p>\n<p>Je vous \u00e9cris de&#8230; 2009\u00a0 (2<sup>e<\/sup> Prix Folon 2009)<br \/>\nAffiche, s\u00e9rigraphie sur papier. 70 x 100 cm<\/p>\n<p><a href=\"https:\/\/gatito.be\/expo\/wp-content\/uploads\/2014\/01\/tsdralevich-spirale.png\" rel=\"lightbox[510]\"><img loading=\"lazy\" class=\"alignnone size-medium wp-image-1741\" alt=\"\" src=\"https:\/\/gatito.be\/expo\/wp-content\/uploads\/2014\/01\/tsdralevich-spirale-224x300.png\" width=\"224\" height=\"300\" srcset=\"https:\/\/gatito.be\/expo\/wp-content\/uploads\/2014\/01\/tsdralevich-spirale-224x300.png 224w, https:\/\/gatito.be\/expo\/wp-content\/uploads\/2014\/01\/tsdralevich-spirale.png 449w\" sizes=\"(max-width: 224px) 100vw, 224px\" \/><\/a><\/p>\n","protected":false},"excerpt":{"rendered":"<p>Illustration, graphisme, s\u00e9rigraphie mail@teresasdralevich.net www.teresasdralevich.net \u0152uvre(s) pr\u00e9sent\u00e9e(s) Je vous \u00e9cris de&#8230; 2009\u00a0 (2e Prix Folon 2009) Affiche, s\u00e9rigraphie sur papier. 70 x 100 cm<\/p>\n","protected":false},"author":25,"featured_media":0,"parent":222,"menu_order":30,"comment_status":"open","ping_status":"open","template":"fullwide.php","meta":{"ngg_post_thumbnail":0},"_links":{"self":[{"href":"https:\/\/gatito.be\/expo\/wp-json\/wp\/v2\/pages\/510"}],"collection":[{"href":"https:\/\/gatito.be\/expo\/wp-json\/wp\/v2\/pages"}],"about":[{"href":"https:\/\/gatito.be\/expo\/wp-json\/wp\/v2\/types\/page"}],"author":[{"embeddable":true,"href":"https:\/\/gatito.be\/expo\/wp-json\/wp\/v2\/users\/25"}],"replies":[{"embeddable":true,"href":"https:\/\/gatito.be\/expo\/wp-json\/wp\/v2\/comments?post=510"}],"version-history":[{"count":5,"href":"https:\/\/gatito.be\/expo\/wp-json\/wp\/v2\/pages\/510\/revisions"}],"predecessor-version":[{"id":1743,"href":"https:\/\/gatito.be\/expo\/wp-json\/wp\/v2\/pages\/510\/revisions\/1743"}],"up":[{"embeddable":true,"href":"https:\/\/gatito.be\/expo\/wp-json\/wp\/v2\/pages\/222"}],"wp:attachment":[{"href":"https:\/\/gatito.be\/expo\/wp-json\/wp\/v2\/media?parent=510"}],"curies":[{"name":"wp","href":"https:\/\/api.w.org\/{rel}","templated":true}]}}