{"id":497,"date":"2014-01-26T20:04:40","date_gmt":"2014-01-26T19:04:40","guid":{"rendered":"https:\/\/gatito.be\/expo\/?page_id=497"},"modified":"2014-02-05T19:18:32","modified_gmt":"2014-02-05T18:18:32","slug":"picard-bruno","status":"publish","type":"page","link":"https:\/\/gatito.be\/expo\/artistes-exposants\/picard-bruno\/","title":{"rendered":"PICARD  Bruno"},"content":{"rendered":"<p>Amateur de sculpture sur pierre\u00a0 et sur bois (toutes formes )\u00a0 et vitrail; a\u00a0 suivi des cours chez Paty Sonville, chez Hugo Morales et chez Gerald Dederen.<\/p>\n<p><a href=\"mailto:picardbruno@skynet.be\">picardbruno@skynet.be<\/a><\/p>\n<p>\u0152uvre(s) pr\u00e9sent\u00e9e(s)<\/p>\n<p>\u00ab\u00a0et puis vint la gravit\u00e9 &#8230;\u00a0\u00bb<\/p>\n<p><a href=\"https:\/\/gatito.be\/expo\/wp-content\/uploads\/2014\/01\/Picard.jpg\" rel=\"lightbox[497]\"><img loading=\"lazy\" class=\"alignnone size-medium wp-image-1719\" alt=\"Picard\" src=\"https:\/\/gatito.be\/expo\/wp-content\/uploads\/2014\/01\/Picard-300x200.jpg\" width=\"300\" height=\"200\" srcset=\"https:\/\/gatito.be\/expo\/wp-content\/uploads\/2014\/01\/Picard-300x200.jpg 300w, https:\/\/gatito.be\/expo\/wp-content\/uploads\/2014\/01\/Picard.jpg 640w\" sizes=\"(max-width: 300px) 100vw, 300px\" \/><\/a><\/p>\n<p>Tu pourrais me faire une sculpture &#8230;sur les maths !\u00a0 Demande de Gis\u00e8le .<br \/>\nTotale incompr\u00e9hension de ma part ! d&rsquo;o\u00f9 demande d&rsquo;explication !<br \/>\nIl y a deux fois trois points A,B,C\u00a0 et 1,2,3 et quand on les relie de n&rsquo;importe quelle fa\u00e7on dans le plan horizontal il y a toujours un lien qui se recoupe avec un autre. C&rsquo;est comme \u00e7a, c&rsquo;est math\u00e9matique, d&rsquo;ailleurs il y a une loi pour cela ( ne me demandez pas laquelle je l&rsquo;ai oubli\u00e9e depuis tr\u00e8s tr\u00e8s longtemps &#8211; remarque personnelle de l&rsquo;auteur )\u00a0 mais,\u00a0 si on part sur une surface du genre \u00ab\u00a0tore\u00a0\u00bb avec un trou comme un pneu),\u00a0 alors tam, tam\u00a0 la liaison manquante se fait en passant par l&rsquo;extr\u00e9mit\u00e9 et en revenant vers le centre . C&rsquo;est tout simplement merveilleux n&rsquo;est il pas\u00a0 &#8230; et c&rsquo;est la troisi\u00e8me dimension ou la gravit\u00e9 ou la profondeur peu m&rsquo;importe apr\u00e8s tout &#8230;qui fait tout le travail.<br \/>\nVoil\u00e0 donc pourquoi ma sculpture est en forme d&rsquo;anneau. Le lien qui ne pouvait se placer dans le plan\u00a0\u00a0 trouve place en passant par dessous et en travers sans toucher aux autres. Voil\u00e0, voil\u00e0<br \/>\nC&rsquo;est quand m\u00eame beau les math\u00e9matiques, non ???<\/p>\n","protected":false},"excerpt":{"rendered":"<p>Amateur de sculpture sur pierre\u00a0 et sur bois (toutes formes )\u00a0 et vitrail; a\u00a0 suivi des cours chez Paty Sonville, chez Hugo Morales et chez Gerald Dederen. picardbruno@skynet.be \u0152uvre(s) pr\u00e9sent\u00e9e(s) \u00ab\u00a0et puis vint la gravit\u00e9 &#8230;\u00a0\u00bb Tu pourrais me faire une sculpture &#8230;sur les maths !\u00a0 Demande de Gis\u00e8le . Totale incompr\u00e9hension de ma part ! d&rsquo;o\u00f9 demande d&rsquo;explication ! Il y a deux fois trois points A,B,C\u00a0 et 1,2,3 et quand on les relie de n&rsquo;importe quelle fa\u00e7on dans le plan horizontal il y a toujours un lien qui se recoupe avec un autre. C&rsquo;est comme \u00e7a, c&rsquo;est math\u00e9matique,<a href=\"https:\/\/gatito.be\/expo\/artistes-exposants\/picard-bruno\/\">&nbsp;&nbsp;[ Suite&#8230; ]<\/a><\/p>\n","protected":false},"author":25,"featured_media":0,"parent":222,"menu_order":26,"comment_status":"open","ping_status":"open","template":"fullwide.php","meta":{"ngg_post_thumbnail":0},"_links":{"self":[{"href":"https:\/\/gatito.be\/expo\/wp-json\/wp\/v2\/pages\/497"}],"collection":[{"href":"https:\/\/gatito.be\/expo\/wp-json\/wp\/v2\/pages"}],"about":[{"href":"https:\/\/gatito.be\/expo\/wp-json\/wp\/v2\/types\/page"}],"author":[{"embeddable":true,"href":"https:\/\/gatito.be\/expo\/wp-json\/wp\/v2\/users\/25"}],"replies":[{"embeddable":true,"href":"https:\/\/gatito.be\/expo\/wp-json\/wp\/v2\/comments?post=497"}],"version-history":[{"count":7,"href":"https:\/\/gatito.be\/expo\/wp-json\/wp\/v2\/pages\/497\/revisions"}],"predecessor-version":[{"id":1777,"href":"https:\/\/gatito.be\/expo\/wp-json\/wp\/v2\/pages\/497\/revisions\/1777"}],"up":[{"embeddable":true,"href":"https:\/\/gatito.be\/expo\/wp-json\/wp\/v2\/pages\/222"}],"wp:attachment":[{"href":"https:\/\/gatito.be\/expo\/wp-json\/wp\/v2\/media?parent=497"}],"curies":[{"name":"wp","href":"https:\/\/api.w.org\/{rel}","templated":true}]}}