{"id":488,"date":"2014-01-26T19:41:57","date_gmt":"2014-01-26T18:41:57","guid":{"rendered":"https:\/\/gatito.be\/expo\/?page_id=488"},"modified":"2014-01-26T19:41:57","modified_gmt":"2014-01-26T18:41:57","slug":"malfait-carakehian-sylvie","status":"publish","type":"page","link":"https:\/\/gatito.be\/expo\/artistes-exposants\/malfait-carakehian-sylvie\/","title":{"rendered":"MALFAIT CARAKEHIAN  Sylvie"},"content":{"rendered":"<p>Peinture<\/p>\n<p><a href=\"mailto:sylviemalfait.carak@gmail.com\">sylviemalfait.carak@gmail.com<\/a><br \/>\n<a href=\"http:\/\/www.sylviemalfait-carak.com\">www.sylviemalfait-carak.com<\/a><\/p>\n<p>\u0152uvre(s) pr\u00e9sent\u00e9e(s)<\/p>\n<p>1. Union sph\u00e9ro\u00e9drique, 2013<br \/>\nAcrylique et huile sur toile, 100 x 100 cm<\/p>\n<p><a href=\"https:\/\/gatito.be\/expo\/wp-content\/uploads\/2014\/01\/Malfait_Union-sphe\u0301roe\u0301drique.jpg\" rel=\"lightbox[488]\"><img loading=\"lazy\" class=\"alignnone size-medium wp-image-490\" alt=\"Malfait_Union sphe\u0301roe\u0301drique\" src=\"https:\/\/gatito.be\/expo\/wp-content\/uploads\/2014\/01\/Malfait_Union-sphe\u0301roe\u0301drique-300x300.jpg\" width=\"300\" height=\"300\" srcset=\"https:\/\/gatito.be\/expo\/wp-content\/uploads\/2014\/01\/Malfait_Union-sphe\u0301roe\u0301drique-300x300.jpg 300w, https:\/\/gatito.be\/expo\/wp-content\/uploads\/2014\/01\/Malfait_Union-sphe\u0301roe\u0301drique-150x150.jpg 150w, https:\/\/gatito.be\/expo\/wp-content\/uploads\/2014\/01\/Malfait_Union-sphe\u0301roe\u0301drique-1024x1024.jpg 1024w\" sizes=\"(max-width: 300px) 100vw, 300px\" \/><\/a><\/p>\n<p>&nbsp;<\/p>\n","protected":false},"excerpt":{"rendered":"<p>Peinture sylviemalfait.carak@gmail.com www.sylviemalfait-carak.com \u0152uvre(s) pr\u00e9sent\u00e9e(s) 1. Union sph\u00e9ro\u00e9drique, 2013 Acrylique et huile sur toile, 100 x 100 cm &nbsp;<\/p>\n","protected":false},"author":25,"featured_media":0,"parent":222,"menu_order":25,"comment_status":"open","ping_status":"open","template":"fullwide.php","meta":{"ngg_post_thumbnail":0},"_links":{"self":[{"href":"https:\/\/gatito.be\/expo\/wp-json\/wp\/v2\/pages\/488"}],"collection":[{"href":"https:\/\/gatito.be\/expo\/wp-json\/wp\/v2\/pages"}],"about":[{"href":"https:\/\/gatito.be\/expo\/wp-json\/wp\/v2\/types\/page"}],"author":[{"embeddable":true,"href":"https:\/\/gatito.be\/expo\/wp-json\/wp\/v2\/users\/25"}],"replies":[{"embeddable":true,"href":"https:\/\/gatito.be\/expo\/wp-json\/wp\/v2\/comments?post=488"}],"version-history":[{"count":5,"href":"https:\/\/gatito.be\/expo\/wp-json\/wp\/v2\/pages\/488\/revisions"}],"predecessor-version":[{"id":736,"href":"https:\/\/gatito.be\/expo\/wp-json\/wp\/v2\/pages\/488\/revisions\/736"}],"up":[{"embeddable":true,"href":"https:\/\/gatito.be\/expo\/wp-json\/wp\/v2\/pages\/222"}],"wp:attachment":[{"href":"https:\/\/gatito.be\/expo\/wp-json\/wp\/v2\/media?parent=488"}],"curies":[{"name":"wp","href":"https:\/\/api.w.org\/{rel}","templated":true}]}}