{"id":484,"date":"2014-01-26T19:39:07","date_gmt":"2014-01-26T18:39:07","guid":{"rendered":"https:\/\/gatito.be\/expo\/?page_id=484"},"modified":"2014-01-26T19:39:07","modified_gmt":"2014-01-26T18:39:07","slug":"luque-sanchez-felix","status":"publish","type":"page","link":"https:\/\/gatito.be\/expo\/artistes-exposants\/luque-sanchez-felix\/","title":{"rendered":"LUQUE SANCHEZ F\u00e9lix"},"content":{"rendered":"<p>Art num\u00e9rique<\/p>\n<p>info@felixluque.com<br \/>\nhttp:\/\/www.felixluque.com<\/p>\n<p>\u0152uvre(s) pr\u00e9sent\u00e9e(s)<\/p>\n<p>&#8211; Dod\u00e9ca\u00e8dre rhombique\u00a0: unit\u00e9 qui fait partie de l\u2019installation \u00ab\u00a0D.W.I\u00a0: Modular\u00a0\u00bb<\/p>\n<div id=\"attachment_486\" style=\"width: 310px\" class=\"wp-caption alignnone\"><a href=\"https:\/\/gatito.be\/expo\/wp-content\/uploads\/2014\/01\/Luque_D.W.I.-Modular.jpg\" rel=\"lightbox[484]\"><img aria-describedby=\"caption-attachment-486\" loading=\"lazy\" class=\"size-medium wp-image-486\" alt=\"Modular\" src=\"https:\/\/gatito.be\/expo\/wp-content\/uploads\/2014\/01\/Luque_D.W.I.-Modular-300x199.jpg\" width=\"300\" height=\"199\" srcset=\"https:\/\/gatito.be\/expo\/wp-content\/uploads\/2014\/01\/Luque_D.W.I.-Modular-300x199.jpg 300w, https:\/\/gatito.be\/expo\/wp-content\/uploads\/2014\/01\/Luque_D.W.I.-Modular.jpg 720w\" sizes=\"(max-width: 300px) 100vw, 300px\" \/><\/a><p id=\"caption-attachment-486\" class=\"wp-caption-text\">Modular<\/p><\/div>\n<p>&#8211; Dod\u00e9ca\u00e8dre r\u00e9gulier\u00a0: vid\u00e9os faisant partie de l\u00a0\u2018installation\u00a0\u00ab\u00a0Chapter I: The Discovery\u00a0\u00bb<\/p>\n<p>&nbsp;<\/p>\n<p>Les formes g\u00e9om\u00e9triques sont r\u00e9currentes dans les installations de Felix Luque Sanchez. Elles constituent des entit\u00e9s de science fiction qui g\u00e9n\u00e8rent des comportements lumineux et sonores en r\u00e9action \u00e0 la pr\u00e9sence et au mouvement qu\u2019elles d\u00e9tectent dans leurs alentours.<\/p>\n<p>&nbsp;<\/p>\n<p>Dans \u00ab\u00a0Chapter I\u00a0: The Discovery\u00a0\u00bb (2009) l\u2019artiste utilise le dod\u00e9ca\u00e8dre r\u00e9gulier, une r\u00e9f\u00e9rence \u00e0 la pens\u00e9e platonicienne.<\/p>\n<p>&nbsp;<\/p>\n<p>Dans \u00abD.W.I\u00a0: Modular\u00a0\u00bb (2013) il s\u2019int\u00e9resse a un autre poly\u00e8dre, le dod\u00e9ca\u00e8dre rhombique, et plus concr\u00e8tement, \u00e0 sa capacit\u00e9 de produire du pavage tridimensionnel. En exploitant cette propri\u00e9t\u00e9 g\u00e9om\u00e9trique, l\u2019artiste\u00a0 a con\u00e7u un syst\u00e8me g\u00e9n\u00e9rateur de formes ou sculptures, gr\u00e2ce a un syst\u00e8me d\u2019assemblages physiques (aimants) et \u00e9lectroniques.<\/p>\n","protected":false},"excerpt":{"rendered":"<p>Art num\u00e9rique info@felixluque.com http:\/\/www.felixluque.com \u0152uvre(s) pr\u00e9sent\u00e9e(s) &#8211; Dod\u00e9ca\u00e8dre rhombique\u00a0: unit\u00e9 qui fait partie de l\u2019installation \u00ab\u00a0D.W.I\u00a0: Modular\u00a0\u00bb &#8211; Dod\u00e9ca\u00e8dre r\u00e9gulier\u00a0: vid\u00e9os faisant partie de l\u00a0\u2018installation\u00a0\u00ab\u00a0Chapter I: The Discovery\u00a0\u00bb &nbsp; Les formes g\u00e9om\u00e9triques sont r\u00e9currentes dans les installations de Felix Luque Sanchez. Elles constituent des entit\u00e9s de science fiction qui g\u00e9n\u00e8rent des comportements lumineux et sonores en r\u00e9action \u00e0 la pr\u00e9sence et au mouvement qu\u2019elles d\u00e9tectent dans leurs alentours. &nbsp; Dans \u00ab\u00a0Chapter I\u00a0: The Discovery\u00a0\u00bb (2009) l\u2019artiste utilise le dod\u00e9ca\u00e8dre r\u00e9gulier, une r\u00e9f\u00e9rence \u00e0 la pens\u00e9e platonicienne. &nbsp; Dans \u00abD.W.I\u00a0: Modular\u00a0\u00bb (2013) il s\u2019int\u00e9resse a un autre poly\u00e8dre, le dod\u00e9ca\u00e8dre rhombique,<a href=\"https:\/\/gatito.be\/expo\/artistes-exposants\/luque-sanchez-felix\/\">&nbsp;&nbsp;[ Suite&#8230; ]<\/a><\/p>\n","protected":false},"author":25,"featured_media":0,"parent":222,"menu_order":24,"comment_status":"open","ping_status":"open","template":"fullwide.php","meta":{"ngg_post_thumbnail":0},"_links":{"self":[{"href":"https:\/\/gatito.be\/expo\/wp-json\/wp\/v2\/pages\/484"}],"collection":[{"href":"https:\/\/gatito.be\/expo\/wp-json\/wp\/v2\/pages"}],"about":[{"href":"https:\/\/gatito.be\/expo\/wp-json\/wp\/v2\/types\/page"}],"author":[{"embeddable":true,"href":"https:\/\/gatito.be\/expo\/wp-json\/wp\/v2\/users\/25"}],"replies":[{"embeddable":true,"href":"https:\/\/gatito.be\/expo\/wp-json\/wp\/v2\/comments?post=484"}],"version-history":[{"count":3,"href":"https:\/\/gatito.be\/expo\/wp-json\/wp\/v2\/pages\/484\/revisions"}],"predecessor-version":[{"id":603,"href":"https:\/\/gatito.be\/expo\/wp-json\/wp\/v2\/pages\/484\/revisions\/603"}],"up":[{"embeddable":true,"href":"https:\/\/gatito.be\/expo\/wp-json\/wp\/v2\/pages\/222"}],"wp:attachment":[{"href":"https:\/\/gatito.be\/expo\/wp-json\/wp\/v2\/media?parent=484"}],"curies":[{"name":"wp","href":"https:\/\/api.w.org\/{rel}","templated":true}]}}