{"id":478,"date":"2014-01-26T19:37:36","date_gmt":"2014-01-26T18:37:36","guid":{"rendered":"https:\/\/gatito.be\/expo\/?page_id=478"},"modified":"2014-01-26T19:37:36","modified_gmt":"2014-01-26T18:37:36","slug":"loick-chris","status":"publish","type":"page","link":"https:\/\/gatito.be\/expo\/artistes-exposants\/loick-chris\/","title":{"rendered":"LOICK Chris"},"content":{"rendered":"<p><a href=\"mailto:cloicq@gmail.com\">cloicq@gmail.com<\/a><\/p>\n<p>\u0152uvre(s) pr\u00e9sent\u00e9e(s)<\/p>\n<p>Congr\u00e8s de Math\u00e9matique\u00a0.<\/p>\n<p>Lorsqu\u2019il m a \u00e9t\u00e9 propos\u00e9 de participer \u00e0 une exposition sur les rapports entre art et maths, je suis d\u2019abord rest\u00e9e dubitative\u00a0! Les chiffres, \u00e7a ne me parlait pas du tout\u2026la g\u00e9om\u00e9trie par contre, certainement\u00a0!\u2026J\u2019ai laiss\u00e9 vagabonder mon imagination, et apr\u00e8s quelque temps de r\u00eaverie s\u2019est impos\u00e9e \u00e0 moi l\u2019image de ces trois personnages aux formes g\u00e9om\u00e9triques venus du fond des temps discuter de la somme de leurs connaissances, de leur recherche.<\/p>\n<p>Ces adorateurs du Signe \u00e9voquent \u00a0les concepts d\u2019Harmonie Universelle (Phi), de Nombre d\u2019Or, et d\u2019Infini, affichant quelques autres formules dont la notation dans son graphisme m\u2019a paru porteuse de po\u00e9sie \u2026et m\u00e9ditent sur les myst\u00e8res de la sph\u00e8re.\u00a0 C est en quelque sorte le tout premier congr\u00e8s de Math\u00e9matique, qui se refl\u00e8te dans un miroir, cr\u00e9ant ainsi une sym\u00e9trie, et une mise en abyme de ses participants.<\/p>\n<p>Adorateurs du Signe, 2013<br \/>\nB\u00e9ton cellulaire patin\u00e9, taille directe. + socle en miroir, 3 fois 60 sur 25 sur 20<\/p>\n<p><a href=\"https:\/\/gatito.be\/expo\/wp-content\/uploads\/2014\/01\/Loicq-bis1.jpg\" rel=\"lightbox[478]\"><img loading=\"lazy\" class=\"alignnone size-medium wp-image-701\" alt=\"Loicq-bis1\" src=\"https:\/\/gatito.be\/expo\/wp-content\/uploads\/2014\/01\/Loicq-bis1-225x300.jpg\" width=\"225\" height=\"300\" srcset=\"https:\/\/gatito.be\/expo\/wp-content\/uploads\/2014\/01\/Loicq-bis1-225x300.jpg 225w, https:\/\/gatito.be\/expo\/wp-content\/uploads\/2014\/01\/Loicq-bis1.jpg 480w\" sizes=\"(max-width: 225px) 100vw, 225px\" \/><\/a> <a href=\"https:\/\/gatito.be\/expo\/wp-content\/uploads\/2014\/01\/Loicq-bis2.jpg\" rel=\"lightbox[478]\"><img loading=\"lazy\" class=\"alignnone size-medium wp-image-702\" alt=\"Loicq-bis2\" src=\"https:\/\/gatito.be\/expo\/wp-content\/uploads\/2014\/01\/Loicq-bis2-225x300.jpg\" width=\"225\" height=\"300\" srcset=\"https:\/\/gatito.be\/expo\/wp-content\/uploads\/2014\/01\/Loicq-bis2-225x300.jpg 225w, https:\/\/gatito.be\/expo\/wp-content\/uploads\/2014\/01\/Loicq-bis2.jpg 480w\" sizes=\"(max-width: 225px) 100vw, 225px\" \/><\/a> <a href=\"https:\/\/gatito.be\/expo\/wp-content\/uploads\/2014\/01\/Loicq-bis3.jpg\" rel=\"lightbox[478]\"><img loading=\"lazy\" class=\"alignnone size-medium wp-image-703\" alt=\"Loicq-bis3\" src=\"https:\/\/gatito.be\/expo\/wp-content\/uploads\/2014\/01\/Loicq-bis3-225x300.jpg\" width=\"225\" height=\"300\" srcset=\"https:\/\/gatito.be\/expo\/wp-content\/uploads\/2014\/01\/Loicq-bis3-225x300.jpg 225w, https:\/\/gatito.be\/expo\/wp-content\/uploads\/2014\/01\/Loicq-bis3.jpg 480w\" sizes=\"(max-width: 225px) 100vw, 225px\" \/><\/a><\/p>\n","protected":false},"excerpt":{"rendered":"<p>cloicq@gmail.com \u0152uvre(s) pr\u00e9sent\u00e9e(s) Congr\u00e8s de Math\u00e9matique\u00a0. Lorsqu\u2019il m a \u00e9t\u00e9 propos\u00e9 de participer \u00e0 une exposition sur les rapports entre art et maths, je suis d\u2019abord rest\u00e9e dubitative\u00a0! Les chiffres, \u00e7a ne me parlait pas du tout\u2026la g\u00e9om\u00e9trie par contre, certainement\u00a0!\u2026J\u2019ai laiss\u00e9 vagabonder mon imagination, et apr\u00e8s quelque temps de r\u00eaverie s\u2019est impos\u00e9e \u00e0 moi l\u2019image de ces trois personnages aux formes g\u00e9om\u00e9triques venus du fond des temps discuter de la somme de leurs connaissances, de leur recherche. Ces adorateurs du Signe \u00e9voquent \u00a0les concepts d\u2019Harmonie Universelle (Phi), de Nombre d\u2019Or, et d\u2019Infini, affichant quelques autres formules dont la notation<a href=\"https:\/\/gatito.be\/expo\/artistes-exposants\/loick-chris\/\">&nbsp;&nbsp;[ Suite&#8230; ]<\/a><\/p>\n","protected":false},"author":25,"featured_media":0,"parent":222,"menu_order":23,"comment_status":"open","ping_status":"open","template":"fullwide.php","meta":{"ngg_post_thumbnail":0},"_links":{"self":[{"href":"https:\/\/gatito.be\/expo\/wp-json\/wp\/v2\/pages\/478"}],"collection":[{"href":"https:\/\/gatito.be\/expo\/wp-json\/wp\/v2\/pages"}],"about":[{"href":"https:\/\/gatito.be\/expo\/wp-json\/wp\/v2\/types\/page"}],"author":[{"embeddable":true,"href":"https:\/\/gatito.be\/expo\/wp-json\/wp\/v2\/users\/25"}],"replies":[{"embeddable":true,"href":"https:\/\/gatito.be\/expo\/wp-json\/wp\/v2\/comments?post=478"}],"version-history":[{"count":5,"href":"https:\/\/gatito.be\/expo\/wp-json\/wp\/v2\/pages\/478\/revisions"}],"predecessor-version":[{"id":705,"href":"https:\/\/gatito.be\/expo\/wp-json\/wp\/v2\/pages\/478\/revisions\/705"}],"up":[{"embeddable":true,"href":"https:\/\/gatito.be\/expo\/wp-json\/wp\/v2\/pages\/222"}],"wp:attachment":[{"href":"https:\/\/gatito.be\/expo\/wp-json\/wp\/v2\/media?parent=478"}],"curies":[{"name":"wp","href":"https:\/\/api.w.org\/{rel}","templated":true}]}}