{"id":474,"date":"2014-01-26T19:33:07","date_gmt":"2014-01-26T18:33:07","guid":{"rendered":"https:\/\/gatito.be\/expo\/?page_id=474"},"modified":"2014-01-26T19:33:07","modified_gmt":"2014-01-26T18:33:07","slug":"klinkert-jose","status":"publish","type":"page","link":"https:\/\/gatito.be\/expo\/artistes-exposants\/klinkert-jose\/","title":{"rendered":"KLINKERT  Jos\u00e9"},"content":{"rendered":"<p>Graphisme<\/p>\n<p><a href=\"mailto:jpk.burmar@skynet.be\">jpk.burmar@skynet.be<\/a><\/p>\n<p>\u0152uvre(s) pr\u00e9sent\u00e9e(s)<\/p>\n<p>Rep\u00e8re dans un plan euclidien\u00a0: il faut 2 coordonn\u00e9es 2 pour d\u00e9terminer un point (xy)<\/p>\n<p>2013<\/p>\n<div id=\"attachment_475\" style=\"width: 310px\" class=\"wp-caption alignnone\"><a href=\"https:\/\/gatito.be\/expo\/wp-content\/uploads\/2014\/01\/Klinkert_chat-euclidien.png\" rel=\"lightbox[474]\"><img aria-describedby=\"caption-attachment-475\" loading=\"lazy\" class=\"size-medium wp-image-475\" alt=\"Chat euclidien\" src=\"https:\/\/gatito.be\/expo\/wp-content\/uploads\/2014\/01\/Klinkert_chat-euclidien-300x210.png\" width=\"300\" height=\"210\" srcset=\"https:\/\/gatito.be\/expo\/wp-content\/uploads\/2014\/01\/Klinkert_chat-euclidien-300x210.png 300w, https:\/\/gatito.be\/expo\/wp-content\/uploads\/2014\/01\/Klinkert_chat-euclidien.png 707w\" sizes=\"(max-width: 300px) 100vw, 300px\" \/><\/a><p id=\"caption-attachment-475\" class=\"wp-caption-text\">Chat euclidien<\/p><\/div>\n","protected":false},"excerpt":{"rendered":"<p>Graphisme jpk.burmar@skynet.be \u0152uvre(s) pr\u00e9sent\u00e9e(s) Rep\u00e8re dans un plan euclidien\u00a0: il faut 2 coordonn\u00e9es 2 pour d\u00e9terminer un point (xy) 2013<\/p>\n","protected":false},"author":25,"featured_media":0,"parent":222,"menu_order":22,"comment_status":"open","ping_status":"open","template":"fullwide.php","meta":{"ngg_post_thumbnail":0},"_links":{"self":[{"href":"https:\/\/gatito.be\/expo\/wp-json\/wp\/v2\/pages\/474"}],"collection":[{"href":"https:\/\/gatito.be\/expo\/wp-json\/wp\/v2\/pages"}],"about":[{"href":"https:\/\/gatito.be\/expo\/wp-json\/wp\/v2\/types\/page"}],"author":[{"embeddable":true,"href":"https:\/\/gatito.be\/expo\/wp-json\/wp\/v2\/users\/25"}],"replies":[{"embeddable":true,"href":"https:\/\/gatito.be\/expo\/wp-json\/wp\/v2\/comments?post=474"}],"version-history":[{"count":3,"href":"https:\/\/gatito.be\/expo\/wp-json\/wp\/v2\/pages\/474\/revisions"}],"predecessor-version":[{"id":600,"href":"https:\/\/gatito.be\/expo\/wp-json\/wp\/v2\/pages\/474\/revisions\/600"}],"up":[{"embeddable":true,"href":"https:\/\/gatito.be\/expo\/wp-json\/wp\/v2\/pages\/222"}],"wp:attachment":[{"href":"https:\/\/gatito.be\/expo\/wp-json\/wp\/v2\/media?parent=474"}],"curies":[{"name":"wp","href":"https:\/\/api.w.org\/{rel}","templated":true}]}}