{"id":468,"date":"2014-01-26T19:26:42","date_gmt":"2014-01-26T18:26:42","guid":{"rendered":"https:\/\/gatito.be\/expo\/?page_id=468"},"modified":"2014-01-26T19:26:42","modified_gmt":"2014-01-26T18:26:42","slug":"kayser-robert","status":"publish","type":"page","link":"https:\/\/gatito.be\/expo\/artistes-exposants\/kayser-robert\/","title":{"rendered":"KAYSER Robert"},"content":{"rendered":"<p><a href=\"mailto:robert.kayser@gmail.com\">robert.kayser@gmail.com<\/a><\/p>\n<p>\u0152uvre(s) pr\u00e9sent\u00e9e(s)<\/p>\n<p>La Tour-Gyron, 1995<br \/>\nBois de h\u00eatre, 2,20 x 1,20 x 1,20 m<\/p>\n<div id=\"attachment_469\" style=\"width: 213px\" class=\"wp-caption alignnone\"><a href=\"https:\/\/gatito.be\/expo\/wp-content\/uploads\/2014\/01\/KAYSER-machine-a\u0300-lire-les-poe\u0300mes.png\" rel=\"lightbox[468]\"><img aria-describedby=\"caption-attachment-469\" loading=\"lazy\" class=\"size-medium wp-image-469\" alt=\"Machine \u00e0 lire les po\u00e8mes\" src=\"https:\/\/gatito.be\/expo\/wp-content\/uploads\/2014\/01\/KAYSER-machine-a\u0300-lire-les-poe\u0300mes-203x300.png\" width=\"203\" height=\"300\" srcset=\"https:\/\/gatito.be\/expo\/wp-content\/uploads\/2014\/01\/KAYSER-machine-a\u0300-lire-les-poe\u0300mes-203x300.png 203w, https:\/\/gatito.be\/expo\/wp-content\/uploads\/2014\/01\/KAYSER-machine-a\u0300-lire-les-poe\u0300mes.png 673w\" sizes=\"(max-width: 203px) 100vw, 203px\" \/><\/a><p id=\"caption-attachment-469\" class=\"wp-caption-text\">Machine \u00e0 lire les po\u00e8mes<\/p><\/div>\n","protected":false},"excerpt":{"rendered":"<p>robert.kayser@gmail.com \u0152uvre(s) pr\u00e9sent\u00e9e(s) La Tour-Gyron, 1995 Bois de h\u00eatre, 2,20 x 1,20 x 1,20 m<\/p>\n","protected":false},"author":25,"featured_media":0,"parent":222,"menu_order":21,"comment_status":"open","ping_status":"open","template":"fullwide.php","meta":{"ngg_post_thumbnail":0},"_links":{"self":[{"href":"https:\/\/gatito.be\/expo\/wp-json\/wp\/v2\/pages\/468"}],"collection":[{"href":"https:\/\/gatito.be\/expo\/wp-json\/wp\/v2\/pages"}],"about":[{"href":"https:\/\/gatito.be\/expo\/wp-json\/wp\/v2\/types\/page"}],"author":[{"embeddable":true,"href":"https:\/\/gatito.be\/expo\/wp-json\/wp\/v2\/users\/25"}],"replies":[{"embeddable":true,"href":"https:\/\/gatito.be\/expo\/wp-json\/wp\/v2\/comments?post=468"}],"version-history":[{"count":2,"href":"https:\/\/gatito.be\/expo\/wp-json\/wp\/v2\/pages\/468\/revisions"}],"predecessor-version":[{"id":601,"href":"https:\/\/gatito.be\/expo\/wp-json\/wp\/v2\/pages\/468\/revisions\/601"}],"up":[{"embeddable":true,"href":"https:\/\/gatito.be\/expo\/wp-json\/wp\/v2\/pages\/222"}],"wp:attachment":[{"href":"https:\/\/gatito.be\/expo\/wp-json\/wp\/v2\/media?parent=468"}],"curies":[{"name":"wp","href":"https:\/\/api.w.org\/{rel}","templated":true}]}}