{"id":464,"date":"2014-01-26T19:07:50","date_gmt":"2014-01-26T18:07:50","guid":{"rendered":"https:\/\/gatito.be\/expo\/?page_id=464"},"modified":"2014-01-26T19:07:50","modified_gmt":"2014-01-26T18:07:50","slug":"jones-anne","status":"publish","type":"page","link":"https:\/\/gatito.be\/expo\/artistes-exposants\/jones-anne\/","title":{"rendered":"JONES  Anne"},"content":{"rendered":"<p>Sculpture<\/p>\n<p><a href=\"mailto:annejonesbrussels@hotmail.com\">annejonesbrussels@hotmail.com<\/a><br \/>\n<a href=\"http:\/\/www.annejones.be\">www.annejones.be<\/a><\/p>\n<p>\u0152uvre(s) pr\u00e9sent\u00e9e(s)<\/p>\n<p>Corps- Esprit, 2012<br \/>\nardoises, assemblage. Sph\u00e8re: diam\u00e8tre: 25 cm; Cube: 18 cm<\/p>\n<p><a href=\"https:\/\/gatito.be\/expo\/wp-content\/uploads\/2014\/01\/cat64-10.jpg\" rel=\"lightbox[464]\"><img loading=\"lazy\" class=\"alignnone size-medium wp-image-465\" alt=\"cat64 (10)\" src=\"https:\/\/gatito.be\/expo\/wp-content\/uploads\/2014\/01\/cat64-10-294x300.jpg\" width=\"294\" height=\"300\" srcset=\"https:\/\/gatito.be\/expo\/wp-content\/uploads\/2014\/01\/cat64-10-294x300.jpg 294w, https:\/\/gatito.be\/expo\/wp-content\/uploads\/2014\/01\/cat64-10.jpg 586w\" sizes=\"(max-width: 294px) 100vw, 294px\" \/><\/a><\/p>\n<p><a href=\"https:\/\/gatito.be\/expo\/wp-content\/uploads\/2014\/01\/DSC01187-2.jpg\" rel=\"lightbox[464]\"><img loading=\"lazy\" class=\"alignnone size-medium wp-image-471\" alt=\"DSC01187 (2)\" src=\"https:\/\/gatito.be\/expo\/wp-content\/uploads\/2014\/01\/DSC01187-2-300x225.jpg\" width=\"300\" height=\"225\" srcset=\"https:\/\/gatito.be\/expo\/wp-content\/uploads\/2014\/01\/DSC01187-2-300x225.jpg 300w, https:\/\/gatito.be\/expo\/wp-content\/uploads\/2014\/01\/DSC01187-2.jpg 640w\" sizes=\"(max-width: 300px) 100vw, 300px\" \/><\/a><\/p>\n<p>Du cercle au carr\u00e9- du cube \u00e0 la sph\u00e8re<\/p>\n<p>Un cercle, associ\u00e9 au carr\u00e9, induit la symbolique de la totalit\u00e9, la pl\u00e9nitude*, dans son expression du tout: esprit-corps, cercle-carr\u00e9, fini- infini, ciel- terre, cube- sph\u00e8re\u2026<\/p>\n<p>Le carr\u00e9, imagin\u00e9 en volume, devient cube et le cercle, sph\u00e8re.<\/p>\n<p>Un carr\u00e9 inscrit dans un cercle induit les dimensions du cube et de la sph\u00e8re.<\/p>\n<p>Cube et sph\u00e8re, alors pos\u00e9s c\u00f4te \u00e0 c\u00f4te, s&rsquo;inscrivent virtuellement tout en donnant \u00e0 voir la symbolique du tout\u2026<\/p>\n<p>&nbsp;<\/p>\n<p>*: jung; l&rsquo;homme et ses symboles; Paris;1964<\/p>\n","protected":false},"excerpt":{"rendered":"<p>Sculpture annejonesbrussels@hotmail.com www.annejones.be \u0152uvre(s) pr\u00e9sent\u00e9e(s) Corps- Esprit, 2012 ardoises, assemblage. Sph\u00e8re: diam\u00e8tre: 25 cm; Cube: 18 cm Du cercle au carr\u00e9- du cube \u00e0 la sph\u00e8re Un cercle, associ\u00e9 au carr\u00e9, induit la symbolique de la totalit\u00e9, la pl\u00e9nitude*, dans son expression du tout: esprit-corps, cercle-carr\u00e9, fini- infini, ciel- terre, cube- sph\u00e8re\u2026 Le carr\u00e9, imagin\u00e9 en volume, devient cube et le cercle, sph\u00e8re. Un carr\u00e9 inscrit dans un cercle induit les dimensions du cube et de la sph\u00e8re. Cube et sph\u00e8re, alors pos\u00e9s c\u00f4te \u00e0 c\u00f4te, s&rsquo;inscrivent virtuellement tout en donnant \u00e0 voir la symbolique du tout\u2026 &nbsp; *: jung;<a href=\"https:\/\/gatito.be\/expo\/artistes-exposants\/jones-anne\/\">&nbsp;&nbsp;[ Suite&#8230; ]<\/a><\/p>\n","protected":false},"author":25,"featured_media":0,"parent":222,"menu_order":20,"comment_status":"open","ping_status":"open","template":"fullwide.php","meta":{"ngg_post_thumbnail":0},"_links":{"self":[{"href":"https:\/\/gatito.be\/expo\/wp-json\/wp\/v2\/pages\/464"}],"collection":[{"href":"https:\/\/gatito.be\/expo\/wp-json\/wp\/v2\/pages"}],"about":[{"href":"https:\/\/gatito.be\/expo\/wp-json\/wp\/v2\/types\/page"}],"author":[{"embeddable":true,"href":"https:\/\/gatito.be\/expo\/wp-json\/wp\/v2\/users\/25"}],"replies":[{"embeddable":true,"href":"https:\/\/gatito.be\/expo\/wp-json\/wp\/v2\/comments?post=464"}],"version-history":[{"count":4,"href":"https:\/\/gatito.be\/expo\/wp-json\/wp\/v2\/pages\/464\/revisions"}],"predecessor-version":[{"id":599,"href":"https:\/\/gatito.be\/expo\/wp-json\/wp\/v2\/pages\/464\/revisions\/599"}],"up":[{"embeddable":true,"href":"https:\/\/gatito.be\/expo\/wp-json\/wp\/v2\/pages\/222"}],"wp:attachment":[{"href":"https:\/\/gatito.be\/expo\/wp-json\/wp\/v2\/media?parent=464"}],"curies":[{"name":"wp","href":"https:\/\/api.w.org\/{rel}","templated":true}]}}