{"id":461,"date":"2014-01-26T19:01:39","date_gmt":"2014-01-26T18:01:39","guid":{"rendered":"https:\/\/gatito.be\/expo\/?page_id=461"},"modified":"2014-01-26T19:01:39","modified_gmt":"2014-01-26T18:01:39","slug":"helholc-serge","status":"publish","type":"page","link":"https:\/\/gatito.be\/expo\/artistes-exposants\/helholc-serge\/","title":{"rendered":"HELHOLC Serge"},"content":{"rendered":"<p>Peinture, Sculpture, Infographie, chant, accord\u00e9on<\/p>\n<p><a href=\"mailto:helholc@gmail.com\">helholc@gmail.com<\/a><\/p>\n<p>\u0152uvre(s) pr\u00e9sent\u00e9e(s)<\/p>\n<p>Nombre d\u2019or, 2013<br \/>\nCollage infographique,\u00a090 x 60 cm<\/p>\n<p><a href=\"https:\/\/gatito.be\/expo\/wp-content\/uploads\/2014\/01\/Helholc_contribution.jpg\" rel=\"lightbox[461]\"><img loading=\"lazy\" class=\"alignnone size-medium wp-image-462\" alt=\"Helholc_contribution\" src=\"https:\/\/gatito.be\/expo\/wp-content\/uploads\/2014\/01\/Helholc_contribution-300x199.jpg\" width=\"300\" height=\"199\" srcset=\"https:\/\/gatito.be\/expo\/wp-content\/uploads\/2014\/01\/Helholc_contribution-300x199.jpg 300w, https:\/\/gatito.be\/expo\/wp-content\/uploads\/2014\/01\/Helholc_contribution.jpg 1000w\" sizes=\"(max-width: 300px) 100vw, 300px\" \/><\/a><\/p>\n","protected":false},"excerpt":{"rendered":"<p>Peinture, Sculpture, Infographie, chant, accord\u00e9on helholc@gmail.com \u0152uvre(s) pr\u00e9sent\u00e9e(s) Nombre d\u2019or, 2013 Collage infographique,\u00a090 x 60 cm<\/p>\n","protected":false},"author":25,"featured_media":0,"parent":222,"menu_order":17,"comment_status":"open","ping_status":"open","template":"fullwide.php","meta":{"ngg_post_thumbnail":0},"_links":{"self":[{"href":"https:\/\/gatito.be\/expo\/wp-json\/wp\/v2\/pages\/461"}],"collection":[{"href":"https:\/\/gatito.be\/expo\/wp-json\/wp\/v2\/pages"}],"about":[{"href":"https:\/\/gatito.be\/expo\/wp-json\/wp\/v2\/types\/page"}],"author":[{"embeddable":true,"href":"https:\/\/gatito.be\/expo\/wp-json\/wp\/v2\/users\/25"}],"replies":[{"embeddable":true,"href":"https:\/\/gatito.be\/expo\/wp-json\/wp\/v2\/comments?post=461"}],"version-history":[{"count":2,"href":"https:\/\/gatito.be\/expo\/wp-json\/wp\/v2\/pages\/461\/revisions"}],"predecessor-version":[{"id":596,"href":"https:\/\/gatito.be\/expo\/wp-json\/wp\/v2\/pages\/461\/revisions\/596"}],"up":[{"embeddable":true,"href":"https:\/\/gatito.be\/expo\/wp-json\/wp\/v2\/pages\/222"}],"wp:attachment":[{"href":"https:\/\/gatito.be\/expo\/wp-json\/wp\/v2\/media?parent=461"}],"curies":[{"name":"wp","href":"https:\/\/api.w.org\/{rel}","templated":true}]}}