{"id":449,"date":"2014-01-26T18:58:23","date_gmt":"2014-01-26T17:58:23","guid":{"rendered":"https:\/\/gatito.be\/expo\/?page_id=449"},"modified":"2014-01-26T18:58:23","modified_gmt":"2014-01-26T17:58:23","slug":"harr-marie-paule","status":"publish","type":"page","link":"https:\/\/gatito.be\/expo\/artistes-exposants\/harr-marie-paule\/","title":{"rendered":"HARR Marie-Paule"},"content":{"rendered":"<p>Artiste platicienne<\/p>\n<p><a href=\"mailto:marie-paule.haar@skynet.be\">marie-paule.haar@skynet.be<\/a><br \/>\n<a href=\"http:\/\/www.marie-paule-haar.be\">www.marie-paule-haar.be<\/a><\/p>\n<p>\u0152uvre(s) pr\u00e9sent\u00e9e(s)<\/p>\n<p>Grand tangram, Bas relief<\/p>\n<p><a href=\"https:\/\/gatito.be\/expo\/wp-content\/uploads\/2014\/01\/Haar_composition-au-tangramoi\u0308de-plomb-et-to\u0302le-dacier-perfore\u0301e-sur-bois.jpg\" rel=\"lightbox[449]\"><img loading=\"lazy\" class=\"alignnone size-medium wp-image-560\" alt=\"Haar_composition au tangramoi\u0308de, plomb et to\u0302le d'acier perfore\u0301e sur bois\" src=\"https:\/\/gatito.be\/expo\/wp-content\/uploads\/2014\/01\/Haar_composition-au-tangramoi\u0308de-plomb-et-to\u0302le-dacier-perfore\u0301e-sur-bois-300x296.jpg\" width=\"300\" height=\"296\" srcset=\"https:\/\/gatito.be\/expo\/wp-content\/uploads\/2014\/01\/Haar_composition-au-tangramoi\u0308de-plomb-et-to\u0302le-dacier-perfore\u0301e-sur-bois-300x296.jpg 300w, https:\/\/gatito.be\/expo\/wp-content\/uploads\/2014\/01\/Haar_composition-au-tangramoi\u0308de-plomb-et-to\u0302le-dacier-perfore\u0301e-sur-bois-1024x1011.jpg 1024w, https:\/\/gatito.be\/expo\/wp-content\/uploads\/2014\/01\/Haar_composition-au-tangramoi\u0308de-plomb-et-to\u0302le-dacier-perfore\u0301e-sur-bois.jpg 1364w\" sizes=\"(max-width: 300px) 100vw, 300px\" \/><\/a><\/p>\n","protected":false},"excerpt":{"rendered":"<p>Artiste platicienne marie-paule.haar@skynet.be www.marie-paule-haar.be \u0152uvre(s) pr\u00e9sent\u00e9e(s) Grand tangram, Bas relief<\/p>\n","protected":false},"author":25,"featured_media":0,"parent":222,"menu_order":16,"comment_status":"open","ping_status":"open","template":"fullwide.php","meta":{"ngg_post_thumbnail":0},"_links":{"self":[{"href":"https:\/\/gatito.be\/expo\/wp-json\/wp\/v2\/pages\/449"}],"collection":[{"href":"https:\/\/gatito.be\/expo\/wp-json\/wp\/v2\/pages"}],"about":[{"href":"https:\/\/gatito.be\/expo\/wp-json\/wp\/v2\/types\/page"}],"author":[{"embeddable":true,"href":"https:\/\/gatito.be\/expo\/wp-json\/wp\/v2\/users\/25"}],"replies":[{"embeddable":true,"href":"https:\/\/gatito.be\/expo\/wp-json\/wp\/v2\/comments?post=449"}],"version-history":[{"count":4,"href":"https:\/\/gatito.be\/expo\/wp-json\/wp\/v2\/pages\/449\/revisions"}],"predecessor-version":[{"id":595,"href":"https:\/\/gatito.be\/expo\/wp-json\/wp\/v2\/pages\/449\/revisions\/595"}],"up":[{"embeddable":true,"href":"https:\/\/gatito.be\/expo\/wp-json\/wp\/v2\/pages\/222"}],"wp:attachment":[{"href":"https:\/\/gatito.be\/expo\/wp-json\/wp\/v2\/media?parent=449"}],"curies":[{"name":"wp","href":"https:\/\/api.w.org\/{rel}","templated":true}]}}