{"id":441,"date":"2014-01-26T19:04:47","date_gmt":"2014-01-26T18:04:47","guid":{"rendered":"https:\/\/gatito.be\/expo\/?page_id=441"},"modified":"2014-01-26T19:04:47","modified_gmt":"2014-01-26T18:04:47","slug":"huon-francois","status":"publish","type":"page","link":"https:\/\/gatito.be\/expo\/artistes-exposants\/huon-francois\/","title":{"rendered":"HUON Fran\u00e7ois"},"content":{"rendered":"<p>Artiste, professeur<\/p>\n<p><a href=\"mailto:toutounoir@hotmail.com\">toutounoir@hotmail.com<br \/>\n<\/a><a href=\"http:\/\/huon.over-blog.com\/\">http:\/\/huon.over-blog.com\/<\/a><\/p>\n<p>\u0152uvre(s) pr\u00e9sent\u00e9e(s)<\/p>\n<p>1. Bel-Gium<\/p>\n<div id=\"attachment_444\" style=\"width: 310px\" class=\"wp-caption alignnone\"><a href=\"https:\/\/gatito.be\/expo\/wp-content\/uploads\/2014\/01\/F.Huon-Bel-Gium.jpg\" rel=\"lightbox[441]\"><img aria-describedby=\"caption-attachment-444\" loading=\"lazy\" class=\"size-medium wp-image-444\" alt=\"Bel-Gium\" src=\"https:\/\/gatito.be\/expo\/wp-content\/uploads\/2014\/01\/F.Huon-Bel-Gium-300x200.jpg\" width=\"300\" height=\"200\" srcset=\"https:\/\/gatito.be\/expo\/wp-content\/uploads\/2014\/01\/F.Huon-Bel-Gium-300x200.jpg 300w, https:\/\/gatito.be\/expo\/wp-content\/uploads\/2014\/01\/F.Huon-Bel-Gium.jpg 1000w\" sizes=\"(max-width: 300px) 100vw, 300px\" \/><\/a><p id=\"caption-attachment-444\" class=\"wp-caption-text\">Bel-Gium<\/p><\/div>\n<p>2. Petits specimens (5 pi\u00e8ces)<\/p>\n<div id=\"attachment_446\" style=\"width: 310px\" class=\"wp-caption alignnone\"><a href=\"https:\/\/gatito.be\/expo\/wp-content\/uploads\/2014\/01\/F.Huon-Petits-specimens.jpg\" rel=\"lightbox[441]\"><img aria-describedby=\"caption-attachment-446\" loading=\"lazy\" class=\"size-medium wp-image-446\" alt=\"Petits sp\u00e9cimens\" src=\"https:\/\/gatito.be\/expo\/wp-content\/uploads\/2014\/01\/F.Huon-Petits-specimens-300x198.jpg\" width=\"300\" height=\"198\" srcset=\"https:\/\/gatito.be\/expo\/wp-content\/uploads\/2014\/01\/F.Huon-Petits-specimens-300x198.jpg 300w, https:\/\/gatito.be\/expo\/wp-content\/uploads\/2014\/01\/F.Huon-Petits-specimens-1024x677.jpg 1024w, https:\/\/gatito.be\/expo\/wp-content\/uploads\/2014\/01\/F.Huon-Petits-specimens.jpg 1200w\" sizes=\"(max-width: 300px) 100vw, 300px\" \/><\/a><p id=\"caption-attachment-446\" class=\"wp-caption-text\">Petits sp\u00e9cimens<\/p><\/div>\n<p>3. Petit labyrinthe vertical<\/p>\n<div id=\"attachment_445\" style=\"width: 306px\" class=\"wp-caption alignnone\"><a href=\"https:\/\/gatito.be\/expo\/wp-content\/uploads\/2014\/01\/F.Huon-Petit-Labyrinthe-vertical.jpg\" rel=\"lightbox[441]\"><img aria-describedby=\"caption-attachment-445\" loading=\"lazy\" class=\"size-medium wp-image-445\" alt=\"Petit labyrinthe vertical\" src=\"https:\/\/gatito.be\/expo\/wp-content\/uploads\/2014\/01\/F.Huon-Petit-Labyrinthe-vertical-296x300.jpg\" width=\"296\" height=\"300\" srcset=\"https:\/\/gatito.be\/expo\/wp-content\/uploads\/2014\/01\/F.Huon-Petit-Labyrinthe-vertical-296x300.jpg 296w, https:\/\/gatito.be\/expo\/wp-content\/uploads\/2014\/01\/F.Huon-Petit-Labyrinthe-vertical.jpg 1000w\" sizes=\"(max-width: 296px) 100vw, 296px\" \/><\/a><p id=\"caption-attachment-445\" class=\"wp-caption-text\">Petit labyrinthe vertical<\/p><\/div>\n<p>R\u00e9p\u00e9tition du m\u00eame (5 pi\u00e8ces)<\/p>\n<div id=\"attachment_447\" style=\"width: 310px\" class=\"wp-caption alignnone\"><a href=\"https:\/\/gatito.be\/expo\/wp-content\/uploads\/2014\/01\/F.Huon-re\u0301pe\u0301tition-du-me\u0302me.jpg\" rel=\"lightbox[441]\"><img aria-describedby=\"caption-attachment-447\" loading=\"lazy\" class=\"size-medium wp-image-447\" alt=\"R\u00e9p\u00e9titions du m\u00eame\" src=\"https:\/\/gatito.be\/expo\/wp-content\/uploads\/2014\/01\/F.Huon-re\u0301pe\u0301tition-du-me\u0302me-300x200.jpg\" width=\"300\" height=\"200\" srcset=\"https:\/\/gatito.be\/expo\/wp-content\/uploads\/2014\/01\/F.Huon-re\u0301pe\u0301tition-du-me\u0302me-300x200.jpg 300w, https:\/\/gatito.be\/expo\/wp-content\/uploads\/2014\/01\/F.Huon-re\u0301pe\u0301tition-du-me\u0302me-1024x683.jpg 1024w, https:\/\/gatito.be\/expo\/wp-content\/uploads\/2014\/01\/F.Huon-re\u0301pe\u0301tition-du-me\u0302me.jpg 1200w\" sizes=\"(max-width: 300px) 100vw, 300px\" \/><\/a><p id=\"caption-attachment-447\" class=\"wp-caption-text\">R\u00e9p\u00e9titions du m\u00eame<\/p><\/div>\n<p><i>L\u2019art, entre connaissance et culture, est un savoir qui r\u00e9sulte d\u2019une exp\u00e9rience que chacun est libre de faire. Si les \u0153uvres r\u00e9unies ici ont \u00e0 voir avec les math\u00e9matiques, elles ont autant \u00e0 voir avec d\u2019autres disciplines. Elles pourraient figurer dans une exposition sur la linguistique, l\u2019architecture, la musique, l\u2019\u00e9cologie, la psychologie, le design, la po\u00e9sie, \u2026\u00a0; \u00a0il s\u2019agit d\u2019un point de vue qui peut valoriser les maths et l\u2019art. Des bases math\u00e9matiques se trouvent agr\u00e9ablement illustr\u00e9es tandis que les \u0153uvres d\u2019art s\u2019adossent respectablement aux vraisemblances math\u00e9matiques. \u00a0\u00a0\u00a0\u00a0\u00a0\u00a0<\/i><i>F.H.<\/i><\/p>\n<p><i>\u00a0<\/i><\/p>\n<p><b>Fran\u00e7ois Huon<\/b> (1964, vit \u00e0 Rebecq -Belgique) est un insatiable inventeur de formes. Il a mis au point une m\u00e9thode simple qui lui permet de ne jamais tomber \u00e0 court. Une observation quelque peu attentive des oeuvres livre la cl\u00e9 et le reste est un plaisir de la d\u00e9couverte constante. Le syst\u00e8me lui permet m\u00eame de travailler \u00e0 plat, en peinture, en grand et petit format, en relief, au mur, en volume, au sol, en couleur ou en noir et blanc, de mani\u00e8re tr\u00e8s stricte et construite ou plut\u00f4t ludique&#8230;: les variantes ne manquent point. En d\u00e9veloppant depuis quelques ann\u00e9es cette pratique, l&rsquo;artiste ne se limite point \u00e0 un jeu plastique brillant, il montre que tout est variable, interpr\u00e9table, arrangeable, changeant, que le chaos apparent peut encore \u00eatre une forme d&rsquo;ordre et que rien n&rsquo;est d\u00e9finitivement fig\u00e9. le monde tourne, surprend et se modifie.<\/p>\n<p><i>Claude Lorent<\/i><\/p>\n","protected":false},"excerpt":{"rendered":"<p>Artiste, professeur toutounoir@hotmail.com http:\/\/huon.over-blog.com\/ \u0152uvre(s) pr\u00e9sent\u00e9e(s) 1. Bel-Gium 2. Petits specimens (5 pi\u00e8ces) 3. Petit labyrinthe vertical R\u00e9p\u00e9tition du m\u00eame (5 pi\u00e8ces) L\u2019art, entre connaissance et culture, est un savoir qui r\u00e9sulte d\u2019une exp\u00e9rience que chacun est libre de faire. Si les \u0153uvres r\u00e9unies ici ont \u00e0 voir avec les math\u00e9matiques, elles ont autant \u00e0 voir avec d\u2019autres disciplines. Elles pourraient figurer dans une exposition sur la linguistique, l\u2019architecture, la musique, l\u2019\u00e9cologie, la psychologie, le design, la po\u00e9sie, \u2026\u00a0; \u00a0il s\u2019agit d\u2019un point de vue qui peut valoriser les maths et l\u2019art. Des bases math\u00e9matiques se trouvent agr\u00e9ablement illustr\u00e9es tandis<a href=\"https:\/\/gatito.be\/expo\/artistes-exposants\/huon-francois\/\">&nbsp;&nbsp;[ Suite&#8230; ]<\/a><\/p>\n","protected":false},"author":25,"featured_media":0,"parent":222,"menu_order":18,"comment_status":"open","ping_status":"open","template":"fullwide.php","meta":{"ngg_post_thumbnail":0},"_links":{"self":[{"href":"https:\/\/gatito.be\/expo\/wp-json\/wp\/v2\/pages\/441"}],"collection":[{"href":"https:\/\/gatito.be\/expo\/wp-json\/wp\/v2\/pages"}],"about":[{"href":"https:\/\/gatito.be\/expo\/wp-json\/wp\/v2\/types\/page"}],"author":[{"embeddable":true,"href":"https:\/\/gatito.be\/expo\/wp-json\/wp\/v2\/users\/25"}],"replies":[{"embeddable":true,"href":"https:\/\/gatito.be\/expo\/wp-json\/wp\/v2\/comments?post=441"}],"version-history":[{"count":5,"href":"https:\/\/gatito.be\/expo\/wp-json\/wp\/v2\/pages\/441\/revisions"}],"predecessor-version":[{"id":598,"href":"https:\/\/gatito.be\/expo\/wp-json\/wp\/v2\/pages\/441\/revisions\/598"}],"up":[{"embeddable":true,"href":"https:\/\/gatito.be\/expo\/wp-json\/wp\/v2\/pages\/222"}],"wp:attachment":[{"href":"https:\/\/gatito.be\/expo\/wp-json\/wp\/v2\/media?parent=441"}],"curies":[{"name":"wp","href":"https:\/\/api.w.org\/{rel}","templated":true}]}}