{"id":438,"date":"2014-01-26T18:57:12","date_gmt":"2014-01-26T17:57:12","guid":{"rendered":"https:\/\/gatito.be\/expo\/?page_id=438"},"modified":"2014-01-26T18:57:12","modified_gmt":"2014-01-26T17:57:12","slug":"goybet-catherine-2","status":"publish","type":"page","link":"https:\/\/gatito.be\/expo\/artistes-exposants\/goybet-catherine-2\/","title":{"rendered":"GOYBET Catherine"},"content":{"rendered":"<p><a href=\"mailto:cgoybet@hotmail.com\">cgoybet@hotmail.com<br \/>\n<\/a><a href=\"http:\/\/www.sculpture-goybet.com\">www.sculpture-goybet.com<\/a><\/p>\n<p>\u0152uvre(s) pr\u00e9sent\u00e9e(s)<\/p>\n<p>\u00ab\u00a0 Spirales\u00a0 \u00bb<br \/>\nL\u00e9g\u00e8ret\u00e9 et beaut\u00e9 : le chemin de l\u2019infini\u2026<\/p>\n<div id=\"attachment_434\" style=\"width: 310px\" class=\"wp-caption alignnone\"><a href=\"https:\/\/gatito.be\/expo\/wp-content\/uploads\/2014\/01\/GOYBET-spirale-1.jpg\" rel=\"lightbox[438]\"><img aria-describedby=\"caption-attachment-434\" loading=\"lazy\" class=\"size-medium wp-image-434\" alt=\"Spirale 1\" src=\"https:\/\/gatito.be\/expo\/wp-content\/uploads\/2014\/01\/GOYBET-spirale-1-300x225.jpg\" width=\"300\" height=\"225\" srcset=\"https:\/\/gatito.be\/expo\/wp-content\/uploads\/2014\/01\/GOYBET-spirale-1-300x225.jpg 300w, https:\/\/gatito.be\/expo\/wp-content\/uploads\/2014\/01\/GOYBET-spirale-1-1024x768.jpg 1024w\" sizes=\"(max-width: 300px) 100vw, 300px\" \/><\/a><p id=\"caption-attachment-434\" class=\"wp-caption-text\">Spirale 1<\/p>\n<div class=\"mceTemp\">\n<dl class=\"wp-caption alignnone\" id=\"attachment_435\" style=\"width: 310px;\">\n<dt class=\"wp-caption-dt\"><a href=\"https:\/\/gatito.be\/expo\/wp-content\/uploads\/2014\/01\/GOYBET-spirale-2.jpg\" rel=\"lightbox[438]\"><img loading=\"lazy\" class=\"size-medium wp-image-435\" alt=\"Spirale 2\" src=\"https:\/\/gatito.be\/expo\/wp-content\/uploads\/2014\/01\/GOYBET-spirale-2-300x225.jpg\" width=\"300\" height=\"225\" srcset=\"https:\/\/gatito.be\/expo\/wp-content\/uploads\/2014\/01\/GOYBET-spirale-2-300x225.jpg 300w, https:\/\/gatito.be\/expo\/wp-content\/uploads\/2014\/01\/GOYBET-spirale-2-1024x768.jpg 1024w\" sizes=\"(max-width: 300px) 100vw, 300px\" \/><\/a><\/dt>\n<dd class=\"wp-caption-dd\">Spirale 2<\/p><\/div>\n<\/dd>\n<\/dl>\n<\/div>\n","protected":false},"excerpt":{"rendered":"<p>cgoybet@hotmail.com www.sculpture-goybet.com \u0152uvre(s) pr\u00e9sent\u00e9e(s) \u00ab\u00a0 Spirales\u00a0 \u00bb L\u00e9g\u00e8ret\u00e9 et beaut\u00e9 : le chemin de l\u2019infini\u2026<\/p>\n","protected":false},"author":25,"featured_media":0,"parent":222,"menu_order":15,"comment_status":"open","ping_status":"open","template":"fullwide.php","meta":{"ngg_post_thumbnail":0},"_links":{"self":[{"href":"https:\/\/gatito.be\/expo\/wp-json\/wp\/v2\/pages\/438"}],"collection":[{"href":"https:\/\/gatito.be\/expo\/wp-json\/wp\/v2\/pages"}],"about":[{"href":"https:\/\/gatito.be\/expo\/wp-json\/wp\/v2\/types\/page"}],"author":[{"embeddable":true,"href":"https:\/\/gatito.be\/expo\/wp-json\/wp\/v2\/users\/25"}],"replies":[{"embeddable":true,"href":"https:\/\/gatito.be\/expo\/wp-json\/wp\/v2\/comments?post=438"}],"version-history":[{"count":4,"href":"https:\/\/gatito.be\/expo\/wp-json\/wp\/v2\/pages\/438\/revisions"}],"predecessor-version":[{"id":728,"href":"https:\/\/gatito.be\/expo\/wp-json\/wp\/v2\/pages\/438\/revisions\/728"}],"up":[{"embeddable":true,"href":"https:\/\/gatito.be\/expo\/wp-json\/wp\/v2\/pages\/222"}],"wp:attachment":[{"href":"https:\/\/gatito.be\/expo\/wp-json\/wp\/v2\/media?parent=438"}],"curies":[{"name":"wp","href":"https:\/\/api.w.org\/{rel}","templated":true}]}}