{"id":377,"date":"2014-01-26T18:45:58","date_gmt":"2014-01-26T17:45:58","guid":{"rendered":"https:\/\/gatito.be\/expo\/?page_id=377"},"modified":"2014-01-27T19:54:08","modified_gmt":"2014-01-27T18:54:08","slug":"gerard-geluck-marie-madeleine","status":"publish","type":"page","link":"https:\/\/gatito.be\/expo\/artistes-exposants\/gerard-geluck-marie-madeleine\/","title":{"rendered":"GERARD -Geluck Marie-Madeleine"},"content":{"rendered":"<p>Professeur d&rsquo;art plastique, retrait\u00e9e<\/p>\n<p>mmgeluck@gmail.com<\/p>\n<p>\u0152uvre(s) pr\u00e9sent\u00e9e(s)<\/p>\n<p>Jeunes chercheurs dans le bain, 2013<br \/>\nCollage en saillie, 40 x 40 cm<\/p>\n<p><a href=\"https:\/\/gatito.be\/expo\/wp-content\/uploads\/2014\/01\/Ge\u0301rard.jpg\" rel=\"lightbox[377]\"><img loading=\"lazy\" class=\"alignnone size-medium wp-image-1725\" alt=\"Jeunes chercheurs dans le bain\" src=\"https:\/\/gatito.be\/expo\/wp-content\/uploads\/2014\/01\/Ge\u0301rard-300x200.jpg\" width=\"300\" height=\"200\" srcset=\"https:\/\/gatito.be\/expo\/wp-content\/uploads\/2014\/01\/Ge\u0301rard-300x200.jpg 300w, https:\/\/gatito.be\/expo\/wp-content\/uploads\/2014\/01\/Ge\u0301rard.jpg 640w\" sizes=\"(max-width: 300px) 100vw, 300px\" \/><\/a><\/p>\n<p>&nbsp;<\/p>\n<p>&nbsp;<\/p>\n","protected":false},"excerpt":{"rendered":"<p>Professeur d&rsquo;art plastique, retrait\u00e9e mmgeluck@gmail.com \u0152uvre(s) pr\u00e9sent\u00e9e(s) Jeunes chercheurs dans le bain, 2013 Collage en saillie, 40 x 40 cm &nbsp; &nbsp;<\/p>\n","protected":false},"author":25,"featured_media":0,"parent":222,"menu_order":13,"comment_status":"open","ping_status":"open","template":"fullwide.php","meta":{"ngg_post_thumbnail":0},"_links":{"self":[{"href":"https:\/\/gatito.be\/expo\/wp-json\/wp\/v2\/pages\/377"}],"collection":[{"href":"https:\/\/gatito.be\/expo\/wp-json\/wp\/v2\/pages"}],"about":[{"href":"https:\/\/gatito.be\/expo\/wp-json\/wp\/v2\/types\/page"}],"author":[{"embeddable":true,"href":"https:\/\/gatito.be\/expo\/wp-json\/wp\/v2\/users\/25"}],"replies":[{"embeddable":true,"href":"https:\/\/gatito.be\/expo\/wp-json\/wp\/v2\/comments?post=377"}],"version-history":[{"count":7,"href":"https:\/\/gatito.be\/expo\/wp-json\/wp\/v2\/pages\/377\/revisions"}],"predecessor-version":[{"id":1727,"href":"https:\/\/gatito.be\/expo\/wp-json\/wp\/v2\/pages\/377\/revisions\/1727"}],"up":[{"embeddable":true,"href":"https:\/\/gatito.be\/expo\/wp-json\/wp\/v2\/pages\/222"}],"wp:attachment":[{"href":"https:\/\/gatito.be\/expo\/wp-json\/wp\/v2\/media?parent=377"}],"curies":[{"name":"wp","href":"https:\/\/api.w.org\/{rel}","templated":true}]}}