{"id":368,"date":"2014-01-26T18:23:38","date_gmt":"2014-01-26T17:23:38","guid":{"rendered":"https:\/\/gatito.be\/expo\/?page_id=368"},"modified":"2014-01-27T19:15:36","modified_gmt":"2014-01-27T18:15:36","slug":"diord-jean-francois","status":"publish","type":"page","link":"https:\/\/gatito.be\/expo\/artistes-exposants\/diord-jean-francois\/","title":{"rendered":"DIORD Jean-Fran\u00e7ois"},"content":{"rendered":"<p>Sculpture <a href=\"mailto:diord55@gmail.com\">diord55@gmail.com<\/a> <a href=\"http:\/\/diordsculptures.blogspot.be\">http:\/\/diordsculptures.blogspot.be<\/a><\/p>\n<p>J\u2019interviens dans l&rsquo;espace, en relation avec l\u2019environnement, action reprise sous l\u2019intitul\u00e9 \u00ab\u00a0<i>SCULPTURE\u00a0\u00bb. <\/i> <i>\u00a0\u00a0\u00a0\u00a0 <\/i><\/p>\n<p>Mes choix d\u2019\u00e9chelle me conduisent \u00e0 une expression monumentale qui se concr\u00e9tise dans de grandes structures s\u2019int\u00e9grant dans le lieu investigu\u00e9 : ces r\u00e9alisations tentent de catalyser , symboliser et mat\u00e9rialiser visuellement des liens entre des individus , un lieu et un contexte culturel ; au travers de mon travail , je cherche \u00e0 tisser une multitude de connections , pas toujours accessibles au premier abord, mais o\u00f9 chacun peut largement trouver mati\u00e8re \u00e0 <i>lire <\/i>dans les diff\u00e9rentes<b><i> strates<\/i><\/b> qu\u2019il d\u00e9couvre :<i> ludique<\/i>, <i>onirique<\/i>,<i> plastique<\/i>, <i>math\u00e9matique<\/i>, <i>technologique<\/i>, <i>symbolique<\/i>, <i>philosophique<\/i>, <i>analytique<\/i>\u2026<\/p>\n<p>Et cette combinaison, sp\u00e9cifique \u00e0 chaque lieu, a la volont\u00e9 de former un tout coh\u00e9rent ; c&rsquo;est un discours global personnel et original, exprim\u00e9 dans une langue qui est propre \u00e0 chaque cr\u00e9ateur avec sa syntaxe, son vocabulaire, ses classiques et ses n\u00e9ologismes&#8230;<\/p>\n<p>\u0152uvre(s) pr\u00e9sent\u00e9e(s)<\/p>\n<p>1.\u00a0\u00a0\u00a0 Mur de Babel, 2000 impressions num\u00e9riques, d\u00e9coup\u00e9es en formats A4, +\/- 200 x 200 cm<br \/>\nEncadrement\u00a0 moulure simple (6 x 9)<\/p>\n<p><a href=\"https:\/\/gatito.be\/expo\/wp-content\/uploads\/2014\/01\/Diord_Babel-mur-01-copie.jpg\" rel=\"lightbox[368]\"><img loading=\"lazy\" class=\"alignnone size-medium wp-image-369\" alt=\"Mur de Babel\" src=\"https:\/\/gatito.be\/expo\/wp-content\/uploads\/2014\/01\/Diord_Babel-mur-01-copie-272x300.jpg\" width=\"272\" height=\"300\" srcset=\"https:\/\/gatito.be\/expo\/wp-content\/uploads\/2014\/01\/Diord_Babel-mur-01-copie-272x300.jpg 272w, https:\/\/gatito.be\/expo\/wp-content\/uploads\/2014\/01\/Diord_Babel-mur-01-copie.jpg 787w\" sizes=\"(max-width: 272px) 100vw, 272px\" \/><\/a><\/p>\n<h1><\/h1>\n<p>2. Mur de Babel, Impression num\u00e9rique 3D<\/p>\n<div id=\"attachment_1717\" style=\"width: 210px\" class=\"wp-caption alignnone\"><a href=\"https:\/\/gatito.be\/expo\/wp-content\/uploads\/2014\/01\/Diord.jpg\" rel=\"lightbox[368]\"><img aria-describedby=\"caption-attachment-1717\" loading=\"lazy\" class=\"size-medium wp-image-1717\" alt=\"Mur de Babel Impression 3D\" src=\"https:\/\/gatito.be\/expo\/wp-content\/uploads\/2014\/01\/Diord-200x300.jpg\" width=\"200\" height=\"300\" srcset=\"https:\/\/gatito.be\/expo\/wp-content\/uploads\/2014\/01\/Diord-200x300.jpg 200w, https:\/\/gatito.be\/expo\/wp-content\/uploads\/2014\/01\/Diord.jpg 640w\" sizes=\"(max-width: 200px) 100vw, 200px\" \/><\/a><p id=\"caption-attachment-1717\" class=\"wp-caption-text\">Mur de Babel<br \/>Impression 3D<\/p><\/div>\n","protected":false},"excerpt":{"rendered":"<p>Sculpture diord55@gmail.com http:\/\/diordsculptures.blogspot.be J\u2019interviens dans l&rsquo;espace, en relation avec l\u2019environnement, action reprise sous l\u2019intitul\u00e9 \u00ab\u00a0SCULPTURE\u00a0\u00bb. \u00a0\u00a0\u00a0\u00a0 Mes choix d\u2019\u00e9chelle me conduisent \u00e0 une expression monumentale qui se concr\u00e9tise dans de grandes structures s\u2019int\u00e9grant dans le lieu investigu\u00e9 : ces r\u00e9alisations tentent de catalyser , symboliser et mat\u00e9rialiser visuellement des liens entre des individus , un lieu et un contexte culturel ; au travers de mon travail , je cherche \u00e0 tisser une multitude de connections , pas toujours accessibles au premier abord, mais o\u00f9 chacun peut largement trouver mati\u00e8re \u00e0 lire dans les diff\u00e9rentes strates qu\u2019il d\u00e9couvre : ludique, onirique,<a href=\"https:\/\/gatito.be\/expo\/artistes-exposants\/diord-jean-francois\/\">&nbsp;&nbsp;[ Suite&#8230; ]<\/a><\/p>\n","protected":false},"author":25,"featured_media":0,"parent":222,"menu_order":10,"comment_status":"open","ping_status":"open","template":"fullwide.php","meta":{"ngg_post_thumbnail":0},"_links":{"self":[{"href":"https:\/\/gatito.be\/expo\/wp-json\/wp\/v2\/pages\/368"}],"collection":[{"href":"https:\/\/gatito.be\/expo\/wp-json\/wp\/v2\/pages"}],"about":[{"href":"https:\/\/gatito.be\/expo\/wp-json\/wp\/v2\/types\/page"}],"author":[{"embeddable":true,"href":"https:\/\/gatito.be\/expo\/wp-json\/wp\/v2\/users\/25"}],"replies":[{"embeddable":true,"href":"https:\/\/gatito.be\/expo\/wp-json\/wp\/v2\/comments?post=368"}],"version-history":[{"count":6,"href":"https:\/\/gatito.be\/expo\/wp-json\/wp\/v2\/pages\/368\/revisions"}],"predecessor-version":[{"id":1718,"href":"https:\/\/gatito.be\/expo\/wp-json\/wp\/v2\/pages\/368\/revisions\/1718"}],"up":[{"embeddable":true,"href":"https:\/\/gatito.be\/expo\/wp-json\/wp\/v2\/pages\/222"}],"wp:attachment":[{"href":"https:\/\/gatito.be\/expo\/wp-json\/wp\/v2\/media?parent=368"}],"curies":[{"name":"wp","href":"https:\/\/api.w.org\/{rel}","templated":true}]}}