{"id":363,"date":"2014-01-26T18:24:39","date_gmt":"2014-01-26T17:24:39","guid":{"rendered":"https:\/\/gatito.be\/expo\/?page_id=363"},"modified":"2014-01-27T23:49:07","modified_gmt":"2014-01-27T22:49:07","slug":"decelle-philippe","status":"publish","type":"page","link":"https:\/\/gatito.be\/expo\/artistes-exposants\/decelle-philippe\/","title":{"rendered":"DECELLE Philippe"},"content":{"rendered":"<p><a href=\"mailto:phdecelle@skynet.be\">phdecelle@skynet.be<\/a><\/p>\n<p>Plasticien<\/p>\n<p>L&rsquo;expression artistique de Philippe Decelle est plong\u00e9e d\u00e8s le d\u00e9part dans l&rsquo;univers des math\u00e9matiques de ses \u00e9tudes qu&rsquo;il acheva en 1971 comme ing\u00e9nieur civil des constructions de l&rsquo;Universit\u00e9 Libre de Bruxelles. Dans ses oeuvres se retrouve sans cesse le go\u00fbt de la g\u00e9om\u00e9trie, de l&rsquo;\u00e9pure et du rythme, essai de r\u00e9aliser la proph\u00e9tie de Flaubert en 1852: \u00ab\u00a0l&rsquo;art sera quelque chose qui tiendra le milieu entre l&rsquo;alg\u00e8bre et la musique\u00a0\u00bb. Les math\u00e9matiques, telles que repr\u00e9sentation de factorielles, de r\u00e9seaux, de g\u00e9om\u00e9trie asservie, apportent \u00e0 ce travail \u00e9quilibre et s\u00e9r\u00e9nit\u00e9.Il y a transpos\u00e9 ses \u00e9motions, notamment celles de ses s\u00e9jours \u00e0 La Croix-Valmer chez son p\u00e8re philosophique le Baron Andr\u00e9 Jaumotte, recteur durant ses \u00e9tudes. Les travaux ici pr\u00e9sent\u00e9s illustrent la factorielle 4 \u00e0 travers la lumi\u00e8re jouant sur un cap de c\u00f4te m\u00e9diterran\u00e9enne et la modestie d&rsquo;un cimeti\u00e8re de la ville marocaine de Sal\u00e9.<\/p>\n<p>\u0152uvre(s) pr\u00e9sent\u00e9e(s)<\/p>\n<p>Le cimeti\u00e8re arabe, 1994<br \/>\nSculpture, Acier de ferraillage laqu\u00e9 peinture m\u00e9tallis\u00e9e, 1994 &amp; Factorielle 4<\/p>\n<p><a href=\"https:\/\/gatito.be\/expo\/wp-content\/uploads\/2014\/01\/Decelle.jpg\" rel=\"lightbox[363]\"><img loading=\"lazy\" class=\"alignnone size-medium wp-image-1770\" alt=\"Decelle\" src=\"https:\/\/gatito.be\/expo\/wp-content\/uploads\/2014\/01\/Decelle-300x200.jpg\" width=\"300\" height=\"200\" srcset=\"https:\/\/gatito.be\/expo\/wp-content\/uploads\/2014\/01\/Decelle-300x200.jpg 300w, https:\/\/gatito.be\/expo\/wp-content\/uploads\/2014\/01\/Decelle.jpg 640w\" sizes=\"(max-width: 300px) 100vw, 300px\" \/><\/a><\/p>\n<p>&nbsp;<\/p>\n<p>&nbsp;<\/p>\n<p>&nbsp;<\/p>\n<p>&nbsp;<\/p>\n<p>&nbsp;<\/p>\n<p>&nbsp;<\/p>\n","protected":false},"excerpt":{"rendered":"<p>phdecelle@skynet.be Plasticien L&rsquo;expression artistique de Philippe Decelle est plong\u00e9e d\u00e8s le d\u00e9part dans l&rsquo;univers des math\u00e9matiques de ses \u00e9tudes qu&rsquo;il acheva en 1971 comme ing\u00e9nieur civil des constructions de l&rsquo;Universit\u00e9 Libre de Bruxelles. Dans ses oeuvres se retrouve sans cesse le go\u00fbt de la g\u00e9om\u00e9trie, de l&rsquo;\u00e9pure et du rythme, essai de r\u00e9aliser la proph\u00e9tie de Flaubert en 1852: \u00ab\u00a0l&rsquo;art sera quelque chose qui tiendra le milieu entre l&rsquo;alg\u00e8bre et la musique\u00a0\u00bb. Les math\u00e9matiques, telles que repr\u00e9sentation de factorielles, de r\u00e9seaux, de g\u00e9om\u00e9trie asservie, apportent \u00e0 ce travail \u00e9quilibre et s\u00e9r\u00e9nit\u00e9.Il y a transpos\u00e9 ses \u00e9motions, notamment celles de ses<a href=\"https:\/\/gatito.be\/expo\/artistes-exposants\/decelle-philippe\/\">&nbsp;&nbsp;[ Suite&#8230; ]<\/a><\/p>\n","protected":false},"author":25,"featured_media":0,"parent":222,"menu_order":9,"comment_status":"open","ping_status":"open","template":"fullwide.php","meta":{"ngg_post_thumbnail":0},"_links":{"self":[{"href":"https:\/\/gatito.be\/expo\/wp-json\/wp\/v2\/pages\/363"}],"collection":[{"href":"https:\/\/gatito.be\/expo\/wp-json\/wp\/v2\/pages"}],"about":[{"href":"https:\/\/gatito.be\/expo\/wp-json\/wp\/v2\/types\/page"}],"author":[{"embeddable":true,"href":"https:\/\/gatito.be\/expo\/wp-json\/wp\/v2\/users\/25"}],"replies":[{"embeddable":true,"href":"https:\/\/gatito.be\/expo\/wp-json\/wp\/v2\/comments?post=363"}],"version-history":[{"count":9,"href":"https:\/\/gatito.be\/expo\/wp-json\/wp\/v2\/pages\/363\/revisions"}],"predecessor-version":[{"id":1771,"href":"https:\/\/gatito.be\/expo\/wp-json\/wp\/v2\/pages\/363\/revisions\/1771"}],"up":[{"embeddable":true,"href":"https:\/\/gatito.be\/expo\/wp-json\/wp\/v2\/pages\/222"}],"wp:attachment":[{"href":"https:\/\/gatito.be\/expo\/wp-json\/wp\/v2\/media?parent=363"}],"curies":[{"name":"wp","href":"https:\/\/api.w.org\/{rel}","templated":true}]}}