{"id":354,"date":"2014-01-26T18:25:22","date_gmt":"2014-01-26T17:25:22","guid":{"rendered":"https:\/\/gatito.be\/expo\/?page_id=354"},"modified":"2014-01-27T19:31:33","modified_gmt":"2014-01-27T18:31:33","slug":"colot-jean-louis","status":"publish","type":"page","link":"https:\/\/gatito.be\/expo\/artistes-exposants\/colot-jean-louis\/","title":{"rendered":"COLOT Jean-Louis"},"content":{"rendered":"<p>jlcolot@ulb.ac.be<br \/>\n<a href=\"http:\/\/www.fluxettraces.eu\">www.fluxettraces.be<\/a><\/p>\n<p>Physiciens (ULB) \u2014 images et impressions 3D<\/p>\n<p>\u0152uvre(s) pr\u00e9sent\u00e9e(s)<\/p>\n<p><b>\u00ab Le plat rond, la perspective et la magie du vrai \u00bb<\/b><\/p>\n<p><a href=\"https:\/\/gatito.be\/expo\/wp-content\/uploads\/2014\/01\/Colot-II2428_aPerspColot.jpeg\" rel=\"lightbox[354]\"><img loading=\"lazy\" class=\"alignnone  wp-image-416\" alt=\"Colot II2428_aPerspColot\" src=\"https:\/\/gatito.be\/expo\/wp-content\/uploads\/2014\/01\/Colot-II2428_aPerspColot-200x300.jpeg\" width=\"156\" height=\"234\" srcset=\"https:\/\/gatito.be\/expo\/wp-content\/uploads\/2014\/01\/Colot-II2428_aPerspColot-200x300.jpeg 200w, https:\/\/gatito.be\/expo\/wp-content\/uploads\/2014\/01\/Colot-II2428_aPerspColot.jpeg 284w\" sizes=\"(max-width: 156px) 100vw, 156px\" \/><\/a><\/p>\n<p><b>\u00ab Le plat rond\u00a0?, la perspective et la magie du vrai \u00bb<\/b><\/p>\n<div id=\"attachment_355\" style=\"width: 205px\" class=\"wp-caption alignnone\"><a href=\"https:\/\/gatito.be\/expo\/wp-content\/uploads\/2014\/01\/Colot_EOS-5D-Mark-II2428_1_bDXO_DXOo.jpg\" rel=\"lightbox[354]\"><img aria-describedby=\"caption-attachment-355\" loading=\"lazy\" class=\" wp-image-355\" alt=\"Le plat rond\" src=\"https:\/\/gatito.be\/expo\/wp-content\/uploads\/2014\/01\/Colot_EOS-5D-Mark-II2428_1_bDXO_DXOo-300x300.jpg\" width=\"195\" height=\"195\" srcset=\"https:\/\/gatito.be\/expo\/wp-content\/uploads\/2014\/01\/Colot_EOS-5D-Mark-II2428_1_bDXO_DXOo-300x300.jpg 300w, https:\/\/gatito.be\/expo\/wp-content\/uploads\/2014\/01\/Colot_EOS-5D-Mark-II2428_1_bDXO_DXOo-150x150.jpg 150w, https:\/\/gatito.be\/expo\/wp-content\/uploads\/2014\/01\/Colot_EOS-5D-Mark-II2428_1_bDXO_DXOo-1024x1024.jpg 1024w, https:\/\/gatito.be\/expo\/wp-content\/uploads\/2014\/01\/Colot_EOS-5D-Mark-II2428_1_bDXO_DXOo.jpg 1771w\" sizes=\"(max-width: 195px) 100vw, 195px\" \/><\/a><p id=\"caption-attachment-355\" class=\"wp-caption-text\">Le plat rond<\/p><\/div>\n<p><b>\u00ab Ob\u00e9lisque prisme \u00e0 Louxor\u00a0\u00bb<\/b><\/p>\n<p><a href=\"https:\/\/gatito.be\/expo\/wp-content\/uploads\/2014\/01\/Colot-II1284_Persp.jpeg\" rel=\"lightbox[354]\"><img loading=\"lazy\" class=\"alignnone  wp-image-415\" alt=\"Colot II1284_Persp\" src=\"https:\/\/gatito.be\/expo\/wp-content\/uploads\/2014\/01\/Colot-II1284_Persp-208x300.jpeg\" width=\"158\" height=\"228\" srcset=\"https:\/\/gatito.be\/expo\/wp-content\/uploads\/2014\/01\/Colot-II1284_Persp-208x300.jpeg 208w, https:\/\/gatito.be\/expo\/wp-content\/uploads\/2014\/01\/Colot-II1284_Persp.jpeg 295w\" sizes=\"(max-width: 158px) 100vw, 158px\" \/><\/a><\/p>\n<p><b>\u00ab Les ba<\/b><b>ndes blanches et les ombres<\/b><b> justes, rue Lafayette (Paris)\u00a0\u00bb<\/b><\/p>\n<p><a href=\"https:\/\/gatito.be\/expo\/wp-content\/uploads\/2014\/01\/Colot-II5706_PerspColot.jpeg\" rel=\"lightbox[354]\"><img loading=\"lazy\" class=\"alignnone  wp-image-418\" alt=\"Colot II5706_PerspColot\" src=\"https:\/\/gatito.be\/expo\/wp-content\/uploads\/2014\/01\/Colot-II5706_PerspColot-298x300.jpeg\" width=\"203\" height=\"204\" srcset=\"https:\/\/gatito.be\/expo\/wp-content\/uploads\/2014\/01\/Colot-II5706_PerspColot-298x300.jpeg 298w, https:\/\/gatito.be\/expo\/wp-content\/uploads\/2014\/01\/Colot-II5706_PerspColot-150x150.jpeg 150w, https:\/\/gatito.be\/expo\/wp-content\/uploads\/2014\/01\/Colot-II5706_PerspColot.jpeg 423w\" sizes=\"(max-width: 203px) 100vw, 203px\" \/><\/a><\/p>\n<p>Images \u00ab la perspective et la magie du vrai \u00bb. En \u00e9cho aux propos d&rsquo;Andr\u00e9 Rouill\u00e9\u00a0: <i>La photographie, entre document et art contemporain<\/i>, p.74-75, folio essais \u00e9d. Gallimard, 2005. Extrait du chapitre, <i>Le vrai photographique<\/i>.<\/p>\n<p>\u00ab&#8230;Qu&rsquo;est-ce qui sous-tend cette croyance en l&rsquo;exactitude, la v\u00e9rit\u00e9, et la r\u00e9alit\u00e9 de la photographie-document\u00a0? Cette croyance s&rsquo;ancre certainement dans le fait que la photographie parach\u00e8ve, rationalise et m\u00e9canise l&rsquo;agencement qui s&rsquo;est impos\u00e9 en Occident \u00e0 partir du Quattrocento\u00a0: la forme symbolique de la perspective, l&rsquo;habitus perceptif qu&rsquo;elle suscite, et le dispositif de la camera obscura. La perspective est une organisation fictive, imaginaire, r\u00e9put\u00e9e imiter la perception\u00a0; le tableau traduit la prose du monde dans la langue \u00e9trang\u00e8re d&rsquo;un cadre codifi\u00e9, conventionnel. L&rsquo;habitus perceptif qui s&rsquo;est d\u00e9ploy\u00e9 avec le tableau perspectiviste n&rsquo;est pas remis en cause au milieu du XIXe si\u00e8cle par la photographie, il est au contraire syst\u00e9matis\u00e9 par l&rsquo;optique et par l&#8217;emploi oblig\u00e9 de la chambre noire, qui n&rsquo;\u00e9tait auparavant qu&rsquo;un accessoire facultatif dans la panoplie des peintres&#8230;\u00bb<\/p>\n<p><b>Impressions 3D \u2014 l\u2019art plastique\u00a0: z\u00e9ro, un, \u2026 et vide <\/b><\/p>\n<p>Le c\u0153ur des images num\u00e9riques, ni trace ni empreinte, s\u00e9ries de nombres et d\u2019algorithmes, calculables, en variations continues .<\/p>\n<p><a href=\"https:\/\/gatito.be\/expo\/wp-content\/uploads\/2014\/01\/colot.jpg\" rel=\"lightbox[354]\"><img loading=\"lazy\" class=\"alignnone size-medium wp-image-1723\" alt=\"Impression 3D\" src=\"https:\/\/gatito.be\/expo\/wp-content\/uploads\/2014\/01\/colot-300x200.jpg\" width=\"300\" height=\"200\" srcset=\"https:\/\/gatito.be\/expo\/wp-content\/uploads\/2014\/01\/colot-300x200.jpg 300w, https:\/\/gatito.be\/expo\/wp-content\/uploads\/2014\/01\/colot.jpg 640w\" sizes=\"(max-width: 300px) 100vw, 300px\" \/><\/a><\/p>\n<p>&nbsp;<\/p>\n","protected":false},"excerpt":{"rendered":"<p>jlcolot@ulb.ac.be www.fluxettraces.be Physiciens (ULB) \u2014 images et impressions 3D \u0152uvre(s) pr\u00e9sent\u00e9e(s) \u00ab Le plat rond, la perspective et la magie du vrai \u00bb \u00ab Le plat rond\u00a0?, la perspective et la magie du vrai \u00bb \u00ab Ob\u00e9lisque prisme \u00e0 Louxor\u00a0\u00bb \u00ab Les bandes blanches et les ombres justes, rue Lafayette (Paris)\u00a0\u00bb Images \u00ab la perspective et la magie du vrai \u00bb. En \u00e9cho aux propos d&rsquo;Andr\u00e9 Rouill\u00e9\u00a0: La photographie, entre document et art contemporain, p.74-75, folio essais \u00e9d. Gallimard, 2005. Extrait du chapitre, Le vrai photographique. \u00ab&#8230;Qu&rsquo;est-ce qui sous-tend cette croyance en l&rsquo;exactitude, la v\u00e9rit\u00e9, et la r\u00e9alit\u00e9 de la<a href=\"https:\/\/gatito.be\/expo\/artistes-exposants\/colot-jean-louis\/\">&nbsp;&nbsp;[ Suite&#8230; ]<\/a><\/p>\n","protected":false},"author":25,"featured_media":0,"parent":222,"menu_order":7,"comment_status":"open","ping_status":"open","template":"fullwide.php","meta":{"ngg_post_thumbnail":0},"_links":{"self":[{"href":"https:\/\/gatito.be\/expo\/wp-json\/wp\/v2\/pages\/354"}],"collection":[{"href":"https:\/\/gatito.be\/expo\/wp-json\/wp\/v2\/pages"}],"about":[{"href":"https:\/\/gatito.be\/expo\/wp-json\/wp\/v2\/types\/page"}],"author":[{"embeddable":true,"href":"https:\/\/gatito.be\/expo\/wp-json\/wp\/v2\/users\/25"}],"replies":[{"embeddable":true,"href":"https:\/\/gatito.be\/expo\/wp-json\/wp\/v2\/comments?post=354"}],"version-history":[{"count":7,"href":"https:\/\/gatito.be\/expo\/wp-json\/wp\/v2\/pages\/354\/revisions"}],"predecessor-version":[{"id":1724,"href":"https:\/\/gatito.be\/expo\/wp-json\/wp\/v2\/pages\/354\/revisions\/1724"}],"up":[{"embeddable":true,"href":"https:\/\/gatito.be\/expo\/wp-json\/wp\/v2\/pages\/222"}],"wp:attachment":[{"href":"https:\/\/gatito.be\/expo\/wp-json\/wp\/v2\/media?parent=354"}],"curies":[{"name":"wp","href":"https:\/\/api.w.org\/{rel}","templated":true}]}}