{"id":348,"date":"2014-01-26T18:08:33","date_gmt":"2014-01-26T17:08:33","guid":{"rendered":"https:\/\/gatito.be\/expo\/?page_id=348"},"modified":"2014-01-26T18:08:33","modified_gmt":"2014-01-26T17:08:33","slug":"cleeremans-raph-dael-andre","status":"publish","type":"page","link":"https:\/\/gatito.be\/expo\/artistes-exposants\/cleeremans-raph-dael-andre\/","title":{"rendered":"CLEEREMANS Raph, DAEL Andr\u00e9"},"content":{"rendered":"<p>Peinture, dessin<\/p>\n<p><a href=\"mailto:arcadel@mac.com\">arcadel@mac.com<\/a><br \/>\n<a href=\"http:\/\/www.andredael.be\">www.andredael.be<\/a><\/p>\n<p>3 pi\u00e8ces extraites des \u00ab\u00a0Dialogues de la Section d\u2019Or\u00a0\u00bb, une s\u00e9rie de 32 tableaux r\u00e9alis\u00e9s \u00e0 4 mains par Andr\u00e9 Dael et Raph Cleeremans.<\/p>\n<p>Chaque tableau est au format d\u2019un rectangle d\u2019or s\u00e9par\u00e9 en 2 parties \u00e0 l\u2019emplacement de la section d\u2019or.<\/p>\n<p>L\u2019un des 2 artistes travaille individuellement sur l\u2019une des parties, l\u2019autre poursuit ensuite le travail sur le second volet.<\/p>\n<p>Les morceaux accol\u00e9s reconstituent le rectangle d\u2018or.<\/p>\n<p>Les \u0153uvres peuvent, mais ne doivent pas n\u00e9cessairement, faire r\u00e9f\u00e9rence au nombre d\u2019or et \u00e0 la suite de Fibonacci.<\/p>\n<p>Toutes les digressions sont permises, les 2 volets se r\u00e9pondent ou s\u2019opposent, se nourrissent l\u2019une de l\u2019autre ou s\u2019affrontent ouvertement, dialogues complices ou dialogues de sourds.<\/p>\n<p>Le r\u00e9sultat est g\u00e9n\u00e9ralement fort \u00e9loign\u00e9 du travail individuel de Dael ou de Cleeremans et il n\u2019est pas toujours \u00e9vident de voir \u00e0 qui a \u00e9t\u00e9 attribu\u00e9e l\u2019une ou l\u2019autre partie.<\/p>\n<p>La s\u00e9rie compl\u00e8te des \u00ab\u00a0Dialogues de la Section d\u2019Or\u00a0\u00bb a \u00e9t\u00e9 pr\u00e9sent\u00e9e en avril-mai 2012 \u00e0 la galerie 2016 \u00e0 Bruxelles.<\/p>\n<p>Dialogue n\u00b0 2\u00a0: Malwiya 2009<br \/>\n32,4 x 20.\u00a0 Technique mixte<\/p>\n<div id=\"attachment_349\" style=\"width: 310px\" class=\"wp-caption alignnone\"><a href=\"https:\/\/gatito.be\/expo\/wp-content\/uploads\/2014\/01\/Cleeremans-Dael-Maliywa.jpg\" rel=\"lightbox[348]\"><img aria-describedby=\"caption-attachment-349\" loading=\"lazy\" class=\"size-medium wp-image-349\" alt=\"Maliywa\" src=\"https:\/\/gatito.be\/expo\/wp-content\/uploads\/2014\/01\/Cleeremans-Dael-Maliywa-300x188.jpg\" width=\"300\" height=\"188\" srcset=\"https:\/\/gatito.be\/expo\/wp-content\/uploads\/2014\/01\/Cleeremans-Dael-Maliywa-300x188.jpg 300w, https:\/\/gatito.be\/expo\/wp-content\/uploads\/2014\/01\/Cleeremans-Dael-Maliywa-1024x642.jpg 1024w\" sizes=\"(max-width: 300px) 100vw, 300px\" \/><\/a><p id=\"caption-attachment-349\" class=\"wp-caption-text\">Maliywa<\/p><\/div>\n<p>Dialogue n\u00b0 18\u00a0: Esprit contraire 2009<br \/>\n32,4 x 20.\u00a0 Technique mixte<\/p>\n<p><a href=\"https:\/\/gatito.be\/expo\/wp-content\/uploads\/2014\/01\/Cleeremans-Dael-esprit-contraire.jpg\" rel=\"lightbox[348]\"><img loading=\"lazy\" class=\"alignnone size-medium wp-image-351\" alt=\"Cleeremans-Dael esprit contraire\" src=\"https:\/\/gatito.be\/expo\/wp-content\/uploads\/2014\/01\/Cleeremans-Dael-esprit-contraire-300x190.jpg\" width=\"300\" height=\"190\" srcset=\"https:\/\/gatito.be\/expo\/wp-content\/uploads\/2014\/01\/Cleeremans-Dael-esprit-contraire-300x190.jpg 300w, https:\/\/gatito.be\/expo\/wp-content\/uploads\/2014\/01\/Cleeremans-Dael-esprit-contraire-1024x648.jpg 1024w\" sizes=\"(max-width: 300px) 100vw, 300px\" \/><\/a><\/p>\n<p>Dialogue n\u00b0 27\u00a0: Faire des plans pour Fibonacci 2010<br \/>\n32,4 x 20.\u00a0 Technique mixte<\/p>\n<div id=\"attachment_352\" style=\"width: 310px\" class=\"wp-caption alignnone\"><a href=\"https:\/\/gatito.be\/expo\/wp-content\/uploads\/2014\/01\/Cleeremans-Dael-faire-des-plans-pour-Fibonacci.jpg\" rel=\"lightbox[348]\"><img aria-describedby=\"caption-attachment-352\" loading=\"lazy\" class=\"size-medium wp-image-352\" alt=\"Faire des plans pour Fibonacci\" src=\"https:\/\/gatito.be\/expo\/wp-content\/uploads\/2014\/01\/Cleeremans-Dael-faire-des-plans-pour-Fibonacci-300x190.jpg\" width=\"300\" height=\"190\" srcset=\"https:\/\/gatito.be\/expo\/wp-content\/uploads\/2014\/01\/Cleeremans-Dael-faire-des-plans-pour-Fibonacci-300x190.jpg 300w, https:\/\/gatito.be\/expo\/wp-content\/uploads\/2014\/01\/Cleeremans-Dael-faire-des-plans-pour-Fibonacci-1024x650.jpg 1024w\" sizes=\"(max-width: 300px) 100vw, 300px\" \/><\/a><p id=\"caption-attachment-352\" class=\"wp-caption-text\">Faire des plans pour Fibonacci<\/p><\/div>\n<p>&nbsp;<\/p>\n<p>&nbsp;<\/p>\n<p>&nbsp;<\/p>\n<p>&nbsp;<\/p>\n<p>&nbsp;<\/p>\n","protected":false},"excerpt":{"rendered":"<p>Peinture, dessin arcadel@mac.com www.andredael.be 3 pi\u00e8ces extraites des \u00ab\u00a0Dialogues de la Section d\u2019Or\u00a0\u00bb, une s\u00e9rie de 32 tableaux r\u00e9alis\u00e9s \u00e0 4 mains par Andr\u00e9 Dael et Raph Cleeremans. Chaque tableau est au format d\u2019un rectangle d\u2019or s\u00e9par\u00e9 en 2 parties \u00e0 l\u2019emplacement de la section d\u2019or. L\u2019un des 2 artistes travaille individuellement sur l\u2019une des parties, l\u2019autre poursuit ensuite le travail sur le second volet. Les morceaux accol\u00e9s reconstituent le rectangle d\u2018or. Les \u0153uvres peuvent, mais ne doivent pas n\u00e9cessairement, faire r\u00e9f\u00e9rence au nombre d\u2019or et \u00e0 la suite de Fibonacci. Toutes les digressions sont permises, les 2 volets se<a href=\"https:\/\/gatito.be\/expo\/artistes-exposants\/cleeremans-raph-dael-andre\/\">&nbsp;&nbsp;[ Suite&#8230; ]<\/a><\/p>\n","protected":false},"author":25,"featured_media":0,"parent":222,"menu_order":6,"comment_status":"open","ping_status":"open","template":"fullwide.php","meta":{"ngg_post_thumbnail":0},"_links":{"self":[{"href":"https:\/\/gatito.be\/expo\/wp-json\/wp\/v2\/pages\/348"}],"collection":[{"href":"https:\/\/gatito.be\/expo\/wp-json\/wp\/v2\/pages"}],"about":[{"href":"https:\/\/gatito.be\/expo\/wp-json\/wp\/v2\/types\/page"}],"author":[{"embeddable":true,"href":"https:\/\/gatito.be\/expo\/wp-json\/wp\/v2\/users\/25"}],"replies":[{"embeddable":true,"href":"https:\/\/gatito.be\/expo\/wp-json\/wp\/v2\/comments?post=348"}],"version-history":[{"count":3,"href":"https:\/\/gatito.be\/expo\/wp-json\/wp\/v2\/pages\/348\/revisions"}],"predecessor-version":[{"id":414,"href":"https:\/\/gatito.be\/expo\/wp-json\/wp\/v2\/pages\/348\/revisions\/414"}],"up":[{"embeddable":true,"href":"https:\/\/gatito.be\/expo\/wp-json\/wp\/v2\/pages\/222"}],"wp:attachment":[{"href":"https:\/\/gatito.be\/expo\/wp-json\/wp\/v2\/media?parent=348"}],"curies":[{"name":"wp","href":"https:\/\/api.w.org\/{rel}","templated":true}]}}