{"id":342,"date":"2014-01-26T18:05:28","date_gmt":"2014-01-26T17:05:28","guid":{"rendered":"https:\/\/gatito.be\/expo\/?page_id=342"},"modified":"2014-01-26T18:37:46","modified_gmt":"2014-01-26T17:37:46","slug":"chotteau-therese","status":"publish","type":"page","link":"https:\/\/gatito.be\/expo\/artistes-exposants\/chotteau-therese\/","title":{"rendered":"CHOTTEAU Th\u00e9r\u00e8se"},"content":{"rendered":"<p><b><a href=\"mailto:theresechotteau@scarlet.be\">theresechotteau@scarlet.be<br \/>\n<\/a><\/b><a href=\"http:\/\/www.theresechotteau.com\/bib\/bib015\/bib015p15_20.htm\" target=\"_blank\">www.theresechotteau.com<\/a><\/p>\n<p>\u0152uvre(s) pr\u00e9sent\u00e9e(s)<\/p>\n<p>Le mouvement perp\u00e9tuel, sculpture 1996<\/p>\n<p>bronze coule \u00e0 la cire perdue (prototype et pi\u00e8ce unique)<br \/>\n26 x 10 x 11 cm, socle\u00a0: 143 x 18 x 18 cm<\/p>\n<dl class=\"wp-caption alignnone\" id=\"attachment_412\" style=\"width: 310px;\">\n<dt class=\"wp-caption-dt\"><\/dt>\n<dd class=\"wp-caption-dd\">Le mouvement perp\u00e9tuel<\/dd>\n<\/dl>\n\n\t\t<style type=\"text\/css\">\n\t\t\t#gallery-1 {\n\t\t\t\tmargin: auto;\n\t\t\t}\n\t\t\t#gallery-1 .gallery-item {\n\t\t\t\tfloat: left;\n\t\t\t\tmargin-top: 10px;\n\t\t\t\ttext-align: center;\n\t\t\t\twidth: 33%;\n\t\t\t}\n\t\t\t#gallery-1 img {\n\t\t\t\tborder: 2px solid #cfcfcf;\n\t\t\t}\n\t\t\t#gallery-1 .gallery-caption {\n\t\t\t\tmargin-left: 0;\n\t\t\t}\n\t\t\t\/* see gallery_shortcode() in wp-includes\/media.php *\/\n\t\t<\/style>\n\t\t<div id='gallery-1' class='gallery galleryid-342 gallery-columns-3 gallery-size-thumbnail'><dl class='gallery-item'>\n\t\t\t<dt class='gallery-icon landscape'>\n\t\t\t\t<a href='https:\/\/gatito.be\/expo\/artistes-exposants\/chotteau-therese\/chotteau-therese-le-mouvement-perpetuel\/'><img width=\"150\" height=\"150\" src=\"https:\/\/gatito.be\/expo\/wp-content\/uploads\/2014\/01\/Chotteau-Therese-Le-Mouvement-Perpe\u0301tuel-150x150.jpg\" class=\"attachment-thumbnail size-thumbnail\" alt=\"\" loading=\"lazy\" aria-describedby=\"gallery-1-412\" srcset=\"https:\/\/gatito.be\/expo\/wp-content\/uploads\/2014\/01\/Chotteau-Therese-Le-Mouvement-Perpe\u0301tuel-150x150.jpg 150w, https:\/\/gatito.be\/expo\/wp-content\/uploads\/2014\/01\/Chotteau-Therese-Le-Mouvement-Perpe\u0301tuel-300x300.jpg 300w, https:\/\/gatito.be\/expo\/wp-content\/uploads\/2014\/01\/Chotteau-Therese-Le-Mouvement-Perpe\u0301tuel.jpg 800w\" sizes=\"(max-width: 150px) 100vw, 150px\" \/><\/a>\n\t\t\t<\/dt>\n\t\t\t\t<dd class='wp-caption-text gallery-caption' id='gallery-1-412'>\n\t\t\t\tLe mouvement perp\u00e9tuel\n\t\t\t\t<\/dd><\/dl><dl class='gallery-item'>\n\t\t\t<dt class='gallery-icon portrait'>\n\t\t\t\t<a href='https:\/\/gatito.be\/expo\/artistes-exposants\/chotteau-therese\/chotteau-mouvement-perpetuel\/'><img width=\"150\" height=\"150\" src=\"https:\/\/gatito.be\/expo\/wp-content\/uploads\/2014\/01\/Chotteau-mouvement-perpe\u0301tuel-150x150.jpg\" class=\"attachment-thumbnail size-thumbnail\" alt=\"\" loading=\"lazy\" \/><\/a>\n\t\t\t<\/dt><\/dl><dl class='gallery-item'>\n\t\t\t<dt class='gallery-icon landscape'>\n\t\t\t\t<a href='https:\/\/gatito.be\/expo\/artistes-exposants\/chotteau-therese\/chotteau-formes-geometriques-3\/'><img width=\"150\" height=\"150\" src=\"https:\/\/gatito.be\/expo\/wp-content\/uploads\/2014\/01\/Chotteau-formes-ge\u0301ome\u0301triques-3-150x150.jpg\" class=\"attachment-thumbnail size-thumbnail\" alt=\"\" loading=\"lazy\" \/><\/a>\n\t\t\t<\/dt><\/dl><br style=\"clear: both\" \/><dl class='gallery-item'>\n\t\t\t<dt class='gallery-icon landscape'>\n\t\t\t\t<a href='https:\/\/gatito.be\/expo\/artistes-exposants\/chotteau-therese\/chotteau-formes-geometriques-1\/'><img width=\"150\" height=\"150\" src=\"https:\/\/gatito.be\/expo\/wp-content\/uploads\/2014\/01\/Chotteau-formes-ge\u0301ome\u0301triques-1-150x150.jpg\" class=\"attachment-thumbnail size-thumbnail\" alt=\"\" loading=\"lazy\" \/><\/a>\n\t\t\t<\/dt><\/dl>\n\t\t\t<br style='clear: both' \/>\n\t\t<\/div>\n\n","protected":false},"excerpt":{"rendered":"<p>theresechotteau@scarlet.be www.theresechotteau.com \u0152uvre(s) pr\u00e9sent\u00e9e(s) Le mouvement perp\u00e9tuel, sculpture 1996 bronze coule \u00e0 la cire perdue (prototype et pi\u00e8ce unique) 26 x 10 x 11 cm, socle\u00a0: 143 x 18 x 18 cm Le mouvement perp\u00e9tuel<\/p>\n","protected":false},"author":25,"featured_media":0,"parent":222,"menu_order":5,"comment_status":"open","ping_status":"open","template":"fullwide.php","meta":{"ngg_post_thumbnail":0},"_links":{"self":[{"href":"https:\/\/gatito.be\/expo\/wp-json\/wp\/v2\/pages\/342"}],"collection":[{"href":"https:\/\/gatito.be\/expo\/wp-json\/wp\/v2\/pages"}],"about":[{"href":"https:\/\/gatito.be\/expo\/wp-json\/wp\/v2\/types\/page"}],"author":[{"embeddable":true,"href":"https:\/\/gatito.be\/expo\/wp-json\/wp\/v2\/users\/25"}],"replies":[{"embeddable":true,"href":"https:\/\/gatito.be\/expo\/wp-json\/wp\/v2\/comments?post=342"}],"version-history":[{"count":5,"href":"https:\/\/gatito.be\/expo\/wp-json\/wp\/v2\/pages\/342\/revisions"}],"predecessor-version":[{"id":721,"href":"https:\/\/gatito.be\/expo\/wp-json\/wp\/v2\/pages\/342\/revisions\/721"}],"up":[{"embeddable":true,"href":"https:\/\/gatito.be\/expo\/wp-json\/wp\/v2\/pages\/222"}],"wp:attachment":[{"href":"https:\/\/gatito.be\/expo\/wp-json\/wp\/v2\/media?parent=342"}],"curies":[{"name":"wp","href":"https:\/\/api.w.org\/{rel}","templated":true}]}}