{"id":276,"date":"2013-12-13T16:37:55","date_gmt":"2013-12-13T15:37:55","guid":{"rendered":"https:\/\/gatito.be\/expo\/?page_id=276"},"modified":"2014-01-26T17:41:59","modified_gmt":"2014-01-26T16:41:59","slug":"bauwin-miche","status":"publish","type":"page","link":"https:\/\/gatito.be\/expo\/artistes-exposants\/bauwin-miche\/","title":{"rendered":"BAUWIN Miche"},"content":{"rendered":"<p><a href=\"mailto:michebauwin@skynet.be\">michebauwin@skynet.be<\/a><br \/>\n<a href=\"http:\/\/www.bauwin.be\" target=\"_blank\">www.bauwin.be<\/a><br \/>\nPeinture \u2013 Techniques mixtes<\/p>\n<p>\u0152uvre(s) pr\u00e9sent\u00e9e(s) :<\/p>\n<ol>\n<li>Volumes<br \/>\n2013 \u2013 Diam\u00e8tre 40cm<\/li>\n<li>Pi<br \/>\n2013 \u2013 Diam\u00e8tre 40cm<\/li>\n<li>Ensembles<br \/>\n2013 \u2013 Diam\u00e8tre 30cm<\/li>\n<\/ol>\n<p><a href=\"https:\/\/gatito.be\/expo\/wp-content\/uploads\/2013\/12\/BAUWIN-P1080899.jpg\" rel=\"lightbox[276]\"><img loading=\"lazy\" class=\"alignnone size-medium wp-image-407\" alt=\"BAUWIN P1080899\" src=\"https:\/\/gatito.be\/expo\/wp-content\/uploads\/2013\/12\/BAUWIN-P1080899-300x225.jpg\" width=\"300\" height=\"225\" srcset=\"https:\/\/gatito.be\/expo\/wp-content\/uploads\/2013\/12\/BAUWIN-P1080899-300x225.jpg 300w, https:\/\/gatito.be\/expo\/wp-content\/uploads\/2013\/12\/BAUWIN-P1080899-1024x768.jpg 1024w\" sizes=\"(max-width: 300px) 100vw, 300px\" \/><\/a><a href=\"https:\/\/gatito.be\/expo\/wp-content\/uploads\/2013\/12\/BAUWIN-P1080902.jpg\" rel=\"lightbox[276]\"><img loading=\"lazy\" class=\"alignnone size-medium wp-image-408\" alt=\"BAUWIN P1080902\" src=\"https:\/\/gatito.be\/expo\/wp-content\/uploads\/2013\/12\/BAUWIN-P1080902-300x225.jpg\" width=\"300\" height=\"225\" srcset=\"https:\/\/gatito.be\/expo\/wp-content\/uploads\/2013\/12\/BAUWIN-P1080902-300x225.jpg 300w, https:\/\/gatito.be\/expo\/wp-content\/uploads\/2013\/12\/BAUWIN-P1080902-1024x768.jpg 1024w\" sizes=\"(max-width: 300px) 100vw, 300px\" \/><\/a><a href=\"https:\/\/gatito.be\/expo\/wp-content\/uploads\/2013\/12\/BAUWIN-P1080905.jpg\" rel=\"lightbox[276]\"><img loading=\"lazy\" class=\"alignnone size-medium wp-image-409\" alt=\"BAUWIN P1080905\" src=\"https:\/\/gatito.be\/expo\/wp-content\/uploads\/2013\/12\/BAUWIN-P1080905-300x225.jpg\" width=\"300\" height=\"225\" srcset=\"https:\/\/gatito.be\/expo\/wp-content\/uploads\/2013\/12\/BAUWIN-P1080905-300x225.jpg 300w, https:\/\/gatito.be\/expo\/wp-content\/uploads\/2013\/12\/BAUWIN-P1080905-1024x768.jpg 1024w\" sizes=\"(max-width: 300px) 100vw, 300px\" \/><\/a><\/p>\n<p>&nbsp;<\/p>\n","protected":false},"excerpt":{"rendered":"<p>michebauwin@skynet.be www.bauwin.be Peinture \u2013 Techniques mixtes \u0152uvre(s) pr\u00e9sent\u00e9e(s) : Volumes 2013 \u2013 Diam\u00e8tre 40cm Pi 2013 \u2013 Diam\u00e8tre 40cm Ensembles 2013 \u2013 Diam\u00e8tre 30cm &nbsp;<\/p>\n","protected":false},"author":1,"featured_media":0,"parent":222,"menu_order":1,"comment_status":"closed","ping_status":"closed","template":"fullwide.php","meta":{"ngg_post_thumbnail":0},"_links":{"self":[{"href":"https:\/\/gatito.be\/expo\/wp-json\/wp\/v2\/pages\/276"}],"collection":[{"href":"https:\/\/gatito.be\/expo\/wp-json\/wp\/v2\/pages"}],"about":[{"href":"https:\/\/gatito.be\/expo\/wp-json\/wp\/v2\/types\/page"}],"author":[{"embeddable":true,"href":"https:\/\/gatito.be\/expo\/wp-json\/wp\/v2\/users\/1"}],"replies":[{"embeddable":true,"href":"https:\/\/gatito.be\/expo\/wp-json\/wp\/v2\/comments?post=276"}],"version-history":[{"count":9,"href":"https:\/\/gatito.be\/expo\/wp-json\/wp\/v2\/pages\/276\/revisions"}],"predecessor-version":[{"id":410,"href":"https:\/\/gatito.be\/expo\/wp-json\/wp\/v2\/pages\/276\/revisions\/410"}],"up":[{"embeddable":true,"href":"https:\/\/gatito.be\/expo\/wp-json\/wp\/v2\/pages\/222"}],"wp:attachment":[{"href":"https:\/\/gatito.be\/expo\/wp-json\/wp\/v2\/media?parent=276"}],"curies":[{"name":"wp","href":"https:\/\/api.w.org\/{rel}","templated":true}]}}