{"id":222,"date":"2013-01-01T14:41:03","date_gmt":"2013-01-01T13:41:03","guid":{"rendered":"https:\/\/gatito.be\/expo\/?page_id=222"},"modified":"2016-01-15T13:42:24","modified_gmt":"2016-01-15T12:42:24","slug":"artistes-exposants","status":"publish","type":"page","link":"https:\/\/gatito.be\/expo\/artistes-exposants\/","title":{"rendered":"Artistes exposants 2014"},"content":{"rendered":"<p>Liste de tous les participants et <span style=\"color: #0000ff;\">artistes exposants<\/span> (class\u00e9e par ordre alphab\u00e9tique du nom de famille).<\/p>\n<p><em>En italique<\/em>, les noms de personnes sans oeuvre expos\u00e9e, qui ont aid\u00e9 \u00e0 la r\u00e9alisation du travail.<\/p>\n<p>Nous avons tenu \u00e0 honorer la m\u00e9moire de quelques <span style=\"color: #339966;\">grands pr\u00e9curseurs<\/span>.<\/p>\n<p><strong>Cliquer sur le nom des Artistes<\/strong> exposants pour visionner leur page.<\/p>\n<p>&nbsp;<\/p>\n<table style=\"width: 90%;\" border=\"0\">\n<tbody>\n<tr>\n<td><a title=\"Bauwin, Miche\" href=\"https:\/\/gatito.be\/expo\/artistes-exposants\/bauwin-miche\/\">Bauwin, Miche<\/a><br \/>\n<a href=\"Beck,%20Jacques\">Beck, Jacques<\/a><br \/>\nBeck , Fran\u00e7oise<br \/>\n<span style=\"color: #339966;\">Berge, Claude<\/span><br \/>\n<em>Bouckaert, Charlotte<\/em><br \/>\n<em>Callisto<\/em><br \/>\n<span style=\"color: #339966;\">Carroll, Lewis<\/span><br \/>\nCastera, Jean-Marc<br \/>\n<a title=\"CHOTTEAU Th\u00e9r\u00e8se\" href=\"https:\/\/gatito.be\/expo\/artistes-exposants\/chotteau-therese\/\">Chotteau, Th\u00e9r\u00e8se<\/a><br \/>\n<a title=\"CLEEREMANS Raph, DAEL Andr\u00e9\" href=\"https:\/\/gatito.be\/expo\/artistes-exposants\/cleeremans-raph-dael-andre\/\">Cleeremans, Raph<\/a><br \/>\n<a title=\"COLOT Jean-Louis\" href=\"https:\/\/gatito.be\/expo\/artistes-exposants\/colot-jean-louis\/\">Colot, Jean Louis<\/a><br \/>\n<a title=\"CLEEREMANS Raph, DAEL Andr\u00e9\" href=\"https:\/\/gatito.be\/expo\/artistes-exposants\/cleeremans-raph-dael-andre\/\">Dael, Andr\u00e9<\/a><br \/>\n<span style=\"color: #339966;\">da Vinci, Leonardo<\/span><br \/>\n<a title=\"DAUCHOT Alain\" href=\"https:\/\/gatito.be\/expo\/artistes-exposants\/dauchot-alain\/\">Dauchot, Alain<\/a><br \/>\n<span style=\"color: #339966;\">de Barbari, Jacopo<\/span><br \/>\n<a title=\"DECELLE Philippe\" href=\"https:\/\/gatito.be\/expo\/artistes-exposants\/decelle-philippe\/\">Decelle, Philippe<\/a><br \/>\n<span style=\"color: #339966;\">Delahaut, Jo<\/span><br \/>\n<span style=\"color: #339966;\">della Francesca, piero<\/span><br \/>\n<a title=\"DIORD Jean-Fran\u00e7ois\" href=\"https:\/\/gatito.be\/expo\/artistes-exposants\/diord-jean-francois\/\">Diord, Jean Fran\u00e7ois<\/a><br \/>\n<a title=\"DREESEN Katelyne\" href=\"https:\/\/gatito.be\/expo\/artistes-exposants\/dreesen-katelyne\/\">Dreesen, Katelyne<\/a><br \/>\n<a title=\"DRISCH Anita\" href=\"https:\/\/gatito.be\/expo\/artistes-exposants\/drisch-anita\/\">Drisch, Anita<\/a><br \/>\n<span style=\"color: #339966;\">D\u00fcrer, Albrecht<\/span><br \/>\n<span style=\"color: #339966;\"> Ernst, Max<\/span><br \/>\n<span style=\"color: #339966;\">Escher, MC<\/span><br \/>\n<em>Garot, Nathalie<\/em><br \/>\n<a title=\"GDM\" href=\"https:\/\/gatito.be\/expo\/artistes-exposants\/gdm\/\">GDM<\/a><br \/>\nGeluck, Philippe<br \/>\n<em>Geluck, Jean-Christophe<\/em><br \/>\n<a title=\"GERARD -Geluck Marie-Madeleine\" href=\"https:\/\/gatito.be\/expo\/artistes-exposants\/gerard-geluck-marie-madeleine\/\">G\u00e9rard, Marie Madeleine<\/a><br \/>\nGofffin et Peeters,<\/td>\n<td><em>Gonze, Paul<\/em><br \/>\n<a title=\"GONZE  Thierry\" href=\"https:\/\/gatito.be\/expo\/artistes-exposants\/gonze-thierry\/\">Gonze, Thierry<\/a><br \/>\n<em>Gottcheiner, Alain<\/em><br \/>\n<a title=\"GOYBET Catherine\" href=\"https:\/\/gatito.be\/expo\/artistes-exposants\/goybet-catherine-2\/\">Goybet, Catherine<\/a><br \/>\n<a title=\"HARR Marie-Paule\" href=\"https:\/\/gatito.be\/expo\/artistes-exposants\/harr-marie-paule\/\">Haar, Marie-Paule<\/a><br \/>\n<a title=\"HELHOLC Serge\" href=\"https:\/\/gatito.be\/expo\/artistes-exposants\/helholc-serge\/\">Helholc, Serge<\/a><br \/>\n<em>Hickx, Yvan<\/em><br \/>\n<span style=\"color: #339966;\">Hogarth, William<\/span><br \/>\n<span style=\"color: #339966;\"> Holbein, Hans<\/span><br \/>\nHubaut, Natacha<br \/>\n<a title=\"VELU Bertrand et  HUBAUT Olivier\" href=\"https:\/\/gatito.be\/expo\/artistes-exposants\/velu-bertrand-et-hubaut-olivier\/\">Hubaut, Olivier<\/a><br \/>\n<a title=\"HUON Fran\u00e7ois\" href=\"https:\/\/gatito.be\/expo\/artistes-exposants\/huon-francois\/\">Huon, Fran\u00e7ois<\/a><br \/>\n<em>Jariabka, Milos<\/em><br \/>\n<a title=\"JONES  Anne\" href=\"https:\/\/gatito.be\/expo\/artistes-exposants\/jones-anne\/\">Jones, Anne<\/a><br \/>\n<span style=\"color: #339966;\">Kandinski,<\/span><br \/>\n<a title=\"KAYSER Robert\" href=\"https:\/\/gatito.be\/expo\/artistes-exposants\/kayser-robert\/\">Kayser, Robert<\/a><br \/>\n<a title=\"KLINKERT  Jos\u00e9\" href=\"https:\/\/gatito.be\/expo\/artistes-exposants\/klinkert-jose\/\">Klinkert, Jos\u00e9<\/a><br \/>\n<em>Lobert, Alex<\/em><br \/>\n<a title=\"LOICK Chris\" href=\"https:\/\/gatito.be\/expo\/artistes-exposants\/loick-chris\/\">Loicq, Chris<\/a><br \/>\n<a title=\"LUQUE SANCHEZ F\u00e9lix\" href=\"https:\/\/gatito.be\/expo\/artistes-exposants\/luque-sanchez-felix\/\">Luque Sanchez, F\u00e9lix<\/a><br \/>\n<span style=\"color: #339966;\">Magritte, Ren\u00e9<\/span><br \/>\n<a title=\"MALFAIT CARAKEHIAN  Sylvie\" href=\"https:\/\/gatito.be\/expo\/artistes-exposants\/malfait-carakehian-sylvie\/\">Malfait, Sylvie<\/a><br \/>\n<span style=\"color: #339966;\">Masereel, Frans<\/span><br \/>\n<em>Mauro, Paola<\/em><br \/>\nMaury, Jean-Pierre<br \/>\nMorreels, Fr\u00e9d\u00e9ric<br \/>\n<a title=\"MOUVET  Jacques\" href=\"https:\/\/gatito.be\/expo\/artistes-exposants\/mouvet-jacques\/\">Mouvet, Jacques<\/a><br \/>\n<span style=\"color: #339966;\">Neufchatel, Nicholaus<\/span><br \/>\nPeeters &amp; F.Schuiten,<\/td>\n<td><span style=\"color: #339966;\">P\u00e9rec, Georges<\/span><br \/>\n<a title=\"PICARD  Bruno\" href=\"https:\/\/gatito.be\/expo\/artistes-exposants\/picard-bruno\/\">Picard, Bruno<\/a><br \/>\nPochet, Jean-Michel<br \/>\n<span style=\"color: #339966;\">Queneau, Raymond<\/span><br \/>\n<em>Rabinovitch, Marcelle<\/em><br \/>\n<a title=\"RALET  Paul\" href=\"https:\/\/gatito.be\/expo\/artistes-exposants\/ralet-paul\/\">Ralet, Paul<\/a><br \/>\n<span style=\"color: #339966;\">Reutersvard, Oscar<\/span><br \/>\n<a title=\"RIEDL  Hans\" href=\"https:\/\/gatito.be\/expo\/artistes-exposants\/riedl-hans\/\">Riedel, Hans<\/a><br \/>\nSchuiten, Luc et Fran\u00e7ois<br \/>\n<a title=\"SDRALEVICH Teresa\" href=\"https:\/\/gatito.be\/expo\/artistes-exposants\/sdralevich-teresa\/\">Sdralevich, Teresa<\/a><br \/>\n<em>Sengier, Jacqueline<\/em><br \/>\n<a title=\"SOMERS  Francine\" href=\"https:\/\/gatito.be\/expo\/artistes-exposants\/somers-francine\/\">Somers, Francine<\/a><br \/>\n<a title=\"SZASZ SAXON Janos\" href=\"https:\/\/gatito.be\/expo\/artistes-exposants\/szasz-saxon-janos\/\">Sz\u00e1sz, Janos Saxon<\/a><br \/>\n<a title=\"UYTTEBROUCK  Eric\" href=\"https:\/\/gatito.be\/expo\/artistes-exposants\/uyttebrouck-eric\/\">Uyttebrouck, Eric<\/a><br \/>\n<a title=\"VAN CRAEN Anne Marie\" href=\"https:\/\/gatito.be\/expo\/artistes-exposants\/van-craen-anne-marie\/\">van Craen, Anne-Marie<\/a><br \/>\n<a title=\"VAN der AUWERA  Bob\" href=\"https:\/\/gatito.be\/expo\/artistes-exposants\/van-der-auwera-bob\/\">Van der Auwera , Bob<\/a><br \/>\n<a title=\"VANDE PITTE  Violaine\" href=\"https:\/\/gatito.be\/expo\/artistes-exposants\/vande-pitte-violaine\/\">Vande Pitte, Violaine<\/a><br \/>\n<a title=\"VAN de VELDE Michiko\" href=\"https:\/\/gatito.be\/expo\/artistes-exposants\/van-de-velde-michiko\/\">Van de Velde, Michiko<\/a><br \/>\n<span style=\"color: #339966;\">Vasarely,<\/span><br \/>\n<a title=\"VELU Bertrand et  HUBAUT Olivier\" href=\"https:\/\/gatito.be\/expo\/artistes-exposants\/velu-bertrand-et-hubaut-olivier\/\">Velu, Bertrand<\/a><br \/>\n<a title=\"VERBIESE  Samuel\" href=\"https:\/\/gatito.be\/expo\/artistes-exposants\/verbiese-samuel\/\">Verbiese, Samuel<\/a><br \/>\n<span style=\"color: #339966;\">Vian, Boris<\/span><br \/>\nVinche, Lionel<br \/>\n<a title=\"VOSSIUS Jean Yves\" href=\"https:\/\/gatito.be\/expo\/artistes-exposants\/vossius-jean-yves\/\">Vossius, Jean-Yves<\/a><br \/>\n<a title=\"WIBO  Marguerite\" href=\"https:\/\/gatito.be\/expo\/artistes-exposants\/wibo-marguerite\/\">Wibo, Marguerite<\/a><br \/>\n<a title=\"WUIDAR  L\u00e9on\" href=\"https:\/\/gatito.be\/expo\/artistes-exposants\/wuidar-leon\/\">Wuidar, L\u00e9on<\/a><\/td>\n<\/tr>\n<\/tbody>\n<\/table>\n","protected":false},"excerpt":{"rendered":"<p>Liste de tous les participants et artistes exposants (class\u00e9e par ordre alphab\u00e9tique du nom de famille). En italique, les noms de personnes sans oeuvre expos\u00e9e, qui ont aid\u00e9 \u00e0 la r\u00e9alisation du travail. Nous avons tenu \u00e0 honorer la m\u00e9moire de quelques grands pr\u00e9curseurs. Cliquer sur le nom des Artistes exposants pour visionner leur page. &nbsp; Bauwin, Miche Beck, Jacques Beck , Fran\u00e7oise Berge, Claude Bouckaert, Charlotte Callisto Carroll, Lewis Castera, Jean-Marc Chotteau, Th\u00e9r\u00e8se Cleeremans, Raph Colot, Jean Louis Dael, Andr\u00e9 da Vinci, Leonardo Dauchot, Alain de Barbari, Jacopo Decelle, Philippe Delahaut, Jo della Francesca, piero Diord, Jean Fran\u00e7ois Dreesen,<a href=\"https:\/\/gatito.be\/expo\/artistes-exposants\/\">&nbsp;&nbsp;[ Suite&#8230; ]<\/a><\/p>\n","protected":false},"author":1,"featured_media":0,"parent":0,"menu_order":0,"comment_status":"open","ping_status":"closed","template":"fullwide.php","meta":{"ngg_post_thumbnail":0},"_links":{"self":[{"href":"https:\/\/gatito.be\/expo\/wp-json\/wp\/v2\/pages\/222"}],"collection":[{"href":"https:\/\/gatito.be\/expo\/wp-json\/wp\/v2\/pages"}],"about":[{"href":"https:\/\/gatito.be\/expo\/wp-json\/wp\/v2\/types\/page"}],"author":[{"embeddable":true,"href":"https:\/\/gatito.be\/expo\/wp-json\/wp\/v2\/users\/1"}],"replies":[{"embeddable":true,"href":"https:\/\/gatito.be\/expo\/wp-json\/wp\/v2\/comments?post=222"}],"version-history":[{"count":19,"href":"https:\/\/gatito.be\/expo\/wp-json\/wp\/v2\/pages\/222\/revisions"}],"predecessor-version":[{"id":1920,"href":"https:\/\/gatito.be\/expo\/wp-json\/wp\/v2\/pages\/222\/revisions\/1920"}],"wp:attachment":[{"href":"https:\/\/gatito.be\/expo\/wp-json\/wp\/v2\/media?parent=222"}],"curies":[{"name":"wp","href":"https:\/\/api.w.org\/{rel}","templated":true}]}}