{"id":2144,"date":"2016-01-18T15:21:01","date_gmt":"2016-01-18T14:21:01","guid":{"rendered":"https:\/\/gatito.be\/expo\/?page_id=2144"},"modified":"2016-01-30T15:51:15","modified_gmt":"2016-01-30T14:51:15","slug":"scheurmans-brigitte-2016","status":"publish","type":"page","link":"https:\/\/gatito.be\/expo\/artistes-exposants-2016\/scheurmans-brigitte-2016\/","title":{"rendered":"SCHUERMANS Brigitte"},"content":{"rendered":"<p style=\"text-align: center;\"><em>Au fil des maths<\/em><\/p>\n<p style=\"text-align: center;\">Sculpture-Livre, Fil de fer et carton plume<\/p>\n<p style=\"text-align: center;\">2016<\/p>\n<p style=\"text-align: center;\"><em><strong>Th\u00e8me: <\/strong>Nombres c\u00e9l\u00e8bres \u2013 Th\u00e9or\u00e8me c\u00e9l\u00e8bre<\/em><\/p>\n<p style=\"text-align: center;\"><a href=\"https:\/\/gatito.be\/expo\/wp-content\/uploads\/2016\/01\/Schueremans-livre-2016-01-30-16.40.30.jpg\"  rel=\"lightbox[2144] attachment wp-att-2404\"><img loading=\"lazy\" class=\"alignleft size-large wp-image-2404\" src=\"https:\/\/gatito.be\/expo\/wp-content\/uploads\/2016\/01\/Schueremans-livre-2016-01-30-16.40.30-1024x716.jpg\" alt=\"Schueremans livre 2016-01-30 16.40.30\" width=\"1024\" height=\"716\" srcset=\"https:\/\/gatito.be\/expo\/wp-content\/uploads\/2016\/01\/Schueremans-livre-2016-01-30-16.40.30-1024x716.jpg 1024w, https:\/\/gatito.be\/expo\/wp-content\/uploads\/2016\/01\/Schueremans-livre-2016-01-30-16.40.30-300x210.jpg 300w, https:\/\/gatito.be\/expo\/wp-content\/uploads\/2016\/01\/Schueremans-livre-2016-01-30-16.40.30-768x537.jpg 768w\" sizes=\"(max-width: 1024px) 100vw, 1024px\" \/><\/a><\/p>\n<p style=\"text-align: center;\"><a href=\"https:\/\/gatito.be\/expo\/wp-content\/uploads\/2016\/01\/Chat-444-b_800.jpg\"  rel=\"lightbox[2144] attachment wp-att-2160\"><img loading=\"lazy\" class=\"wp-image-2160 alignleft\" src=\"https:\/\/gatito.be\/expo\/wp-content\/uploads\/2016\/01\/Chat-444-b_800.jpg\" alt=\"Chat 444 b_800\" width=\"298\" height=\"224\" srcset=\"https:\/\/gatito.be\/expo\/wp-content\/uploads\/2016\/01\/Chat-444-b_800.jpg 800w, https:\/\/gatito.be\/expo\/wp-content\/uploads\/2016\/01\/Chat-444-b_800-300x225.jpg 300w, https:\/\/gatito.be\/expo\/wp-content\/uploads\/2016\/01\/Chat-444-b_800-768x576.jpg 768w\" sizes=\"(max-width: 298px) 100vw, 298px\" \/><\/a><\/p>\n<p style=\"text-align: center;\"><a href=\"https:\/\/gatito.be\/expo\/wp-content\/uploads\/2016\/01\/DSC_0003-2_800.jpg\"  rel=\"lightbox[2144] attachment wp-att-2163\"><img loading=\"lazy\" class=\"wp-image-2163 alignleft\" src=\"https:\/\/gatito.be\/expo\/wp-content\/uploads\/2016\/01\/DSC_0003-2_800.jpg\" alt=\"DSC_0003 (2)_800\" width=\"234\" height=\"224\" srcset=\"https:\/\/gatito.be\/expo\/wp-content\/uploads\/2016\/01\/DSC_0003-2_800.jpg 800w, https:\/\/gatito.be\/expo\/wp-content\/uploads\/2016\/01\/DSC_0003-2_800-300x287.jpg 300w, https:\/\/gatito.be\/expo\/wp-content\/uploads\/2016\/01\/DSC_0003-2_800-768x733.jpg 768w\" sizes=\"(max-width: 234px) 100vw, 234px\" \/><\/a> <a href=\"https:\/\/gatito.be\/expo\/wp-content\/uploads\/2016\/01\/schuermans-Pythagore-2016-01-30-12.24.13.jpg\"  rel=\"lightbox[2144] attachment wp-att-2405\"><img loading=\"lazy\" class=\"wp-image-2405 alignleft\" src=\"https:\/\/gatito.be\/expo\/wp-content\/uploads\/2016\/01\/schuermans-Pythagore-2016-01-30-12.24.13-1024x681.jpg\" alt=\"schuermans Pythagore 2016-01-30 12.24.13\" width=\"297\" height=\"197\" srcset=\"https:\/\/gatito.be\/expo\/wp-content\/uploads\/2016\/01\/schuermans-Pythagore-2016-01-30-12.24.13-1024x681.jpg 1024w, https:\/\/gatito.be\/expo\/wp-content\/uploads\/2016\/01\/schuermans-Pythagore-2016-01-30-12.24.13-300x199.jpg 300w, https:\/\/gatito.be\/expo\/wp-content\/uploads\/2016\/01\/schuermans-Pythagore-2016-01-30-12.24.13-768x511.jpg 768w\" sizes=\"(max-width: 297px) 100vw, 297px\" \/><\/a><\/p>\n","protected":false},"excerpt":{"rendered":"<p>Au fil des maths Sculpture-Livre, Fil de fer et carton plume 2016 Th\u00e8me: Nombres c\u00e9l\u00e8bres \u2013 Th\u00e9or\u00e8me c\u00e9l\u00e8bre<\/p>\n","protected":false},"author":26,"featured_media":0,"parent":1919,"menu_order":12,"comment_status":"open","ping_status":"open","template":"fullwide.php","meta":{"ngg_post_thumbnail":0},"_links":{"self":[{"href":"https:\/\/gatito.be\/expo\/wp-json\/wp\/v2\/pages\/2144"}],"collection":[{"href":"https:\/\/gatito.be\/expo\/wp-json\/wp\/v2\/pages"}],"about":[{"href":"https:\/\/gatito.be\/expo\/wp-json\/wp\/v2\/types\/page"}],"author":[{"embeddable":true,"href":"https:\/\/gatito.be\/expo\/wp-json\/wp\/v2\/users\/26"}],"replies":[{"embeddable":true,"href":"https:\/\/gatito.be\/expo\/wp-json\/wp\/v2\/comments?post=2144"}],"version-history":[{"count":8,"href":"https:\/\/gatito.be\/expo\/wp-json\/wp\/v2\/pages\/2144\/revisions"}],"predecessor-version":[{"id":2407,"href":"https:\/\/gatito.be\/expo\/wp-json\/wp\/v2\/pages\/2144\/revisions\/2407"}],"up":[{"embeddable":true,"href":"https:\/\/gatito.be\/expo\/wp-json\/wp\/v2\/pages\/1919"}],"wp:attachment":[{"href":"https:\/\/gatito.be\/expo\/wp-json\/wp\/v2\/media?parent=2144"}],"curies":[{"name":"wp","href":"https:\/\/api.w.org\/{rel}","templated":true}]}}