{"id":2142,"date":"2016-01-18T15:19:55","date_gmt":"2016-01-18T14:19:55","guid":{"rendered":"https:\/\/gatito.be\/expo\/?page_id=2142"},"modified":"2016-01-28T23:11:23","modified_gmt":"2016-01-28T22:11:23","slug":"schoonbroodt-nestor-2016","status":"publish","type":"page","link":"https:\/\/gatito.be\/expo\/artistes-exposants-2016\/schoonbroodt-nestor-2016\/","title":{"rendered":"SCHOONBROODT Nestor"},"content":{"rendered":"<p style=\"text-align: center;\"><strong>Nestor SCHOONBROODT<\/strong><\/p>\n<p style=\"text-align: center;\"><em>Dod\u00e9ca\u00e8dre<\/em><\/p>\n<p style=\"text-align: center;\">Sculpture, c\u00e9ramique-terre cuite<\/p>\n<p style=\"text-align: center;\">2015<\/p>\n<p style=\"text-align: center;\"><em><strong>Th\u00e8me: <\/strong>Poly\u00e8dres (et dualit\u00e9)<br \/>\n<\/em><\/p>\n<p>&nbsp;<\/p>\n<p>&nbsp;<\/p>\n<p><a href=\"https:\/\/gatito.be\/expo\/wp-content\/uploads\/2016\/01\/Schoonbroot-DSCN0572_800-e1453995266234.jpg\"  rel=\"lightbox[2142] attachment wp-att-2177\"><img loading=\"lazy\" class=\"alignnone wp-image-2177\" src=\"https:\/\/gatito.be\/expo\/wp-content\/uploads\/2016\/01\/Schoonbroot-DSCN0572_800-e1453995266234.jpg\" alt=\"Schoonbroot DSCN0572_800\" width=\"308\" height=\"411\" srcset=\"https:\/\/gatito.be\/expo\/wp-content\/uploads\/2016\/01\/Schoonbroot-DSCN0572_800-e1453995266234.jpg 600w, https:\/\/gatito.be\/expo\/wp-content\/uploads\/2016\/01\/Schoonbroot-DSCN0572_800-e1453995266234-225x300.jpg 225w\" sizes=\"(max-width: 308px) 100vw, 308px\" \/><\/a><a href=\"https:\/\/gatito.be\/expo\/wp-content\/uploads\/2016\/01\/Schoonbroot-DSCN0572_800-e1453995266234.jpg\"  rel=\"lightbox[2142] attachment wp-att-2177\"><img loading=\"lazy\" class=\"alignnone wp-image-2177\" src=\"https:\/\/gatito.be\/expo\/wp-content\/uploads\/2016\/01\/Schoonbroot-DSCN0572_800-e1453995266234.jpg\" alt=\"Schoonbroot DSCN0572_800\" width=\"308\" height=\"411\" srcset=\"https:\/\/gatito.be\/expo\/wp-content\/uploads\/2016\/01\/Schoonbroot-DSCN0572_800-e1453995266234.jpg 600w, https:\/\/gatito.be\/expo\/wp-content\/uploads\/2016\/01\/Schoonbroot-DSCN0572_800-e1453995266234-225x300.jpg 225w\" sizes=\"(max-width: 308px) 100vw, 308px\" \/><\/a><a href=\"https:\/\/gatito.be\/expo\/wp-content\/uploads\/2016\/01\/Schoonbroot-DSCN0570_800-e1453995249676.jpg\"  rel=\"lightbox[2142] attachment wp-att-2176\"><img loading=\"lazy\" class=\"alignnone wp-image-2176\" src=\"https:\/\/gatito.be\/expo\/wp-content\/uploads\/2016\/01\/Schoonbroot-DSCN0570_800-e1453995249676.jpg\" alt=\"Schoonbroot DSCN0570_800\" width=\"309\" height=\"412\" srcset=\"https:\/\/gatito.be\/expo\/wp-content\/uploads\/2016\/01\/Schoonbroot-DSCN0570_800-e1453995249676.jpg 600w, https:\/\/gatito.be\/expo\/wp-content\/uploads\/2016\/01\/Schoonbroot-DSCN0570_800-e1453995249676-225x300.jpg 225w\" sizes=\"(max-width: 309px) 100vw, 309px\" \/><\/a><\/p>\n<p style=\"text-align: center;\">Avant le Cuisson.<\/p>\n<p>&nbsp;<\/p>\n<p><a href=\"https:\/\/gatito.be\/expo\/wp-content\/uploads\/2016\/01\/Schoonbroot-DSCN0555_800-e1453995198244.jpg\"  rel=\"lightbox[2142] attachment wp-att-2173\"><img loading=\"lazy\" class=\"alignnone wp-image-2173\" src=\"https:\/\/gatito.be\/expo\/wp-content\/uploads\/2016\/01\/Schoonbroot-DSCN0555_800-e1453995198244.jpg\" alt=\"Schoonbroot DSCN0555_800\" width=\"424\" height=\"566\" srcset=\"https:\/\/gatito.be\/expo\/wp-content\/uploads\/2016\/01\/Schoonbroot-DSCN0555_800-e1453995198244.jpg 600w, https:\/\/gatito.be\/expo\/wp-content\/uploads\/2016\/01\/Schoonbroot-DSCN0555_800-e1453995198244-225x300.jpg 225w\" sizes=\"(max-width: 424px) 100vw, 424px\" \/><\/a><a href=\"https:\/\/gatito.be\/expo\/wp-content\/uploads\/2016\/01\/Schoonbroot-DSCN0557_800-e1453995230484.jpg\"  rel=\"lightbox[2142] attachment wp-att-2174\"><img loading=\"lazy\" class=\"alignnone wp-image-2174\" src=\"https:\/\/gatito.be\/expo\/wp-content\/uploads\/2016\/01\/Schoonbroot-DSCN0557_800-e1453995230484.jpg\" alt=\"Schoonbroot DSCN0557_800\" width=\"424\" height=\"570\" \/><\/a><\/p>\n<p><a href=\"https:\/\/gatito.be\/expo\/wp-content\/uploads\/2016\/01\/Schoonbroot-DSCN0559_800.jpg\"  rel=\"lightbox[2142] attachment wp-att-2175\"><img loading=\"lazy\" class=\"wp-image-2175 aligncenter\" src=\"https:\/\/gatito.be\/expo\/wp-content\/uploads\/2016\/01\/Schoonbroot-DSCN0559_800.jpg\" alt=\"Schoonbroot DSCN0559_800\" width=\"541\" height=\"406\" srcset=\"https:\/\/gatito.be\/expo\/wp-content\/uploads\/2016\/01\/Schoonbroot-DSCN0559_800.jpg 800w, https:\/\/gatito.be\/expo\/wp-content\/uploads\/2016\/01\/Schoonbroot-DSCN0559_800-300x225.jpg 300w, https:\/\/gatito.be\/expo\/wp-content\/uploads\/2016\/01\/Schoonbroot-DSCN0559_800-768x576.jpg 768w\" sizes=\"(max-width: 541px) 100vw, 541px\" \/><\/a><\/p>\n<p>&nbsp;<\/p>\n","protected":false},"excerpt":{"rendered":"<p>Nestor SCHOONBROODT Dod\u00e9ca\u00e8dre Sculpture, c\u00e9ramique-terre cuite 2015 Th\u00e8me: Poly\u00e8dres (et dualit\u00e9) &nbsp; &nbsp; Avant le Cuisson. &nbsp; &nbsp;<\/p>\n","protected":false},"author":26,"featured_media":0,"parent":1919,"menu_order":12,"comment_status":"open","ping_status":"open","template":"fullwide.php","meta":{"ngg_post_thumbnail":0},"_links":{"self":[{"href":"https:\/\/gatito.be\/expo\/wp-json\/wp\/v2\/pages\/2142"}],"collection":[{"href":"https:\/\/gatito.be\/expo\/wp-json\/wp\/v2\/pages"}],"about":[{"href":"https:\/\/gatito.be\/expo\/wp-json\/wp\/v2\/types\/page"}],"author":[{"embeddable":true,"href":"https:\/\/gatito.be\/expo\/wp-json\/wp\/v2\/users\/26"}],"replies":[{"embeddable":true,"href":"https:\/\/gatito.be\/expo\/wp-json\/wp\/v2\/comments?post=2142"}],"version-history":[{"count":9,"href":"https:\/\/gatito.be\/expo\/wp-json\/wp\/v2\/pages\/2142\/revisions"}],"predecessor-version":[{"id":2351,"href":"https:\/\/gatito.be\/expo\/wp-json\/wp\/v2\/pages\/2142\/revisions\/2351"}],"up":[{"embeddable":true,"href":"https:\/\/gatito.be\/expo\/wp-json\/wp\/v2\/pages\/1919"}],"wp:attachment":[{"href":"https:\/\/gatito.be\/expo\/wp-json\/wp\/v2\/media?parent=2142"}],"curies":[{"name":"wp","href":"https:\/\/api.w.org\/{rel}","templated":true}]}}