{"id":2140,"date":"2016-01-18T15:18:41","date_gmt":"2016-01-18T14:18:41","guid":{"rendered":"https:\/\/gatito.be\/expo\/?page_id=2140"},"modified":"2016-01-18T15:18:41","modified_gmt":"2016-01-18T14:18:41","slug":"sablon-ty-2016","status":"publish","type":"page","link":"https:\/\/gatito.be\/expo\/artistes-exposants-2016\/sablon-ty-2016\/","title":{"rendered":"Sablon Ty"},"content":{"rendered":"<p>NOM<br \/>\nmail<br \/>\nsiteWeb<\/p>\n<p>\u0152uvre(s) pr\u00e9sent\u00e9e(s)<br \/>\n\u00ab\u00a0Titre oeuvre\u00a0\u00bb\u00a0 et ann\u00e9e (de cr\u00e9ation)<br \/>\nTechniques et mat\u00e9riaux utilis\u00e9s<\/p>\n<p>&nbsp;<\/p>\n<p>&nbsp;<\/p>\n","protected":false},"excerpt":{"rendered":"<p>NOM mail siteWeb \u0152uvre(s) pr\u00e9sent\u00e9e(s) \u00ab\u00a0Titre oeuvre\u00a0\u00bb\u00a0 et ann\u00e9e (de cr\u00e9ation) Techniques et mat\u00e9riaux utilis\u00e9s &nbsp; &nbsp;<\/p>\n","protected":false},"author":26,"featured_media":0,"parent":1919,"menu_order":12,"comment_status":"open","ping_status":"open","template":"fullwide.php","meta":{"ngg_post_thumbnail":0},"_links":{"self":[{"href":"https:\/\/gatito.be\/expo\/wp-json\/wp\/v2\/pages\/2140"}],"collection":[{"href":"https:\/\/gatito.be\/expo\/wp-json\/wp\/v2\/pages"}],"about":[{"href":"https:\/\/gatito.be\/expo\/wp-json\/wp\/v2\/types\/page"}],"author":[{"embeddable":true,"href":"https:\/\/gatito.be\/expo\/wp-json\/wp\/v2\/users\/26"}],"replies":[{"embeddable":true,"href":"https:\/\/gatito.be\/expo\/wp-json\/wp\/v2\/comments?post=2140"}],"version-history":[{"count":1,"href":"https:\/\/gatito.be\/expo\/wp-json\/wp\/v2\/pages\/2140\/revisions"}],"predecessor-version":[{"id":2141,"href":"https:\/\/gatito.be\/expo\/wp-json\/wp\/v2\/pages\/2140\/revisions\/2141"}],"up":[{"embeddable":true,"href":"https:\/\/gatito.be\/expo\/wp-json\/wp\/v2\/pages\/1919"}],"wp:attachment":[{"href":"https:\/\/gatito.be\/expo\/wp-json\/wp\/v2\/media?parent=2140"}],"curies":[{"name":"wp","href":"https:\/\/api.w.org\/{rel}","templated":true}]}}