{"id":2137,"date":"2016-01-18T15:16:22","date_gmt":"2016-01-18T14:16:22","guid":{"rendered":"https:\/\/gatito.be\/expo\/?page_id=2137"},"modified":"2016-01-28T23:09:50","modified_gmt":"2016-01-28T22:09:50","slug":"rava-tobla-2016","status":"publish","type":"page","link":"https:\/\/gatito.be\/expo\/artistes-exposants-2016\/rava-tobla-2016\/","title":{"rendered":"RAV\u00c1 Tobia"},"content":{"rendered":"<p style=\"text-align: center;\"><em>Atomium sefiroticum<\/em><\/p>\n<p style=\"text-align: center;\">Peinture, r\u00e9sine et peinture acrylique<\/p>\n<p style=\"text-align: center;\">2008<\/p>\n<p style=\"text-align: center;\"><em>Th\u00e8me: Ecriture des nombres<\/em><\/p>\n<p style=\"text-align: center;\"><a href=\"https:\/\/gatito.be\/expo\/wp-content\/uploads\/2016\/01\/Rava-1.jpg\"  rel=\"lightbox[2137] attachment wp-att-1900\"><img loading=\"lazy\" class=\"aligncenter size-full wp-image-1900\" src=\"https:\/\/gatito.be\/expo\/wp-content\/uploads\/2016\/01\/Rava-1.jpg\" alt=\"Rava 1\" width=\"842\" height=\"843\" srcset=\"https:\/\/gatito.be\/expo\/wp-content\/uploads\/2016\/01\/Rava-1.jpg 842w, https:\/\/gatito.be\/expo\/wp-content\/uploads\/2016\/01\/Rava-1-150x150.jpg 150w, https:\/\/gatito.be\/expo\/wp-content\/uploads\/2016\/01\/Rava-1-300x300.jpg 300w\" sizes=\"(max-width: 842px) 100vw, 842px\" \/><\/a><\/p>\n<p style=\"text-align: center;\"><em>La forza del timore (Leone)<\/em><\/p>\n<p style=\"text-align: center;\">Sculpture en bronze peint<\/p>\n<p style=\"text-align: center;\">2013<\/p>\n<p style=\"text-align: center;\"><em>Th\u00e8me: Ecriture des nombres<\/em><\/p>\n<p style=\"text-align: center;\"><a href=\"https:\/\/gatito.be\/expo\/wp-content\/uploads\/2016\/01\/Rava-2.jpg\"  rel=\"lightbox[2137] attachment wp-att-1901\"><img loading=\"lazy\" class=\"aligncenter size-full wp-image-1901\" src=\"https:\/\/gatito.be\/expo\/wp-content\/uploads\/2016\/01\/Rava-2.jpg\" alt=\"Rava 2\" width=\"843\" height=\"563\" srcset=\"https:\/\/gatito.be\/expo\/wp-content\/uploads\/2016\/01\/Rava-2.jpg 843w, https:\/\/gatito.be\/expo\/wp-content\/uploads\/2016\/01\/Rava-2-300x200.jpg 300w\" sizes=\"(max-width: 843px) 100vw, 843px\" \/><\/a><\/p>\n","protected":false},"excerpt":{"rendered":"<p>Atomium sefiroticum Peinture, r\u00e9sine et peinture acrylique 2008 Th\u00e8me: Ecriture des nombres La forza del timore (Leone) Sculpture en bronze peint 2013 Th\u00e8me: Ecriture des nombres<\/p>\n","protected":false},"author":26,"featured_media":0,"parent":1919,"menu_order":12,"comment_status":"open","ping_status":"open","template":"fullwide.php","meta":{"ngg_post_thumbnail":0},"_links":{"self":[{"href":"https:\/\/gatito.be\/expo\/wp-json\/wp\/v2\/pages\/2137"}],"collection":[{"href":"https:\/\/gatito.be\/expo\/wp-json\/wp\/v2\/pages"}],"about":[{"href":"https:\/\/gatito.be\/expo\/wp-json\/wp\/v2\/types\/page"}],"author":[{"embeddable":true,"href":"https:\/\/gatito.be\/expo\/wp-json\/wp\/v2\/users\/26"}],"replies":[{"embeddable":true,"href":"https:\/\/gatito.be\/expo\/wp-json\/wp\/v2\/comments?post=2137"}],"version-history":[{"count":6,"href":"https:\/\/gatito.be\/expo\/wp-json\/wp\/v2\/pages\/2137\/revisions"}],"predecessor-version":[{"id":2350,"href":"https:\/\/gatito.be\/expo\/wp-json\/wp\/v2\/pages\/2137\/revisions\/2350"}],"up":[{"embeddable":true,"href":"https:\/\/gatito.be\/expo\/wp-json\/wp\/v2\/pages\/1919"}],"wp:attachment":[{"href":"https:\/\/gatito.be\/expo\/wp-json\/wp\/v2\/media?parent=2137"}],"curies":[{"name":"wp","href":"https:\/\/api.w.org\/{rel}","templated":true}]}}