{"id":2133,"date":"2016-01-18T15:11:26","date_gmt":"2016-01-18T14:11:26","guid":{"rendered":"https:\/\/gatito.be\/expo\/?page_id=2133"},"modified":"2016-01-30T19:58:19","modified_gmt":"2016-01-30T18:58:19","slug":"leblanc-philippe-2016","status":"publish","type":"page","link":"https:\/\/gatito.be\/expo\/artistes-exposants-2016\/leblanc-philippe-2016\/","title":{"rendered":"Leblanc, Philippe"},"content":{"rendered":"<p style=\"text-align: center;\"><em>Mayanacci<\/em><\/p>\n<p style=\"text-align: center;\">Peinture-sculpture murale<\/p>\n<p style=\"text-align: center;\">Acier, bois, acrylique, feuille d\u2019or, \u00e9clairage led<\/p>\n<p style=\"text-align: center;\">2015<\/p>\n<p style=\"text-align: center;\"><em>Th\u00e8me: Suites c\u00e9l\u00e8bres<\/em><\/p>\n<p style=\"text-align: center;\">\n<p style=\"text-align: center;\">\n<p style=\"text-align: center;\"><a href=\"https:\/\/gatito.be\/expo\/wp-content\/uploads\/2016\/01\/LPH-FiboMaya-Bleu-On.jpg\"  rel=\"lightbox[2133] attachment wp-att-2411\"><img loading=\"lazy\" class=\"alignleft  wp-image-2411\" src=\"https:\/\/gatito.be\/expo\/wp-content\/uploads\/2016\/01\/LPH-FiboMaya-Bleu-On-1024x1024.jpg\" alt=\"LPH FiboMaya Bleu On\" width=\"382\" height=\"382\" srcset=\"https:\/\/gatito.be\/expo\/wp-content\/uploads\/2016\/01\/LPH-FiboMaya-Bleu-On-1024x1024.jpg 1024w, https:\/\/gatito.be\/expo\/wp-content\/uploads\/2016\/01\/LPH-FiboMaya-Bleu-On-150x150.jpg 150w, https:\/\/gatito.be\/expo\/wp-content\/uploads\/2016\/01\/LPH-FiboMaya-Bleu-On-300x300.jpg 300w, https:\/\/gatito.be\/expo\/wp-content\/uploads\/2016\/01\/LPH-FiboMaya-Bleu-On-768x768.jpg 768w\" sizes=\"(max-width: 382px) 100vw, 382px\" \/><\/a> <a href=\"https:\/\/gatito.be\/expo\/wp-content\/uploads\/2016\/01\/Leblanc-Or.jpg\"  rel=\"lightbox[2133] attachment wp-att-2298\"><img loading=\"lazy\" class=\"wp-image-2298 alignright\" src=\"https:\/\/gatito.be\/expo\/wp-content\/uploads\/2016\/01\/Leblanc-Or.jpg\" alt=\"Leblanc Or\" width=\"381\" height=\"381\" srcset=\"https:\/\/gatito.be\/expo\/wp-content\/uploads\/2016\/01\/Leblanc-Or.jpg 842w, https:\/\/gatito.be\/expo\/wp-content\/uploads\/2016\/01\/Leblanc-Or-150x150.jpg 150w, https:\/\/gatito.be\/expo\/wp-content\/uploads\/2016\/01\/Leblanc-Or-300x300.jpg 300w, https:\/\/gatito.be\/expo\/wp-content\/uploads\/2016\/01\/Leblanc-Or-768x768.jpg 768w\" sizes=\"(max-width: 381px) 100vw, 381px\" \/><\/a> <a href=\"https:\/\/gatito.be\/expo\/wp-content\/uploads\/2016\/01\/Leblanc-1.jpg\"  rel=\"lightbox[2133] attachment wp-att-2299\"><img loading=\"lazy\" class=\"wp-image-2299 aligncenter\" src=\"https:\/\/gatito.be\/expo\/wp-content\/uploads\/2016\/01\/Leblanc-1.jpg\" alt=\"Leblanc\" width=\"768\" height=\"768\" srcset=\"https:\/\/gatito.be\/expo\/wp-content\/uploads\/2016\/01\/Leblanc-1.jpg 842w, https:\/\/gatito.be\/expo\/wp-content\/uploads\/2016\/01\/Leblanc-1-150x150.jpg 150w, https:\/\/gatito.be\/expo\/wp-content\/uploads\/2016\/01\/Leblanc-1-300x300.jpg 300w, https:\/\/gatito.be\/expo\/wp-content\/uploads\/2016\/01\/Leblanc-1-768x768.jpg 768w\" sizes=\"(max-width: 768px) 100vw, 768px\" \/><\/a><\/p>\n<p style=\"text-align: center;\">\n<p style=\"text-align: center;\">\n<p style=\"text-align: center;\">++++++++++++++++++++++++++++++++++++++++++++++++++++++++++++++++<\/p>\n<p style=\"text-align: center;\">\n<p style=\"text-align: left;\">L&rsquo;oeuvre montre les 25 premiers termes de la suite de Fibonacci, repr\u00e9sent\u00e9s par la num\u00e9ration Maya.<br \/>\nDans cette num\u00e9ration, trois symboles (le point, le trait, la coquille) suffisent \u00e0 \u00e9crire tous les nombres, car la position du chiffre lui conf\u00e8re sa valeur. En effet, dans ce syst\u00e8me qui utilise la base 20, les chiffres se superposent sur plusieurs niveaux, et se lisent de bas en haut. Le z\u00e9ro, symbolis\u00e9 par une coquille, marque le vide.<br \/>\nLes nombres de 1 \u00e0 19 s&rsquo;\u00e9crivent suivant un syst\u00e8me r\u00e9p\u00e9titivo-additif \u00e0 l&rsquo;aide des points valant 1 et des traits valant 5. A partir de 20 (20 \u00e0 la puissance 1), le nombre s\u2019\u00e9crit sur 2 niveaux. A partir de 400 (20 \u00e0 la puissance 2), il s\u2019\u00e9crit sur 3 niveaux. A partir de 8000 (20 \u00e0 la puissance 3), il s\u2019\u00e9crit sur 4 niveaux, etc.<br \/>\nDans le cas de l\u2019\u0153uvre \u00ab Mayanacci \u00bb, le z\u00e9ro (normalement repr\u00e9sent\u00e9 par une coquille) n\u2019appara\u00eet pas, car il est absent des 25 premiers termes de la suite.<br \/>\nMais un intrus s\u2019est gliss\u00e9 dans l\u2019\u0153uvre\u2026 le trouverez-vous ?<\/p>\n","protected":false},"excerpt":{"rendered":"<p>Mayanacci Peinture-sculpture murale Acier, bois, acrylique, feuille d\u2019or, \u00e9clairage led 2015 Th\u00e8me: Suites c\u00e9l\u00e8bres ++++++++++++++++++++++++++++++++++++++++++++++++++++++++++++++++ L&rsquo;oeuvre montre les 25 premiers termes de la suite de Fibonacci, repr\u00e9sent\u00e9s par la num\u00e9ration Maya. Dans cette num\u00e9ration, trois symboles (le point, le trait, la coquille) suffisent \u00e0 \u00e9crire tous les nombres, car la position du chiffre lui conf\u00e8re sa valeur. En effet, dans ce syst\u00e8me qui utilise la base 20, les chiffres se superposent sur plusieurs niveaux, et se lisent de bas en haut. Le z\u00e9ro, symbolis\u00e9 par une coquille, marque le vide. Les nombres de 1 \u00e0 19 s&rsquo;\u00e9crivent suivant un syst\u00e8me<a href=\"https:\/\/gatito.be\/expo\/artistes-exposants-2016\/leblanc-philippe-2016\/\">&nbsp;&nbsp;[ Suite&#8230; ]<\/a><\/p>\n","protected":false},"author":26,"featured_media":0,"parent":1919,"menu_order":12,"comment_status":"open","ping_status":"open","template":"fullwide.php","meta":{"ngg_post_thumbnail":0},"_links":{"self":[{"href":"https:\/\/gatito.be\/expo\/wp-json\/wp\/v2\/pages\/2133"}],"collection":[{"href":"https:\/\/gatito.be\/expo\/wp-json\/wp\/v2\/pages"}],"about":[{"href":"https:\/\/gatito.be\/expo\/wp-json\/wp\/v2\/types\/page"}],"author":[{"embeddable":true,"href":"https:\/\/gatito.be\/expo\/wp-json\/wp\/v2\/users\/26"}],"replies":[{"embeddable":true,"href":"https:\/\/gatito.be\/expo\/wp-json\/wp\/v2\/comments?post=2133"}],"version-history":[{"count":8,"href":"https:\/\/gatito.be\/expo\/wp-json\/wp\/v2\/pages\/2133\/revisions"}],"predecessor-version":[{"id":2412,"href":"https:\/\/gatito.be\/expo\/wp-json\/wp\/v2\/pages\/2133\/revisions\/2412"}],"up":[{"embeddable":true,"href":"https:\/\/gatito.be\/expo\/wp-json\/wp\/v2\/pages\/1919"}],"wp:attachment":[{"href":"https:\/\/gatito.be\/expo\/wp-json\/wp\/v2\/media?parent=2133"}],"curies":[{"name":"wp","href":"https:\/\/api.w.org\/{rel}","templated":true}]}}