{"id":2131,"date":"2016-01-18T15:07:55","date_gmt":"2016-01-18T14:07:55","guid":{"rendered":"https:\/\/gatito.be\/expo\/?page_id=2131"},"modified":"2016-01-28T22:40:51","modified_gmt":"2016-01-28T21:40:51","slug":"itsphun-2016","status":"publish","type":"page","link":"https:\/\/gatito.be\/expo\/artistes-exposants-2016\/itsphun-2016\/","title":{"rendered":"ITSPHUN"},"content":{"rendered":"<p style=\"text-align: center;\"><strong>ITSPHUN<\/strong><\/p>\n<p style=\"text-align: center;\"><em>Cube<br \/>\nClin d\u2019\u0153il \u00e0 Magritte<\/em><\/p>\n<p style=\"text-align: center;\">Construction g\u00e9om\u00e9trique feuilles de PVC , vinyl m\u00e9tallis\u00e9<\/p>\n<p style=\"text-align: center;\">2015<\/p>\n<p style=\"text-align: center;\"><em>Th\u00e8me: Codes<\/em><\/p>\n<p style=\"text-align: center;\">\n<p style=\"text-align: center;\"><a href=\"https:\/\/gatito.be\/expo\/wp-content\/uploads\/2016\/01\/ITSPHUN-_800.jpg\"  rel=\"lightbox[2131] attachment wp-att-2164\"><img loading=\"lazy\" class=\"aligncenter size-full wp-image-2164\" src=\"https:\/\/gatito.be\/expo\/wp-content\/uploads\/2016\/01\/ITSPHUN-_800.jpg\" alt=\"ITSPHUN _800\" width=\"800\" height=\"600\" srcset=\"https:\/\/gatito.be\/expo\/wp-content\/uploads\/2016\/01\/ITSPHUN-_800.jpg 800w, https:\/\/gatito.be\/expo\/wp-content\/uploads\/2016\/01\/ITSPHUN-_800-300x225.jpg 300w, https:\/\/gatito.be\/expo\/wp-content\/uploads\/2016\/01\/ITSPHUN-_800-768x576.jpg 768w\" sizes=\"(max-width: 800px) 100vw, 800px\" \/><\/a><\/p>\n<p style=\"text-align: center;\">\n<p style=\"text-align: center;\"><strong>ITSPHUN<\/strong><\/p>\n<p style=\"text-align: center;\"><em>Les \u00e9ternels<br \/>\nHommage aux hommes des cavernes, \u00e0 Platon et \u00e0 K\u00e9pler<\/em><\/p>\n<p style=\"text-align: center;\">Construction g\u00e9om\u00e9trique feuilles de PVC<\/p>\n<p style=\"text-align: center;\">2015<\/p>\n<p style=\"text-align: center;\"><em>Th\u00e8me: poly\u00e8dres (et dualit\u00e9)<br \/>\n<\/em><\/p>\n<p style=\"text-align: center;\">\n<p style=\"text-align: center;\"><a href=\"https:\/\/gatito.be\/expo\/wp-content\/uploads\/2016\/01\/ITSPHUN-IMG_1614_800.jpg\"  rel=\"lightbox[2131] attachment wp-att-2167\"><img loading=\"lazy\" class=\"wp-image-2167 alignleft\" src=\"https:\/\/gatito.be\/expo\/wp-content\/uploads\/2016\/01\/ITSPHUN-IMG_1614_800.jpg\" alt=\"ITSPHUN IMG_1614_800\" width=\"268\" height=\"201\" srcset=\"https:\/\/gatito.be\/expo\/wp-content\/uploads\/2016\/01\/ITSPHUN-IMG_1614_800.jpg 800w, https:\/\/gatito.be\/expo\/wp-content\/uploads\/2016\/01\/ITSPHUN-IMG_1614_800-300x225.jpg 300w, https:\/\/gatito.be\/expo\/wp-content\/uploads\/2016\/01\/ITSPHUN-IMG_1614_800-768x576.jpg 768w\" sizes=\"(max-width: 268px) 100vw, 268px\" \/><\/a> <a href=\"https:\/\/gatito.be\/expo\/wp-content\/uploads\/2016\/01\/ITSPHUN-IMG_1613_800.jpg\"  rel=\"lightbox[2131] attachment wp-att-2166\"><img loading=\"lazy\" class=\"wp-image-2166 alignnone\" src=\"https:\/\/gatito.be\/expo\/wp-content\/uploads\/2016\/01\/ITSPHUN-IMG_1613_800.jpg\" alt=\"ITSPHUN IMG_1613_800\" width=\"216\" height=\"162\" srcset=\"https:\/\/gatito.be\/expo\/wp-content\/uploads\/2016\/01\/ITSPHUN-IMG_1613_800.jpg 800w, https:\/\/gatito.be\/expo\/wp-content\/uploads\/2016\/01\/ITSPHUN-IMG_1613_800-300x225.jpg 300w, https:\/\/gatito.be\/expo\/wp-content\/uploads\/2016\/01\/ITSPHUN-IMG_1613_800-768x576.jpg 768w\" sizes=\"(max-width: 216px) 100vw, 216px\" \/><\/a> <a href=\"https:\/\/gatito.be\/expo\/wp-content\/uploads\/2016\/01\/ITSPHUN-IMG_1612_800.jpg\"  rel=\"lightbox[2131] attachment wp-att-2165\"><img loading=\"lazy\" class=\"wp-image-2165 alignright\" src=\"https:\/\/gatito.be\/expo\/wp-content\/uploads\/2016\/01\/ITSPHUN-IMG_1612_800.jpg\" alt=\"ITSPHUN IMG_1612_800\" width=\"267\" height=\"200\" srcset=\"https:\/\/gatito.be\/expo\/wp-content\/uploads\/2016\/01\/ITSPHUN-IMG_1612_800.jpg 800w, https:\/\/gatito.be\/expo\/wp-content\/uploads\/2016\/01\/ITSPHUN-IMG_1612_800-300x225.jpg 300w, https:\/\/gatito.be\/expo\/wp-content\/uploads\/2016\/01\/ITSPHUN-IMG_1612_800-768x576.jpg 768w\" sizes=\"(max-width: 267px) 100vw, 267px\" \/><\/a><\/p>\n<p style=\"text-align: center;\">\n<p style=\"text-align: center;\">\n<p style=\"text-align: center;\">\n<p style=\"text-align: center;\"><strong>ITSPHUN<\/strong><\/p>\n<p style=\"text-align: center;\"><em>Lumi\u00e8re<\/em><\/p>\n<p style=\"text-align: center;\">Construction g\u00e9om\u00e9trique feuilles de PVC , vinyl m\u00e9tallis\u00e9<\/p>\n<p style=\"text-align: center;\">2015<\/p>\n<p style=\"text-align: center;\"><em>Th\u00e8me: Codes<\/em><\/p>\n<p style=\"text-align: center;\">\n<p style=\"text-align: center;\"><a href=\"https:\/\/gatito.be\/expo\/wp-content\/uploads\/2016\/01\/ITSPHUN-3.jpg\"  rel=\"lightbox[2131] attachment wp-att-1884\"><img loading=\"lazy\" class=\"aligncenter  wp-image-1884\" src=\"https:\/\/gatito.be\/expo\/wp-content\/uploads\/2016\/01\/ITSPHUN-3.jpg\" alt=\"ITSPHUN 3\" width=\"460\" height=\"662\" srcset=\"https:\/\/gatito.be\/expo\/wp-content\/uploads\/2016\/01\/ITSPHUN-3.jpg 585w, https:\/\/gatito.be\/expo\/wp-content\/uploads\/2016\/01\/ITSPHUN-3-208x300.jpg 208w\" sizes=\"(max-width: 460px) 100vw, 460px\" \/><\/a><\/p>\n<p style=\"text-align: center;\">\n<p style=\"text-align: center;\"><strong>ITSPHUN<\/strong><\/p>\n<p style=\"text-align: center;\"><em>X, Y, Z<\/em><\/p>\n<p style=\"text-align: center;\">Construction g\u00e9om\u00e9trique feuilles de PVC , vinyl m\u00e9tallis\u00e9<\/p>\n<p style=\"text-align: center;\">2015<\/p>\n<p style=\"text-align: center;\"><em>Poly\u00e8dres (et dualit\u00e9)<\/em><\/p>\n<p style=\"text-align: center;\">\n<p style=\"text-align: center;\"><a href=\"https:\/\/gatito.be\/expo\/wp-content\/uploads\/2016\/01\/ITSPHUN-8.jpg\"  rel=\"lightbox[2131] attachment wp-att-1889\"><img loading=\"lazy\" class=\"wp-image-1889 alignleft\" src=\"https:\/\/gatito.be\/expo\/wp-content\/uploads\/2016\/01\/ITSPHUN-8.jpg\" alt=\"ITSPHUN 8\" width=\"285\" height=\"303\" srcset=\"https:\/\/gatito.be\/expo\/wp-content\/uploads\/2016\/01\/ITSPHUN-8.jpg 792w, https:\/\/gatito.be\/expo\/wp-content\/uploads\/2016\/01\/ITSPHUN-8-282x300.jpg 282w\" sizes=\"(max-width: 285px) 100vw, 285px\" \/><\/a> <a href=\"https:\/\/gatito.be\/expo\/wp-content\/uploads\/2016\/01\/ITSPHUN-7.jpg\"  rel=\"lightbox[2131] attachment wp-att-1888\"><img loading=\"lazy\" class=\"wp-image-1888 alignleft\" src=\"https:\/\/gatito.be\/expo\/wp-content\/uploads\/2016\/01\/ITSPHUN-7.jpg\" alt=\"ITSPHUN 7\" width=\"292\" height=\"307\" srcset=\"https:\/\/gatito.be\/expo\/wp-content\/uploads\/2016\/01\/ITSPHUN-7.jpg 799w, https:\/\/gatito.be\/expo\/wp-content\/uploads\/2016\/01\/ITSPHUN-7-285x300.jpg 285w\" sizes=\"(max-width: 292px) 100vw, 292px\" \/><\/a> <a href=\"https:\/\/gatito.be\/expo\/wp-content\/uploads\/2016\/01\/ITSPHUN-5.jpg\"  rel=\"lightbox[2131] attachment wp-att-1886\"><img loading=\"lazy\" class=\"wp-image-1886 alignnone\" src=\"https:\/\/gatito.be\/expo\/wp-content\/uploads\/2016\/01\/ITSPHUN-5.jpg\" alt=\"ITSPHUN 5\" width=\"287\" height=\"303\" srcset=\"https:\/\/gatito.be\/expo\/wp-content\/uploads\/2016\/01\/ITSPHUN-5.jpg 797w, https:\/\/gatito.be\/expo\/wp-content\/uploads\/2016\/01\/ITSPHUN-5-284x300.jpg 284w\" sizes=\"(max-width: 287px) 100vw, 287px\" \/><\/a><\/p>\n<p style=\"text-align: center;\">\n","protected":false},"excerpt":{"rendered":"<p>ITSPHUN Cube Clin d\u2019\u0153il \u00e0 Magritte Construction g\u00e9om\u00e9trique feuilles de PVC , vinyl m\u00e9tallis\u00e9 2015 Th\u00e8me: Codes ITSPHUN Les \u00e9ternels Hommage aux hommes des cavernes, \u00e0 Platon et \u00e0 K\u00e9pler Construction g\u00e9om\u00e9trique feuilles de PVC 2015 Th\u00e8me: poly\u00e8dres (et dualit\u00e9) ITSPHUN Lumi\u00e8re Construction g\u00e9om\u00e9trique feuilles de PVC , vinyl m\u00e9tallis\u00e9 2015 Th\u00e8me: Codes ITSPHUN X, Y, Z Construction g\u00e9om\u00e9trique feuilles de PVC , vinyl m\u00e9tallis\u00e9 2015 Poly\u00e8dres (et dualit\u00e9)<\/p>\n","protected":false},"author":26,"featured_media":0,"parent":1919,"menu_order":12,"comment_status":"open","ping_status":"open","template":"fullwide.php","meta":{"ngg_post_thumbnail":0},"_links":{"self":[{"href":"https:\/\/gatito.be\/expo\/wp-json\/wp\/v2\/pages\/2131"}],"collection":[{"href":"https:\/\/gatito.be\/expo\/wp-json\/wp\/v2\/pages"}],"about":[{"href":"https:\/\/gatito.be\/expo\/wp-json\/wp\/v2\/types\/page"}],"author":[{"embeddable":true,"href":"https:\/\/gatito.be\/expo\/wp-json\/wp\/v2\/users\/26"}],"replies":[{"embeddable":true,"href":"https:\/\/gatito.be\/expo\/wp-json\/wp\/v2\/comments?post=2131"}],"version-history":[{"count":6,"href":"https:\/\/gatito.be\/expo\/wp-json\/wp\/v2\/pages\/2131\/revisions"}],"predecessor-version":[{"id":2295,"href":"https:\/\/gatito.be\/expo\/wp-json\/wp\/v2\/pages\/2131\/revisions\/2295"}],"up":[{"embeddable":true,"href":"https:\/\/gatito.be\/expo\/wp-json\/wp\/v2\/pages\/1919"}],"wp:attachment":[{"href":"https:\/\/gatito.be\/expo\/wp-json\/wp\/v2\/media?parent=2131"}],"curies":[{"name":"wp","href":"https:\/\/api.w.org\/{rel}","templated":true}]}}