{"id":2126,"date":"2016-01-18T15:03:42","date_gmt":"2016-01-18T14:03:42","guid":{"rendered":"https:\/\/gatito.be\/expo\/?page_id=2126"},"modified":"2016-02-01T21:59:26","modified_gmt":"2016-02-01T20:59:26","slug":"gonze-paul-2016","status":"publish","type":"page","link":"https:\/\/gatito.be\/expo\/artistes-exposants-2016\/gonze-paul-2016\/","title":{"rendered":"GONZE Paul"},"content":{"rendered":"<p style=\"text-align: center;\"><em>MES SONGES\u00a0= MENSONGES<\/em><\/p>\n<p style=\"text-align: center;\">Livre-objet triangulaire reli\u00e9 et expos\u00e9 en \u00e9clat\u00e9<\/p>\n<p style=\"text-align: center;\">19xx-2016<\/p>\n<p style=\"text-align: center;\"><a href=\"https:\/\/gatito.be\/expo\/wp-content\/uploads\/2016\/01\/GONZE-Vue-lettre-vol\u00e9e-Mensonges-mes-songes.jpg\"  rel=\"lightbox[2126] attachment wp-att-2271\"><img loading=\"lazy\" class=\"wp-image-2271 aligncenter\" src=\"https:\/\/gatito.be\/expo\/wp-content\/uploads\/2016\/01\/GONZE-Vue-lettre-vol\u00e9e-Mensonges-mes-songes-1024x691.jpg\" alt=\"GONZE Vue lettre vol\u00e9e Mensonges mes songes\" width=\"401\" height=\"271\" srcset=\"https:\/\/gatito.be\/expo\/wp-content\/uploads\/2016\/01\/GONZE-Vue-lettre-vol\u00e9e-Mensonges-mes-songes-1024x691.jpg 1024w, https:\/\/gatito.be\/expo\/wp-content\/uploads\/2016\/01\/GONZE-Vue-lettre-vol\u00e9e-Mensonges-mes-songes-300x202.jpg 300w, https:\/\/gatito.be\/expo\/wp-content\/uploads\/2016\/01\/GONZE-Vue-lettre-vol\u00e9e-Mensonges-mes-songes-768x518.jpg 768w, https:\/\/gatito.be\/expo\/wp-content\/uploads\/2016\/01\/GONZE-Vue-lettre-vol\u00e9e-Mensonges-mes-songes.jpg 1772w\" sizes=\"(max-width: 401px) 100vw, 401px\" \/><\/a><\/p>\n<p style=\"text-align: center;\">++++++++++++++++++++++++++++++++++++++++++++++++++++++++++++++++++++++++++++++++<\/p>\n<p style=\"text-align: center;\"><em>Des-esp-errances<\/em><\/p>\n<p style=\"text-align: center;\">Livre &#8211; objet<br \/>\n\u00e0 plier ou d\u00e9plier en jeu de l\u2019oie labyrinthique<\/p>\n<p style=\"text-align: center;\">19xx-2016<\/p>\n<p style=\"text-align: center;\"><a href=\"https:\/\/gatito.be\/expo\/wp-content\/uploads\/2016\/01\/GONZE-verso-finalis\u00e9-p.jpg\"  rel=\"lightbox[2126] attachment wp-att-2275\"><img loading=\"lazy\" class=\"wp-image-2275 alignleft\" src=\"https:\/\/gatito.be\/expo\/wp-content\/uploads\/2016\/01\/GONZE-verso-finalis\u00e9-p-1024x1024.jpg\" alt=\"GONZE verso finalis\u00e9 p\" width=\"380\" height=\"380\" srcset=\"https:\/\/gatito.be\/expo\/wp-content\/uploads\/2016\/01\/GONZE-verso-finalis\u00e9-p-1024x1024.jpg 1024w, https:\/\/gatito.be\/expo\/wp-content\/uploads\/2016\/01\/GONZE-verso-finalis\u00e9-p-150x150.jpg 150w, https:\/\/gatito.be\/expo\/wp-content\/uploads\/2016\/01\/GONZE-verso-finalis\u00e9-p-300x300.jpg 300w, https:\/\/gatito.be\/expo\/wp-content\/uploads\/2016\/01\/GONZE-verso-finalis\u00e9-p-768x768.jpg 768w, https:\/\/gatito.be\/expo\/wp-content\/uploads\/2016\/01\/GONZE-verso-finalis\u00e9-p.jpg 1984w\" sizes=\"(max-width: 380px) 100vw, 380px\" \/><\/a> <a href=\"https:\/\/gatito.be\/expo\/wp-content\/uploads\/2016\/01\/GONZE-Desesp\u00e9rances-04-p.jpg\"  rel=\"lightbox[2126] attachment wp-att-2272\"><img loading=\"lazy\" class=\"aligncenter wp-image-2272\" src=\"https:\/\/gatito.be\/expo\/wp-content\/uploads\/2016\/01\/GONZE-Desesp\u00e9rances-04-p-794x1024.jpg\" alt=\"GONZE Desesp\u00e9rances 04 p\" width=\"304\" height=\"392\" srcset=\"https:\/\/gatito.be\/expo\/wp-content\/uploads\/2016\/01\/GONZE-Desesp\u00e9rances-04-p-794x1024.jpg 794w, https:\/\/gatito.be\/expo\/wp-content\/uploads\/2016\/01\/GONZE-Desesp\u00e9rances-04-p-233x300.jpg 233w, https:\/\/gatito.be\/expo\/wp-content\/uploads\/2016\/01\/GONZE-Desesp\u00e9rances-04-p-768x990.jpg 768w, https:\/\/gatito.be\/expo\/wp-content\/uploads\/2016\/01\/GONZE-Desesp\u00e9rances-04-p.jpg 916w\" sizes=\"(max-width: 304px) 100vw, 304px\" \/><\/a><\/p>\n<p style=\"text-align: center;\"><a href=\"https:\/\/gatito.be\/expo\/wp-content\/uploads\/2016\/01\/GONZE-recto-finalis\u00e9-p.jpg\"  rel=\"lightbox[2126] attachment wp-att-2274\"><img loading=\"lazy\" class=\"wp-image-2274 alignleft\" src=\"https:\/\/gatito.be\/expo\/wp-content\/uploads\/2016\/01\/GONZE-recto-finalis\u00e9-p-1024x1024.jpg\" alt=\"GONZE recto finalis\u00e9 p\" width=\"412\" height=\"412\" srcset=\"https:\/\/gatito.be\/expo\/wp-content\/uploads\/2016\/01\/GONZE-recto-finalis\u00e9-p-1024x1024.jpg 1024w, https:\/\/gatito.be\/expo\/wp-content\/uploads\/2016\/01\/GONZE-recto-finalis\u00e9-p-150x150.jpg 150w, https:\/\/gatito.be\/expo\/wp-content\/uploads\/2016\/01\/GONZE-recto-finalis\u00e9-p-300x300.jpg 300w, https:\/\/gatito.be\/expo\/wp-content\/uploads\/2016\/01\/GONZE-recto-finalis\u00e9-p-768x768.jpg 768w\" sizes=\"(max-width: 412px) 100vw, 412px\" \/><\/a><\/p>\n<p style=\"text-align: center;\"><a href=\"https:\/\/gatito.be\/expo\/wp-content\/uploads\/2016\/01\/GONZE-Desesp\u00e9rances-05-p.jpg\"  rel=\"lightbox[2126] attachment wp-att-2273\"><img loading=\"lazy\" class=\"wp-image-2273 aligncenter\" src=\"https:\/\/gatito.be\/expo\/wp-content\/uploads\/2016\/01\/GONZE-Desesp\u00e9rances-05-p-709x1024.jpg\" alt=\"GONZE Desesp\u00e9rances 05 p\" width=\"309\" height=\"447\" srcset=\"https:\/\/gatito.be\/expo\/wp-content\/uploads\/2016\/01\/GONZE-Desesp\u00e9rances-05-p-709x1024.jpg 709w, https:\/\/gatito.be\/expo\/wp-content\/uploads\/2016\/01\/GONZE-Desesp\u00e9rances-05-p-208x300.jpg 208w, https:\/\/gatito.be\/expo\/wp-content\/uploads\/2016\/01\/GONZE-Desesp\u00e9rances-05-p-768x1109.jpg 768w, https:\/\/gatito.be\/expo\/wp-content\/uploads\/2016\/01\/GONZE-Desesp\u00e9rances-05-p.jpg 818w\" sizes=\"(max-width: 309px) 100vw, 309px\" \/><\/a><\/p>\n<p style=\"text-align: center;\">++++++++++++++++++++++++++++++++++++++++++++++++++++++++++++++++++++++++++++++++<\/p>\n<p style=\"text-align: center;\"><em>T\u00e9tra\u00e8dre des illusions<br \/>\nQuatre po\u00e9simages de la s\u00e9rie Incantania<\/em><\/p>\n<p style=\"text-align: center;\">2014<\/p>\n<p style=\"text-align: center;\">\n<table style=\"border: 0px solid grey; padding: 0px;\">\n<tbody>\n<tr>\n<td style=\"&quot;border: 0px;\"><a href=\"https:\/\/gatito.be\/expo\/wp-content\/uploads\/2016\/01\/GONZE-Lombilic-de-Francisco-petit.jpg\"  rel=\"lightbox[2126] attachment wp-att-2270\"><img loading=\"lazy\" class=\"wp-image-2270 aligncenter\" src=\"https:\/\/gatito.be\/expo\/wp-content\/uploads\/2016\/01\/GONZE-Lombilic-de-Francisco-petit-1024x888.jpg\" alt=\"image description\" width=\"180\" height=\"156\" srcset=\"https:\/\/gatito.be\/expo\/wp-content\/uploads\/2016\/01\/GONZE-Lombilic-de-Francisco-petit-1024x888.jpg 1024w, https:\/\/gatito.be\/expo\/wp-content\/uploads\/2016\/01\/GONZE-Lombilic-de-Francisco-petit-300x260.jpg 300w, https:\/\/gatito.be\/expo\/wp-content\/uploads\/2016\/01\/GONZE-Lombilic-de-Francisco-petit-768x666.jpg 768w, https:\/\/gatito.be\/expo\/wp-content\/uploads\/2016\/01\/GONZE-Lombilic-de-Francisco-petit.jpg 1063w\" sizes=\"(max-width: 180px) 100vw, 180px\" \/><\/a><\/td>\n<td style=\"&quot;border: 0px;\"><a href=\"https:\/\/gatito.be\/expo\/wp-content\/uploads\/2016\/01\/GONZE-Les-\u00e9lytres-de-Courbet-petit.jpg\"  rel=\"lightbox[2126] attachment wp-att-2268\"><img loading=\"lazy\" class=\"wp-image-2268 aligncenter\" src=\"https:\/\/gatito.be\/expo\/wp-content\/uploads\/2016\/01\/GONZE-Les-\u00e9lytres-de-Courbet-petit-1024x887.jpg\" alt=\"image description\" width=\"191\" height=\"165\" srcset=\"https:\/\/gatito.be\/expo\/wp-content\/uploads\/2016\/01\/GONZE-Les-\u00e9lytres-de-Courbet-petit-1024x887.jpg 1024w, https:\/\/gatito.be\/expo\/wp-content\/uploads\/2016\/01\/GONZE-Les-\u00e9lytres-de-Courbet-petit-300x260.jpg 300w, https:\/\/gatito.be\/expo\/wp-content\/uploads\/2016\/01\/GONZE-Les-\u00e9lytres-de-Courbet-petit-768x665.jpg 768w, https:\/\/gatito.be\/expo\/wp-content\/uploads\/2016\/01\/GONZE-Les-\u00e9lytres-de-Courbet-petit.jpg 1063w\" sizes=\"(max-width: 191px) 100vw, 191px\" \/><\/a><\/td>\n<td style=\"&quot;border: 0px;\"><a href=\"https:\/\/gatito.be\/expo\/wp-content\/uploads\/2016\/01\/GONZE-Le-remords-de-Cranach-petit.jpg\"  rel=\"lightbox[2126] attachment wp-att-2267\"><img loading=\"lazy\" class=\"wp-image-2267 aligncenter\" src=\"https:\/\/gatito.be\/expo\/wp-content\/uploads\/2016\/01\/GONZE-Le-remords-de-Cranach-petit-1024x888.jpg\" alt=\"GONZE Le remords de Cranach petit\" width=\"176\" height=\"153\" srcset=\"https:\/\/gatito.be\/expo\/wp-content\/uploads\/2016\/01\/GONZE-Le-remords-de-Cranach-petit-1024x888.jpg 1024w, https:\/\/gatito.be\/expo\/wp-content\/uploads\/2016\/01\/GONZE-Le-remords-de-Cranach-petit-300x260.jpg 300w, https:\/\/gatito.be\/expo\/wp-content\/uploads\/2016\/01\/GONZE-Le-remords-de-Cranach-petit-768x666.jpg 768w, https:\/\/gatito.be\/expo\/wp-content\/uploads\/2016\/01\/GONZE-Le-remords-de-Cranach-petit.jpg 1063w\" sizes=\"(max-width: 176px) 100vw, 176px\" \/><\/a><\/td>\n<\/tr>\n<\/tbody>\n<\/table>\n<p style=\"text-align: center;\">\n<table style=\"border: 0px solid grey; padding: 0px;\">\n<tbody>\n<tr>\n<td style=\"&quot;border: 0px;\"><a href=\"https:\/\/gatito.be\/expo\/wp-content\/uploads\/2016\/01\/GONZE-Linsondable-du-Titien-petit.jpg\"  rel=\"lightbox[2126] attachment wp-att-2269\"><img loading=\"lazy\" class=\"wp-image-2269 aligncenter\" src=\"https:\/\/gatito.be\/expo\/wp-content\/uploads\/2016\/01\/GONZE-Linsondable-du-Titien-petit-1024x888.jpg\" alt=\"image description\" width=\"188\" height=\"163\" srcset=\"https:\/\/gatito.be\/expo\/wp-content\/uploads\/2016\/01\/GONZE-Linsondable-du-Titien-petit-1024x888.jpg 1024w, https:\/\/gatito.be\/expo\/wp-content\/uploads\/2016\/01\/GONZE-Linsondable-du-Titien-petit-300x260.jpg 300w, https:\/\/gatito.be\/expo\/wp-content\/uploads\/2016\/01\/GONZE-Linsondable-du-Titien-petit-768x666.jpg 768w, https:\/\/gatito.be\/expo\/wp-content\/uploads\/2016\/01\/GONZE-Linsondable-du-Titien-petit.jpg 1063w\" sizes=\"(max-width: 188px) 100vw, 188px\" \/><\/a><\/td>\n<td style=\"&quot;border: 0px;\"><a href=\"https:\/\/gatito.be\/expo\/wp-content\/uploads\/2016\/01\/GONZE-Le-mille-pattes-de-Fontainebleau-petit.jpg\"  rel=\"lightbox[2126] attachment wp-att-2266\"><img loading=\"lazy\" class=\"wp-image-2266 aligncenter\" src=\"https:\/\/gatito.be\/expo\/wp-content\/uploads\/2016\/01\/GONZE-Le-mille-pattes-de-Fontainebleau-petit-150x150.jpg\" alt=\"GONZE Le mille-pattes de Fontainebleau petit\" width=\"166\" height=\"166\" \/><\/a><\/td>\n<\/tr>\n<\/tbody>\n<\/table>\n<p style=\"text-align: center;\">+++++++++++++++++++++++++++++++++++++++++++++++++++<\/p>\n<p style=\"text-align: center;\"><strong>Paul GONZE<\/strong><\/p>\n<p style=\"text-align: center;\"><em>Hommage \u00e0 un dr\u00f4le d\u2019\u00e9l\u00e8ve<\/em><\/p>\n<p style=\"text-align: center;\">Plagiat de la peinture \u00ab\u00a0Le Miroir Vivant\u00a0\u00bb de Ren\u00e9 Magritte ,1928<\/p>\n<p style=\"text-align: center;\">2016<\/p>\n<p style=\"text-align: center;\"><a href=\"https:\/\/gatito.be\/expo\/wp-content\/uploads\/2016\/01\/Le-miroir-vivant-de-Magritte.jpg\"  rel=\"lightbox[2126] attachment wp-att-2284\"><img loading=\"lazy\" class=\"size-thumbnail wp-image-2284 aligncenter\" src=\"https:\/\/gatito.be\/expo\/wp-content\/uploads\/2016\/01\/Le-miroir-vivant-de-Magritte-150x150.jpg\" alt=\"Le miroir vivant de Magritte\" width=\"150\" height=\"150\" \/><\/a> <a href=\"https:\/\/gatito.be\/expo\/wp-content\/uploads\/2016\/01\/GONZE-En-hommage-\u00e0-un-mauvais-\u00e9l\u00e8ve.jpg\"  rel=\"lightbox[2126] attachment wp-att-2283\"><img loading=\"lazy\" class=\"size-thumbnail wp-image-2283 aligncenter\" src=\"https:\/\/gatito.be\/expo\/wp-content\/uploads\/2016\/01\/GONZE-En-hommage-\u00e0-un-mauvais-\u00e9l\u00e8ve-150x150.jpg\" alt=\"GONZE En hommage \u00e0 un mauvais \u00e9l\u00e8ve\" width=\"150\" height=\"150\" \/><\/a><\/p>\n<p style=\"text-align: center;\">++++++++++++++++++++++++++++++++++++++++++<\/p>\n<p style=\"text-align: center;\"><em>Le Petit \u2026<\/em><\/p>\n<p style=\"text-align: center;\">Feuille A2 \u00e0 plier et d\u00e9couper pour former un livre<\/p>\n<p style=\"text-align: center;\">2008-2015<\/p>\n<p style=\"text-align: center;\"><a href=\"https:\/\/gatito.be\/expo\/wp-content\/uploads\/2016\/01\/Gonze-Livre-64-verso.jpg\"  rel=\"lightbox[2126] attachment wp-att-2392\"><img loading=\"lazy\" class=\"wp-image-2392 aligncenter\" src=\"https:\/\/gatito.be\/expo\/wp-content\/uploads\/2016\/01\/Gonze-Livre-64-verso-150x150.jpg\" alt=\"Gonze Livre 64 verso\" width=\"195\" height=\"195\" \/><\/a> <a href=\"https:\/\/gatito.be\/expo\/wp-content\/uploads\/2016\/01\/Gonze-Livre-64-recto.jpg\"  rel=\"lightbox[2126] attachment wp-att-2391\"><img loading=\"lazy\" class=\"wp-image-2391 aligncenter\" src=\"https:\/\/gatito.be\/expo\/wp-content\/uploads\/2016\/01\/Gonze-Livre-64-recto-150x150.jpg\" alt=\"Gonze Livre 64 recto\" width=\"188\" height=\"188\" \/><\/a><\/p>\n<p style=\"text-align: center;\">++++++++++++++++++++++++++++++++++++++++++++++++++++++++<\/p>\n<p style=\"text-align: center;\"><em>Paul Gonze et ses D\u00e9livres \u00e0 la Lettre Vol\u00e9e<\/em><\/p>\n<p style=\"text-align: center;\">Vid\u00e9o de 4 minutes 54 r\u00e9alis\u00e9 par Natalia de Melo<\/p>\n<p style=\"text-align: center;\">2015<\/p>\n<div style=\"text-align: center;\"><u><b><a href=\"https:\/\/vimeo.com\/126437032\">https:\/\/vimeo.com\/126437032<\/a><\/b><\/u><\/div>\n<p><a href=\"https:\/\/gatito.be\/expo\/wp-content\/uploads\/2016\/01\/Gonze-Video-Natalia.jpg\"  rel=\"lightbox[2126] attachment wp-att-2416\"><img loading=\"lazy\" class=\"size-medium wp-image-2416 aligncenter\" src=\"https:\/\/gatito.be\/expo\/wp-content\/uploads\/2016\/01\/Gonze-Video-Natalia-300x168.jpg\" alt=\"Gonze Video Natalia\" width=\"300\" height=\"168\" srcset=\"https:\/\/gatito.be\/expo\/wp-content\/uploads\/2016\/01\/Gonze-Video-Natalia-300x168.jpg 300w, https:\/\/gatito.be\/expo\/wp-content\/uploads\/2016\/01\/Gonze-Video-Natalia-768x431.jpg 768w, https:\/\/gatito.be\/expo\/wp-content\/uploads\/2016\/01\/Gonze-Video-Natalia-1024x575.jpg 1024w, https:\/\/gatito.be\/expo\/wp-content\/uploads\/2016\/01\/Gonze-Video-Natalia.jpg 1181w\" sizes=\"(max-width: 300px) 100vw, 300px\" \/><\/a><\/p>\n<p style=\"text-align: center;\">++++++++++++++++++++++++++++++++++++++++++++++++++<\/p>\n<p><strong><a href=\"http:\/\/m3m.homelinux.org\/wikiGG\/index.php\/Docteur_Donald_Ream\">Paul Gonze<\/a><\/strong>, <em>alias <strong><a href=\"http:\/\/m3m.homelinux.org\/wikiGG\/index.php\/Aurore_d%27Utopie,_anartiste_papow%C3%A8te\">Aurore d\u2019Utopie<\/a><\/strong><\/em>, ing\u00e9nieur des mines g\u00e9ologue de formation, a pirouett\u00e9 anartiste papow\u00e8te dans l&rsquo;utopique intention de <strong><u><a href=\"http:\/\/m3m.homelinux.org\/wikiGG\/index.php\/Un_R%C3%AAve_sous_l%27Oreiller\">virer au rose les nuages<\/a><\/u><\/strong> plut\u00f4t que <strong><u><a href=\"http:\/\/m3m.homelinux.org\/wikiGG\/index.php\/DU_R%C3%8AVE_QUI_TACHE\">d&rsquo;aller au charbon<\/a><\/u><\/strong>. Dans cette perspective aux innombrables <strong><u><a href=\"http:\/\/m3m.homelinux.org\/wikiGG\/index.php\/Les_points_de_fuite_d%27Ingres\">points de fuite<\/a><\/u><\/strong>, il se pla\u00eet \u00e0 \u00e9garer ses alter-ego en d\u00e9raillant sur les mythes des nombre d\u2019or, harmonie des sph\u00e8res, <strong><u><a href=\"http:\/\/m3m.homelinux.org\/wikiGG\/index.php\/POUR_R%C3%8AVER_LES_YEUX_OUVERTS_OU_FERM%C3%89S\">divine proportion<\/a><\/u><\/strong>, <strong><u><a href=\"http:\/\/m3m.homelinux.org\/wikiGG\/index.php\/Kr%C3%A9puscula_Kochmarsky,_romenteuse_et_plasticeuse\">ascendance zodiacale<\/a><\/u><\/strong>, <strong><u><a href=\"http:\/\/m3m.homelinux.org\/wikiGG\/index.php\/666_et_demain_des_poussieres...\">chiffre du destin<\/a><\/u><\/strong> et autres postulats du genre \u00ab\u00a0<strong><u><a href=\"http:\/\/m3m.homelinux.org\/wikiGG\/index.php\/Je_est_un%28e%29_autre_f%C3%A8l%C3%A9%28e%29\">Je est un<em>(e)<\/em> Autre<\/a><\/u><\/strong>\u00ab\u00a0.<br \/>\nLa plupart des r\u00eaves qu&rsquo;il a con\u00e7u en tant que Valet (<em>ou Dame<\/em>) des R\u00eaves de <strong><a href=\"http:\/\/m3m.homelinux.org\/wikiGG\/index.php\/To_UT-opia\">l&rsquo;asbl TOUT<\/a><\/strong> ont des fondements math\u00e9matiques notamment <strong><a href=\"http:\/\/m3m.homelinux.org\/wikiGG\/index.php\/UN_R%C3%8AVE_OU_NUL_N%27EST_UNE_ILE\">le module anthropomorphe des Iles de Paix<\/a><\/strong>, <strong><a href=\"http:\/\/m3m.homelinux.org\/wikiGG\/images\/2\/23\/R%C3%AAve_lunaire_complet.pdf\">l&rsquo;h\u00e9lico\u00efde lunatique oscillant entre repli sur soi et ouverture \u00e0 l&rsquo;autre con\u00e7u pour le rond-point Schuman<\/a><\/strong> ainsi que <strong><a href=\"http:\/\/m3m.homelinux.org\/wikiGG\/index.php\/Pour_une_Europe_%C3%89toil%C3%A9e\">l&rsquo;icosa\u00e8dre \u00e9toil\u00e9\u00a0 centr\u00e9 dans un dod\u00e9ca\u00e8dre tridimensionalisant le drapeau europ\u00e9en<\/a><\/strong>. Un de ses plus m\u00e9galomaniaques d\u00e9lires reste la mise \u00e0 l\u2019eau <strong><u><a href=\"http:\/\/m3m.homelinux.org\/wikiGG\/index.php\/L%27H%C3%A9liophare_d%27Alexandrie\">d&rsquo;une \u00eele pentagonale et h\u00e9liotrope \u00e9voquant la 7<sup>\u00e8me<\/sup> merveille de l&rsquo;antiquit\u00e9, le Phare d&rsquo;Alexandrie<\/a><\/u><\/strong>.<\/p>\n<p>&nbsp;<\/p>\n<p>En tant que papow\u00e8te, il a corrompu la rectangularit\u00e9 du livre classique pour <strong><u><a href=\"http:\/\/m3m.homelinux.org\/wikiGG\/index.php\/MEsSONGES_%3D_MEnSONGES\">l&rsquo;articuler sur les trois c\u00f4t\u00e9s d&rsquo;un triangle<\/a><\/u><\/strong> ou l&rsquo;accord\u00e9onner en <strong><u><a href=\"http:\/\/m3m.homelinux.org\/wikiGG\/index.php\/D%C3%A9s-ESP%C3%89RER-ances\">un labyrinthique jeu de l&rsquo;oie<\/a><\/u><\/strong>. Dans sa fascination pour les jeux de sym\u00e9trie cristallographiques et les mises en abyme logarithmiques, il a d\u00e9voy\u00e9 quelques chefs d&rsquo;\u0153uvres classiques dans des <strong><u><a href=\"http:\/\/m3m.homelinux.org\/wikiGG\/index.php\/INCANT-AIA\">trigones incantatoires<\/a><\/u><\/strong>. Il a aussi mis en bo\u00eete <strong><u><a href=\"http:\/\/m3m.homelinux.org\/wikiGG\/index.php\/DE_L%C3%88VRES_%26_DE_DENTS\">12 x 12 levrettes pleines de dents<\/a><\/u><\/strong>\u00a0: bien assez que pour <strong><u><a href=\"http:\/\/m3m.homelinux.org\/wikiGG\/index.php\/Encore_un_sourire\">sourire<\/a><\/u><\/strong> de l&rsquo;axiome qui veut que vos jours (<strong><em><u><a href=\"http:\/\/m3m.homelinux.org\/wikiGG\/index.php\/M%C3%A8re_fille\">autant que mes nuits<\/a><\/u><\/em><\/strong>) soient compt\u00e9(<em>e<\/em>)s.<\/p>\n<p>&nbsp;<\/p>\n<p><strong><u><a href=\"http:\/\/m3m.homelinux.org\/wikiGG\/index.php\/Accueil\">Son wiki<\/a><\/u><\/strong> et ses hypoth\u00e9tiques lecteurs nous survivront-t-ils, <strong><u><a href=\"http:\/\/m3m.homelinux.org\/wikiGG\/index.php?title=En_Absurdistan&amp;action=edit\">comme la Belgique<\/a><\/u><\/strong>, <strong><u><a href=\"http:\/\/m3m.homelinux.org\/wikiGG\/index.php\/Et_un_cercueil_pour_r%C3%AAver\">un peu plus que quelques temps<\/a><\/u><\/strong>\u00a0?<\/p>\n<p>&#8212;<\/p>\n<p>Paul GONZE<br \/>\nanartiste papow\u00eate<br \/>\n<a href=\"http:\/\/paulgonze.matscape.com\">personnes.matscape.com<\/a><\/p>\n","protected":false},"excerpt":{"rendered":"<p>MES SONGES\u00a0= MENSONGES Livre-objet triangulaire reli\u00e9 et expos\u00e9 en \u00e9clat\u00e9 19xx-2016 ++++++++++++++++++++++++++++++++++++++++++++++++++++++++++++++++++++++++++++++++ Des-esp-errances Livre &#8211; objet \u00e0 plier ou d\u00e9plier en jeu de l\u2019oie labyrinthique 19xx-2016 ++++++++++++++++++++++++++++++++++++++++++++++++++++++++++++++++++++++++++++++++ T\u00e9tra\u00e8dre des illusions Quatre po\u00e9simages de la s\u00e9rie Incantania 2014 +++++++++++++++++++++++++++++++++++++++++++++++++++ Paul GONZE Hommage \u00e0 un dr\u00f4le d\u2019\u00e9l\u00e8ve Plagiat de la peinture \u00ab\u00a0Le Miroir Vivant\u00a0\u00bb de Ren\u00e9 Magritte ,1928 2016 ++++++++++++++++++++++++++++++++++++++++++ Le Petit \u2026 Feuille A2 \u00e0 plier et d\u00e9couper pour former un livre 2008-2015 ++++++++++++++++++++++++++++++++++++++++++++++++++++++++ Paul Gonze et ses D\u00e9livres \u00e0 la Lettre Vol\u00e9e Vid\u00e9o de 4 minutes 54 r\u00e9alis\u00e9 par Natalia de Melo 2015 https:\/\/vimeo.com\/126437032 ++++++++++++++++++++++++++++++++++++++++++++++++++ Paul Gonze, alias Aurore d\u2019Utopie,<a href=\"https:\/\/gatito.be\/expo\/artistes-exposants-2016\/gonze-paul-2016\/\">&nbsp;&nbsp;[ Suite&#8230; ]<\/a><\/p>\n","protected":false},"author":26,"featured_media":0,"parent":1919,"menu_order":12,"comment_status":"open","ping_status":"open","template":"fullwide.php","meta":{"ngg_post_thumbnail":0},"_links":{"self":[{"href":"https:\/\/gatito.be\/expo\/wp-json\/wp\/v2\/pages\/2126"}],"collection":[{"href":"https:\/\/gatito.be\/expo\/wp-json\/wp\/v2\/pages"}],"about":[{"href":"https:\/\/gatito.be\/expo\/wp-json\/wp\/v2\/types\/page"}],"author":[{"embeddable":true,"href":"https:\/\/gatito.be\/expo\/wp-json\/wp\/v2\/users\/26"}],"replies":[{"embeddable":true,"href":"https:\/\/gatito.be\/expo\/wp-json\/wp\/v2\/comments?post=2126"}],"version-history":[{"count":31,"href":"https:\/\/gatito.be\/expo\/wp-json\/wp\/v2\/pages\/2126\/revisions"}],"predecessor-version":[{"id":2445,"href":"https:\/\/gatito.be\/expo\/wp-json\/wp\/v2\/pages\/2126\/revisions\/2445"}],"up":[{"embeddable":true,"href":"https:\/\/gatito.be\/expo\/wp-json\/wp\/v2\/pages\/1919"}],"wp:attachment":[{"href":"https:\/\/gatito.be\/expo\/wp-json\/wp\/v2\/media?parent=2126"}],"curies":[{"name":"wp","href":"https:\/\/api.w.org\/{rel}","templated":true}]}}