{"id":2118,"date":"2016-01-18T14:59:09","date_gmt":"2016-01-18T13:59:09","guid":{"rendered":"https:\/\/gatito.be\/expo\/?page_id=2118"},"modified":"2016-01-28T18:25:45","modified_gmt":"2016-01-28T17:25:45","slug":"cerralvo-marina-2016","status":"publish","type":"page","link":"https:\/\/gatito.be\/expo\/artistes-exposants-2016\/cerralvo-marina-2016\/","title":{"rendered":"Cerralvo Marina"},"content":{"rendered":"<p style=\"text-align: center;\"><em>Le Z\u00e9ro et l\u2019Infini<br \/>\nd\u2019apr\u00e8s Arthur Koestler<\/em><\/p>\n<p style=\"text-align: center;\">Plaques et tiges fer rouill\u00e9, ponc\u00e9 et soudure<\/p>\n<p style=\"text-align: center;\">2015<\/p>\n<p style=\"text-align: center;\"><em>Th\u00e8me: Du vide \u00e0 l\u2019infini<\/em><\/p>\n<p style=\"text-align: center;\">\n<p style=\"text-align: center;\"><a href=\"https:\/\/gatito.be\/expo\/wp-content\/uploads\/2016\/01\/Cerralvo.jpg\"  rel=\"lightbox[2118] attachment wp-att-1855\"><img loading=\"lazy\" class=\"aligncenter  wp-image-1855\" src=\"https:\/\/gatito.be\/expo\/wp-content\/uploads\/2016\/01\/Cerralvo.jpg\" alt=\"Cerralvo\" width=\"633\" height=\"381\" srcset=\"https:\/\/gatito.be\/expo\/wp-content\/uploads\/2016\/01\/Cerralvo.jpg 841w, https:\/\/gatito.be\/expo\/wp-content\/uploads\/2016\/01\/Cerralvo-300x180.jpg 300w, https:\/\/gatito.be\/expo\/wp-content\/uploads\/2016\/01\/Cerralvo-250x150.jpg 250w\" sizes=\"(max-width: 633px) 100vw, 633px\" \/><\/a><\/p>\n","protected":false},"excerpt":{"rendered":"<p>Le Z\u00e9ro et l\u2019Infini d\u2019apr\u00e8s Arthur Koestler Plaques et tiges fer rouill\u00e9, ponc\u00e9 et soudure 2015 Th\u00e8me: Du vide \u00e0 l\u2019infini<\/p>\n","protected":false},"author":26,"featured_media":0,"parent":1919,"menu_order":7,"comment_status":"open","ping_status":"open","template":"fullwide.php","meta":{"ngg_post_thumbnail":0},"_links":{"self":[{"href":"https:\/\/gatito.be\/expo\/wp-json\/wp\/v2\/pages\/2118"}],"collection":[{"href":"https:\/\/gatito.be\/expo\/wp-json\/wp\/v2\/pages"}],"about":[{"href":"https:\/\/gatito.be\/expo\/wp-json\/wp\/v2\/types\/page"}],"author":[{"embeddable":true,"href":"https:\/\/gatito.be\/expo\/wp-json\/wp\/v2\/users\/26"}],"replies":[{"embeddable":true,"href":"https:\/\/gatito.be\/expo\/wp-json\/wp\/v2\/comments?post=2118"}],"version-history":[{"count":4,"href":"https:\/\/gatito.be\/expo\/wp-json\/wp\/v2\/pages\/2118\/revisions"}],"predecessor-version":[{"id":2246,"href":"https:\/\/gatito.be\/expo\/wp-json\/wp\/v2\/pages\/2118\/revisions\/2246"}],"up":[{"embeddable":true,"href":"https:\/\/gatito.be\/expo\/wp-json\/wp\/v2\/pages\/1919"}],"wp:attachment":[{"href":"https:\/\/gatito.be\/expo\/wp-json\/wp\/v2\/media?parent=2118"}],"curies":[{"name":"wp","href":"https:\/\/api.w.org\/{rel}","templated":true}]}}