{"id":2116,"date":"2016-01-18T14:57:28","date_gmt":"2016-01-18T13:57:28","guid":{"rendered":"https:\/\/gatito.be\/expo\/?page_id=2116"},"modified":"2016-01-28T18:22:06","modified_gmt":"2016-01-28T17:22:06","slug":"balffart-marc-2016","status":"publish","type":"page","link":"https:\/\/gatito.be\/expo\/artistes-exposants-2016\/balffart-marc-2016\/","title":{"rendered":"Blaffart Marc"},"content":{"rendered":"<p style=\"text-align: center;\"><em>Ordo ab chaos<\/em><\/p>\n<p style=\"text-align: center;\">MDF, d\u00e9coupe laser, moteur \u00e9lectrique<\/p>\n<p style=\"text-align: center;\">2015\u00a0\u00a0 Avec le soutien du FabLab Imal<\/p>\n<p style=\"text-align: center;\"><em>Th\u00e8me: Spirales, h\u00e9lices, r\u00e9volutions<\/em><\/p>\n<p style=\"text-align: center;\">\n<p style=\"text-align: center;\"><a href=\"https:\/\/gatito.be\/expo\/wp-content\/uploads\/2016\/01\/BLAFFART-WP_20160113_004-e1454001556592.jpg\"  rel=\"lightbox[2116] attachment wp-att-2240\"><img loading=\"lazy\" class=\"aligncenter  wp-image-2240\" src=\"https:\/\/gatito.be\/expo\/wp-content\/uploads\/2016\/01\/BLAFFART-WP_20160113_004-e1454001556592-461x1024.jpg\" alt=\"BLAFFART WP_20160113_004\" width=\"314\" height=\"698\" srcset=\"https:\/\/gatito.be\/expo\/wp-content\/uploads\/2016\/01\/BLAFFART-WP_20160113_004-e1454001556592-461x1024.jpg 461w, https:\/\/gatito.be\/expo\/wp-content\/uploads\/2016\/01\/BLAFFART-WP_20160113_004-e1454001556592-135x300.jpg 135w, https:\/\/gatito.be\/expo\/wp-content\/uploads\/2016\/01\/BLAFFART-WP_20160113_004-e1454001556592-768x1707.jpg 768w, https:\/\/gatito.be\/expo\/wp-content\/uploads\/2016\/01\/BLAFFART-WP_20160113_004-e1454001556592.jpg 1382w\" sizes=\"(max-width: 314px) 100vw, 314px\" \/><\/a><\/p>\n<p style=\"text-align: center;\">\n<p style=\"text-align: center;\"><em>Neuroscript<\/em><\/p>\n<p style=\"text-align: center;\">MDF, fils galvanis\u00e9s, d\u00e9coupe laser, contr\u00f4le \u00e9lectronique<\/p>\n<p style=\"text-align: center;\">2015\u00a0\u00a0 Avec le soutien du FabLab Imal<\/p>\n<p style=\"text-align: center;\"><em>Th\u00e8me: Hasard, n\u00e9cessit\u00e9, structures<\/em><\/p>\n<p style=\"text-align: center;\"><a href=\"https:\/\/gatito.be\/expo\/wp-content\/uploads\/2016\/01\/Blaffart-2.jpg\"  rel=\"lightbox[2116] attachment wp-att-1854\"><img loading=\"lazy\" class=\"aligncenter wp-image-1854\" src=\"https:\/\/gatito.be\/expo\/wp-content\/uploads\/2016\/01\/Blaffart-2.jpg\" alt=\"Blaffart 2\" width=\"447\" height=\"593\" srcset=\"https:\/\/gatito.be\/expo\/wp-content\/uploads\/2016\/01\/Blaffart-2.jpg 635w, https:\/\/gatito.be\/expo\/wp-content\/uploads\/2016\/01\/Blaffart-2-226x300.jpg 226w\" sizes=\"(max-width: 447px) 100vw, 447px\" \/><\/a><\/p>\n","protected":false},"excerpt":{"rendered":"<p>Ordo ab chaos MDF, d\u00e9coupe laser, moteur \u00e9lectrique 2015\u00a0\u00a0 Avec le soutien du FabLab Imal Th\u00e8me: Spirales, h\u00e9lices, r\u00e9volutions Neuroscript MDF, fils galvanis\u00e9s, d\u00e9coupe laser, contr\u00f4le \u00e9lectronique 2015\u00a0\u00a0 Avec le soutien du FabLab Imal Th\u00e8me: Hasard, n\u00e9cessit\u00e9, structures<\/p>\n","protected":false},"author":26,"featured_media":0,"parent":1919,"menu_order":1,"comment_status":"closed","ping_status":"closed","template":"fullwide.php","meta":{"ngg_post_thumbnail":0},"_links":{"self":[{"href":"https:\/\/gatito.be\/expo\/wp-json\/wp\/v2\/pages\/2116"}],"collection":[{"href":"https:\/\/gatito.be\/expo\/wp-json\/wp\/v2\/pages"}],"about":[{"href":"https:\/\/gatito.be\/expo\/wp-json\/wp\/v2\/types\/page"}],"author":[{"embeddable":true,"href":"https:\/\/gatito.be\/expo\/wp-json\/wp\/v2\/users\/26"}],"replies":[{"embeddable":true,"href":"https:\/\/gatito.be\/expo\/wp-json\/wp\/v2\/comments?post=2116"}],"version-history":[{"count":6,"href":"https:\/\/gatito.be\/expo\/wp-json\/wp\/v2\/pages\/2116\/revisions"}],"predecessor-version":[{"id":2243,"href":"https:\/\/gatito.be\/expo\/wp-json\/wp\/v2\/pages\/2116\/revisions\/2243"}],"up":[{"embeddable":true,"href":"https:\/\/gatito.be\/expo\/wp-json\/wp\/v2\/pages\/1919"}],"wp:attachment":[{"href":"https:\/\/gatito.be\/expo\/wp-json\/wp\/v2\/media?parent=2116"}],"curies":[{"name":"wp","href":"https:\/\/api.w.org\/{rel}","templated":true}]}}