{"id":2109,"date":"2016-01-18T14:40:08","date_gmt":"2016-01-18T13:40:08","guid":{"rendered":"https:\/\/gatito.be\/expo\/?page_id=2109"},"modified":"2016-01-28T23:27:23","modified_gmt":"2016-01-28T22:27:23","slug":"verbiese-samuel-2016","status":"publish","type":"page","link":"https:\/\/gatito.be\/expo\/artistes-exposants-2016\/verbiese-samuel-2016\/","title":{"rendered":"VERBIESE  Samuel"},"content":{"rendered":"<p style=\"text-align: center;\">Artiste plasticien<\/p>\n<p style=\"text-align: center;\"><a href=\"mailto:samve47@yahoo.fr\">samve47@yahoo.fr<br \/>\npas de site, mais veuillez googler sur\u00a0 \u00ab samuel verbiese \u00bb<\/a><\/p>\n<p style=\"text-align: center;\"><em>Pi (en 400 chiffres) et Phi (sugg\u00e9r\u00e9 en or)<\/em><\/p>\n<p style=\"text-align: center;\"><em>(Hommage \u00e0 Ferdinand et Fran\u00e7oise Dierkens)<\/em><\/p>\n<p style=\"text-align: center;\">Bas-relief (demi ronde-bosse) en jesmonite<\/p>\n<p style=\"text-align: center;\">2003-2016<\/p>\n<p style=\"text-align: center;\"><em>Th\u00e8me: Nombres c\u00e9l\u00e8bres<\/em><\/p>\n<p style=\"text-align: center;\">\n<p style=\"text-align: center;\"><a href=\"https:\/\/gatito.be\/expo\/wp-content\/uploads\/2016\/01\/Verbiese-2.jpg\"  rel=\"lightbox[2109] attachment wp-att-1911\"><img loading=\"lazy\" class=\"aligncenter size-full wp-image-1911\" src=\"https:\/\/gatito.be\/expo\/wp-content\/uploads\/2016\/01\/Verbiese-2.jpg\" alt=\"Verbiese 2\" width=\"489\" height=\"842\" srcset=\"https:\/\/gatito.be\/expo\/wp-content\/uploads\/2016\/01\/Verbiese-2.jpg 489w, https:\/\/gatito.be\/expo\/wp-content\/uploads\/2016\/01\/Verbiese-2-174x300.jpg 174w\" sizes=\"(max-width: 489px) 100vw, 489px\" \/><\/a><\/p>\n<p style=\"text-align: center;\"><strong>\u00a0<\/strong><\/p>\n<p style=\"text-align: center;\"><em>L&rsquo;ARTriste et ses mod\u00e8les<\/em><\/p>\n<p style=\"text-align: center;\">Dessins, encre s\u00e9pia + crayons de couleur<\/p>\n<p style=\"text-align: center;\">1997<\/p>\n<p style=\"text-align: center;\"><em>Th\u00e8me: Sym\u00e9tries, pavages et d\u00e9coupages (et al.)<\/em><\/p>\n<p style=\"text-align: center;\">\n<p style=\"text-align: center;\"><a href=\"https:\/\/gatito.be\/expo\/wp-content\/uploads\/2016\/01\/Verbiese-1.jpg\"  rel=\"lightbox[2109] attachment wp-att-1910\"><img loading=\"lazy\" class=\"aligncenter size-full wp-image-1910\" src=\"https:\/\/gatito.be\/expo\/wp-content\/uploads\/2016\/01\/Verbiese-1.jpg\" alt=\"Verbiese 1\" width=\"842\" height=\"843\" srcset=\"https:\/\/gatito.be\/expo\/wp-content\/uploads\/2016\/01\/Verbiese-1.jpg 842w, https:\/\/gatito.be\/expo\/wp-content\/uploads\/2016\/01\/Verbiese-1-150x150.jpg 150w, https:\/\/gatito.be\/expo\/wp-content\/uploads\/2016\/01\/Verbiese-1-300x300.jpg 300w\" sizes=\"(max-width: 842px) 100vw, 842px\" \/><\/a><\/p>\n","protected":false},"excerpt":{"rendered":"<p>Artiste plasticien samve47@yahoo.fr pas de site, mais veuillez googler sur\u00a0 \u00ab samuel verbiese \u00bb Pi (en 400 chiffres) et Phi (sugg\u00e9r\u00e9 en or) (Hommage \u00e0 Ferdinand et Fran\u00e7oise Dierkens) Bas-relief (demi ronde-bosse) en jesmonite 2003-2016 Th\u00e8me: Nombres c\u00e9l\u00e8bres \u00a0 L&rsquo;ARTriste et ses mod\u00e8les Dessins, encre s\u00e9pia + crayons de couleur 1997 Th\u00e8me: Sym\u00e9tries, pavages et d\u00e9coupages (et al.)<\/p>\n","protected":false},"author":26,"featured_media":0,"parent":1919,"menu_order":39,"comment_status":"open","ping_status":"open","template":"fullwide.php","meta":{"ngg_post_thumbnail":0},"_links":{"self":[{"href":"https:\/\/gatito.be\/expo\/wp-json\/wp\/v2\/pages\/2109"}],"collection":[{"href":"https:\/\/gatito.be\/expo\/wp-json\/wp\/v2\/pages"}],"about":[{"href":"https:\/\/gatito.be\/expo\/wp-json\/wp\/v2\/types\/page"}],"author":[{"embeddable":true,"href":"https:\/\/gatito.be\/expo\/wp-json\/wp\/v2\/users\/26"}],"replies":[{"embeddable":true,"href":"https:\/\/gatito.be\/expo\/wp-json\/wp\/v2\/comments?post=2109"}],"version-history":[{"count":6,"href":"https:\/\/gatito.be\/expo\/wp-json\/wp\/v2\/pages\/2109\/revisions"}],"predecessor-version":[{"id":2361,"href":"https:\/\/gatito.be\/expo\/wp-json\/wp\/v2\/pages\/2109\/revisions\/2361"}],"up":[{"embeddable":true,"href":"https:\/\/gatito.be\/expo\/wp-json\/wp\/v2\/pages\/1919"}],"wp:attachment":[{"href":"https:\/\/gatito.be\/expo\/wp-json\/wp\/v2\/media?parent=2109"}],"curies":[{"name":"wp","href":"https:\/\/api.w.org\/{rel}","templated":true}]}}