{"id":2105,"date":"2016-01-18T14:38:16","date_gmt":"2016-01-18T13:38:16","guid":{"rendered":"https:\/\/gatito.be\/expo\/?page_id=2105"},"modified":"2016-01-30T15:20:12","modified_gmt":"2016-01-30T14:20:12","slug":"uyttebrouck-eric-2016","status":"publish","type":"page","link":"https:\/\/gatito.be\/expo\/artistes-exposants-2016\/uyttebrouck-eric-2016\/","title":{"rendered":"UYTTEBROUCK  Eric"},"content":{"rendered":"<p>Eric Uyttebrouck, alias Eric Sambre, est un artiste num\u00e9rique qui utilise des techniques de photomontage et de peinture num\u00e9rique pour proposer des fragments d\u2019univers volontiers oniriques, o\u00f9 la couleur tient une place pr\u00e9pond\u00e9rante.<\/p>\n<p>Site web : <a href=\"http:\/\/www.ericsambre.com\/\">http:\/\/www.ericsambre.com<\/a><\/p>\n<p>Facebook :<a href=\"https:\/\/www.facebook.com\/EricSambre\/\" target=\"_blank\">https:\/\/www.facebook.com\/EricSambre\/<\/a><\/p>\n<p>&nbsp;<\/p>\n<p style=\"text-align: center;\"><strong>Eric UYTTEBROUCK (Eric SAMBRE)<br \/>\n<\/strong><\/p>\n<p style=\"text-align: center;\"><em>Sorite II<br \/>\nAucun chaton qui aime le poisson n\u2019est r\u00e9fractaire \u00e0 l\u2019\u00e9tude<\/em><\/p>\n<p style=\"text-align: center;\">Photomontage, impression sur toile<\/p>\n<p style=\"text-align: center;\">2013<\/p>\n<p style=\"text-align: center;\"><em>Th\u00e8me: C\u2019est logique<\/em><\/p>\n<p style=\"text-align: center;\"><a href=\"https:\/\/gatito.be\/expo\/wp-content\/uploads\/2016\/01\/Uyttebrouck-nouveau-Sorite_II_s.jpg\"  rel=\"lightbox[2105] attachment wp-att-2397\"><img loading=\"lazy\" class=\"alignleft size-full wp-image-2397\" src=\"https:\/\/gatito.be\/expo\/wp-content\/uploads\/2016\/01\/Uyttebrouck-nouveau-Sorite_II_s.jpg\" alt=\"Uyttebrouck nouveau Sorite_II_s\" width=\"800\" height=\"800\" srcset=\"https:\/\/gatito.be\/expo\/wp-content\/uploads\/2016\/01\/Uyttebrouck-nouveau-Sorite_II_s.jpg 800w, https:\/\/gatito.be\/expo\/wp-content\/uploads\/2016\/01\/Uyttebrouck-nouveau-Sorite_II_s-150x150.jpg 150w, https:\/\/gatito.be\/expo\/wp-content\/uploads\/2016\/01\/Uyttebrouck-nouveau-Sorite_II_s-300x300.jpg 300w, https:\/\/gatito.be\/expo\/wp-content\/uploads\/2016\/01\/Uyttebrouck-nouveau-Sorite_II_s-768x768.jpg 768w\" sizes=\"(max-width: 800px) 100vw, 800px\" \/><\/a><\/p>\n","protected":false},"excerpt":{"rendered":"<p>Eric Uyttebrouck, alias Eric Sambre, est un artiste num\u00e9rique qui utilise des techniques de photomontage et de peinture num\u00e9rique pour proposer des fragments d\u2019univers volontiers oniriques, o\u00f9 la couleur tient une place pr\u00e9pond\u00e9rante. Site web : http:\/\/www.ericsambre.com Facebook :https:\/\/www.facebook.com\/EricSambre\/ &nbsp; Eric UYTTEBROUCK (Eric SAMBRE) Sorite II Aucun chaton qui aime le poisson n\u2019est r\u00e9fractaire \u00e0 l\u2019\u00e9tude Photomontage, impression sur toile 2013 Th\u00e8me: C\u2019est logique<\/p>\n","protected":false},"author":26,"featured_media":0,"parent":1919,"menu_order":33,"comment_status":"open","ping_status":"open","template":"fullwide.php","meta":{"ngg_post_thumbnail":0},"_links":{"self":[{"href":"https:\/\/gatito.be\/expo\/wp-json\/wp\/v2\/pages\/2105"}],"collection":[{"href":"https:\/\/gatito.be\/expo\/wp-json\/wp\/v2\/pages"}],"about":[{"href":"https:\/\/gatito.be\/expo\/wp-json\/wp\/v2\/types\/page"}],"author":[{"embeddable":true,"href":"https:\/\/gatito.be\/expo\/wp-json\/wp\/v2\/users\/26"}],"replies":[{"embeddable":true,"href":"https:\/\/gatito.be\/expo\/wp-json\/wp\/v2\/comments?post=2105"}],"version-history":[{"count":9,"href":"https:\/\/gatito.be\/expo\/wp-json\/wp\/v2\/pages\/2105\/revisions"}],"predecessor-version":[{"id":2403,"href":"https:\/\/gatito.be\/expo\/wp-json\/wp\/v2\/pages\/2105\/revisions\/2403"}],"up":[{"embeddable":true,"href":"https:\/\/gatito.be\/expo\/wp-json\/wp\/v2\/pages\/1919"}],"wp:attachment":[{"href":"https:\/\/gatito.be\/expo\/wp-json\/wp\/v2\/media?parent=2105"}],"curies":[{"name":"wp","href":"https:\/\/api.w.org\/{rel}","templated":true}]}}