{"id":2101,"date":"2016-01-18T14:35:04","date_gmt":"2016-01-18T13:35:04","guid":{"rendered":"https:\/\/gatito.be\/expo\/?page_id=2101"},"modified":"2016-01-31T16:36:27","modified_gmt":"2016-01-31T15:36:27","slug":"mouvet-jacques-2016","status":"publish","type":"page","link":"https:\/\/gatito.be\/expo\/artistes-exposants-2016\/mouvet-jacques-2016\/","title":{"rendered":"MOUVET  Jacques"},"content":{"rendered":"<p style=\"text-align: center;\"><strong><a href=\"mailto:jacques.mouvet@gmail.com\">jacques.mouvet@gmail.com<\/a><\/strong><\/p>\n<p style=\"text-align: center;\"><em>Triangle de Pascal I<\/em><\/p>\n<p style=\"text-align: center;\">Papier Origami<\/p>\n<p style=\"text-align: center;\">2015<\/p>\n<p style=\"text-align: center;\"><em>Th\u00e8me: Axiomatique des pliages<\/em><\/p>\n<p style=\"text-align: center;\"><strong>\u00a0<\/strong><\/p>\n<p style=\"text-align: center;\"><a href=\"https:\/\/gatito.be\/expo\/wp-content\/uploads\/2016\/01\/MOUVET-JMO_AM_02_800.jpg\"  rel=\"lightbox[2101] attachment wp-att-2171\"><img loading=\"lazy\" class=\"aligncenter size-full wp-image-2171\" src=\"https:\/\/gatito.be\/expo\/wp-content\/uploads\/2016\/01\/MOUVET-JMO_AM_02_800.jpg\" alt=\"MOUVET JMO_A&amp;M_02_800\" width=\"795\" height=\"800\" srcset=\"https:\/\/gatito.be\/expo\/wp-content\/uploads\/2016\/01\/MOUVET-JMO_AM_02_800.jpg 795w, https:\/\/gatito.be\/expo\/wp-content\/uploads\/2016\/01\/MOUVET-JMO_AM_02_800-150x150.jpg 150w, https:\/\/gatito.be\/expo\/wp-content\/uploads\/2016\/01\/MOUVET-JMO_AM_02_800-298x300.jpg 298w, https:\/\/gatito.be\/expo\/wp-content\/uploads\/2016\/01\/MOUVET-JMO_AM_02_800-768x773.jpg 768w\" sizes=\"(max-width: 795px) 100vw, 795px\" \/><\/a><\/p>\n<p style=\"text-align: center;\"><em>Triangle de Pascal II<\/em><\/p>\n<p style=\"text-align: center;\">Tableau Origami<\/p>\n<p style=\"text-align: center;\">2016<\/p>\n<p style=\"text-align: center;\"><em>Th\u00e8me: Axiomatique des pliages<\/em><\/p>\n<p style=\"text-align: center;\"><a href=\"https:\/\/gatito.be\/expo\/wp-content\/uploads\/2016\/01\/MOUVET-JMO_AM_01_800.jpg\"  rel=\"lightbox[2101] attachment wp-att-2170\"><img loading=\"lazy\" class=\"aligncenter size-full wp-image-2170\" src=\"https:\/\/gatito.be\/expo\/wp-content\/uploads\/2016\/01\/MOUVET-JMO_AM_01_800.jpg\" alt=\"MOUVET JMO_A&amp;M_01_800\" width=\"800\" height=\"800\" srcset=\"https:\/\/gatito.be\/expo\/wp-content\/uploads\/2016\/01\/MOUVET-JMO_AM_01_800.jpg 800w, https:\/\/gatito.be\/expo\/wp-content\/uploads\/2016\/01\/MOUVET-JMO_AM_01_800-150x150.jpg 150w, https:\/\/gatito.be\/expo\/wp-content\/uploads\/2016\/01\/MOUVET-JMO_AM_01_800-300x300.jpg 300w, https:\/\/gatito.be\/expo\/wp-content\/uploads\/2016\/01\/MOUVET-JMO_AM_01_800-768x768.jpg 768w\" sizes=\"(max-width: 800px) 100vw, 800px\" \/><\/a><\/p>\n<p>Le th\u00e8me d\u00e9velopp\u00e9 est la complexification de l&rsquo;\u00eatre humain repr\u00e9sent\u00e9e, d&rsquo;une part, par le triangle de Pascal (les chiffres sur les polos, les rencontrent multiplient les connaissances et les liens) et, d&rsquo;autre part, par la d\u00e9composition de la lumi\u00e8re (soit vers l&rsquo;infra rouge, soit vers l&rsquo;ultra violet, ce qui m\u00e8ne \u00e0 la lumi\u00e8re non visible, l&rsquo;incompr\u00e9hension, l&rsquo;intol\u00e9rance, le rejet).<\/p>\n<p>Point de vue pessimiste<br \/>\nLes deux tableaux montrent que cette complexification de l&rsquo;\u00eatre humain abouti, au d\u00e9part du blanc (et que la lumi\u00e8re fut), \u00e0 la lumi\u00e8re non visible (l&rsquo;obscurantisme). Que l&rsquo;on aille vers l&rsquo;infra rouge ou vers l&rsquo;ultra violet, on abouti \u00e0 l&rsquo;obscurantisme. C&rsquo;est-\u00e0-dire \u00e0 la zone de non communication, \u00e0 l&rsquo;incompr\u00e9hension de l&rsquo;autre, au rejet de l&rsquo;autre.<\/p>\n<p>Point de vue optimiste<br \/>\nPar contre, si l&rsquo;on place les deux tableaux (triangle vers l&rsquo;ext\u00e9rieur), la complexification de l&rsquo;\u00eatre humain doit se diriger progressivement vers la simplification pour revenir dans la lumi\u00e8re (objet de deux autres tableaux). L&rsquo;espoir est donc d&rsquo;une rencontre des oppos\u00e9s afin de retrouver une harmonie (la lumi\u00e8re va-t-elle traverser la zone d&rsquo;ombre (polos gris). L&rsquo;espoir est permis.<br \/>\nTechnique origami traditionnelle<br \/>\nLes tableaux sont r\u00e9alis\u00e9s sur fond de papier Canson blanc.<br \/>\nLes polos sont r\u00e9alis\u00e9s \u00e0 l&rsquo;aide de papier fait \u00e0 la main au P\u00e9rou.<\/p>\n","protected":false},"excerpt":{"rendered":"<p>jacques.mouvet@gmail.com Triangle de Pascal I Papier Origami 2015 Th\u00e8me: Axiomatique des pliages \u00a0 Triangle de Pascal II Tableau Origami 2016 Th\u00e8me: Axiomatique des pliages Le th\u00e8me d\u00e9velopp\u00e9 est la complexification de l&rsquo;\u00eatre humain repr\u00e9sent\u00e9e, d&rsquo;une part, par le triangle de Pascal (les chiffres sur les polos, les rencontrent multiplient les connaissances et les liens) et, d&rsquo;autre part, par la d\u00e9composition de la lumi\u00e8re (soit vers l&rsquo;infra rouge, soit vers l&rsquo;ultra violet, ce qui m\u00e8ne \u00e0 la lumi\u00e8re non visible, l&rsquo;incompr\u00e9hension, l&rsquo;intol\u00e9rance, le rejet). Point de vue pessimiste Les deux tableaux montrent que cette complexification de l&rsquo;\u00eatre humain abouti, au d\u00e9part<a href=\"https:\/\/gatito.be\/expo\/artistes-exposants-2016\/mouvet-jacques-2016\/\">&nbsp;&nbsp;[ Suite&#8230; ]<\/a><\/p>\n","protected":false},"author":26,"featured_media":0,"parent":1919,"menu_order":26,"comment_status":"open","ping_status":"open","template":"fullwide.php","meta":{"ngg_post_thumbnail":0},"_links":{"self":[{"href":"https:\/\/gatito.be\/expo\/wp-json\/wp\/v2\/pages\/2101"}],"collection":[{"href":"https:\/\/gatito.be\/expo\/wp-json\/wp\/v2\/pages"}],"about":[{"href":"https:\/\/gatito.be\/expo\/wp-json\/wp\/v2\/types\/page"}],"author":[{"embeddable":true,"href":"https:\/\/gatito.be\/expo\/wp-json\/wp\/v2\/users\/26"}],"replies":[{"embeddable":true,"href":"https:\/\/gatito.be\/expo\/wp-json\/wp\/v2\/comments?post=2101"}],"version-history":[{"count":9,"href":"https:\/\/gatito.be\/expo\/wp-json\/wp\/v2\/pages\/2101\/revisions"}],"predecessor-version":[{"id":2415,"href":"https:\/\/gatito.be\/expo\/wp-json\/wp\/v2\/pages\/2101\/revisions\/2415"}],"up":[{"embeddable":true,"href":"https:\/\/gatito.be\/expo\/wp-json\/wp\/v2\/pages\/1919"}],"wp:attachment":[{"href":"https:\/\/gatito.be\/expo\/wp-json\/wp\/v2\/media?parent=2101"}],"curies":[{"name":"wp","href":"https:\/\/api.w.org\/{rel}","templated":true}]}}