{"id":2093,"date":"2016-01-18T14:27:56","date_gmt":"2016-01-18T13:27:56","guid":{"rendered":"https:\/\/gatito.be\/expo\/?page_id=2093"},"modified":"2016-02-01T16:12:39","modified_gmt":"2016-02-01T15:12:39","slug":"gdm-2016","status":"publish","type":"page","link":"https:\/\/gatito.be\/expo\/artistes-exposants-2016\/gdm-2016\/","title":{"rendered":"GDM"},"content":{"rendered":"<p style=\"text-align: center;\">GDM<br \/>\n<a href=\"mailto:gigi.infog@gmail.com\">gigi.infog@gmail.com<\/a><br \/>\n<a href=\"https:\/\/www.gatito.be\/art\">https:\/\/www.gatito.be\/art<\/a><\/p>\n<p style=\"text-align: center;\"><em>\u00a0Pi-chat\u00a0<\/em><\/p>\n<p style=\"text-align: center;\">Sculpture, m\u00e9tal bross\u00e9, assemblages<\/p>\n<p style=\"text-align: center;\">2011<\/p>\n<p style=\"text-align: center;\"><em>Th\u00e8me: Nombres c\u00e9l\u00e8bres<\/em><\/p>\n<p style=\"text-align: center;\"><a href=\"https:\/\/gatito.be\/expo\/wp-content\/uploads\/2016\/01\/68eos-5d-mark-ii7493_jlc.jpg\"  rel=\"lightbox[2093] attachment wp-att-1951\"><img loading=\"lazy\" class=\"aligncenter wp-image-1951\" src=\"https:\/\/gatito.be\/expo\/wp-content\/uploads\/2016\/01\/68eos-5d-mark-ii7493_jlc.jpg\" alt=\"68eos-5d-mark-ii7493_jlc\" width=\"693\" height=\"462\" srcset=\"https:\/\/gatito.be\/expo\/wp-content\/uploads\/2016\/01\/68eos-5d-mark-ii7493_jlc.jpg 842w, https:\/\/gatito.be\/expo\/wp-content\/uploads\/2016\/01\/68eos-5d-mark-ii7493_jlc-300x200.jpg 300w\" sizes=\"(max-width: 693px) 100vw, 693px\" \/><\/a><\/p>\n<p style=\"text-align: center;\">+++++++++++++++++++++++++++++++++++++++++<\/p>\n<p style=\"text-align: center;\"><em>\u00a0<\/em><em>Hommage \u00e0 Escher\u00a0: Sans le chat noir pas de blanc\u00a0 <\/em><\/p>\n<p style=\"text-align: center;\">Tableau digital et d\u00e9coupe laser<\/p>\n<p style=\"text-align: center;\">2016 Avec le soutien du FabLab Imal<\/p>\n<p style=\"text-align: center;\"><em>Th\u00e8me: Sym\u00e9tries, pavages et d\u00e9coupage<\/em><\/p>\n<p style=\"text-align: center;\"><em>\u00a0<\/em><\/p>\n<p style=\"text-align: center;\"><a href=\"https:\/\/gatito.be\/expo\/wp-content\/uploads\/2016\/02\/GDM-sans-le-chat-blanc.jpg\"  rel=\"lightbox[2093] attachment wp-att-2423\"><img loading=\"lazy\" class=\"size-full wp-image-2423 aligncenter\" src=\"https:\/\/gatito.be\/expo\/wp-content\/uploads\/2016\/02\/GDM-sans-le-chat-blanc.jpg\" alt=\"GDM sans le chat blanc\" width=\"490\" height=\"489\" srcset=\"https:\/\/gatito.be\/expo\/wp-content\/uploads\/2016\/02\/GDM-sans-le-chat-blanc.jpg 490w, https:\/\/gatito.be\/expo\/wp-content\/uploads\/2016\/02\/GDM-sans-le-chat-blanc-150x150.jpg 150w, https:\/\/gatito.be\/expo\/wp-content\/uploads\/2016\/02\/GDM-sans-le-chat-blanc-300x300.jpg 300w\" sizes=\"(max-width: 490px) 100vw, 490px\" \/><\/a><\/p>\n<p style=\"text-align: center;\">++++++++++++++++++++++++++++++++++++++++++++++++++++<\/p>\n<p>&nbsp;<\/p>\n<p style=\"text-align: center;\"><em>\u00a0<\/em><em>Hommage \u00e0 Escher<\/em><em>\u00a0:PA9 national\u00a0<\/em><\/p>\n<p style=\"text-align: center;\">9 tableaux dispos\u00e9s en carr\u00e9 \u2013 infographie et d\u00e9coupe laser<\/p>\n<p style=\"text-align: center;\">2016 Avec le soutien du FabLab Imal<\/p>\n<p style=\"text-align: center;\"><em>Th\u00e8me: Autres mondes, autres g\u00e9om\u00e9tries<\/em><\/p>\n<p style=\"text-align: center;\">\n<p style=\"text-align: center;\"><a href=\"https:\/\/gatito.be\/expo\/wp-content\/uploads\/2016\/02\/GDM-PA9.jpg\"  rel=\"lightbox[2093] attachment wp-att-2422\"><img loading=\"lazy\" class=\"size-full wp-image-2422 aligncenter\" src=\"https:\/\/gatito.be\/expo\/wp-content\/uploads\/2016\/02\/GDM-PA9.jpg\" alt=\"GDM PA9\" width=\"476\" height=\"469\" srcset=\"https:\/\/gatito.be\/expo\/wp-content\/uploads\/2016\/02\/GDM-PA9.jpg 476w, https:\/\/gatito.be\/expo\/wp-content\/uploads\/2016\/02\/GDM-PA9-300x296.jpg 300w\" sizes=\"(max-width: 476px) 100vw, 476px\" \/><\/a><\/p>\n<p style=\"text-align: center;\">++++++++++++++++++++++++++++++++++++++++++++++++++++++<\/p>\n<p style=\"text-align: center;\"><em>Perspectives\u00a0<\/em><\/p>\n<p style=\"text-align: center;\">Tableau en 3D\u00a0\u00a0 d\u00e9coupe laser<\/p>\n<p style=\"text-align: center;\">2016\u00a0\u00a0\u00a0\u00a0 Avec le soutien du FabLab Imal<\/p>\n<p style=\"text-align: center;\"><em>Th\u00e8me: Sym\u00e9tries, pavages et d\u00e9coupages<\/em><\/p>\n<p style=\"text-align: center;\">\n<p style=\"text-align: center;\">\n<p style=\"text-align: center;\">IMAGE PROVISOIRE<\/p>\n<p style=\"text-align: center;\"><a href=\"https:\/\/gatito.be\/expo\/wp-content\/uploads\/2016\/01\/P1020098.jpg\"  rel=\"lightbox[2093] attachment wp-att-2374\"><img loading=\"lazy\" class=\"size-medium wp-image-2374 aligncenter\" src=\"https:\/\/gatito.be\/expo\/wp-content\/uploads\/2016\/01\/P1020098-300x225.jpg\" alt=\"P1020098\" width=\"300\" height=\"225\" srcset=\"https:\/\/gatito.be\/expo\/wp-content\/uploads\/2016\/01\/P1020098-300x225.jpg 300w, https:\/\/gatito.be\/expo\/wp-content\/uploads\/2016\/01\/P1020098-768x576.jpg 768w, https:\/\/gatito.be\/expo\/wp-content\/uploads\/2016\/01\/P1020098-1024x768.jpg 1024w\" sizes=\"(max-width: 300px) 100vw, 300px\" \/><\/a><\/p>\n","protected":false},"excerpt":{"rendered":"<p>GDM gigi.infog@gmail.com https:\/\/www.gatito.be\/art \u00a0Pi-chat\u00a0 Sculpture, m\u00e9tal bross\u00e9, assemblages 2011 Th\u00e8me: Nombres c\u00e9l\u00e8bres +++++++++++++++++++++++++++++++++++++++++ \u00a0Hommage \u00e0 Escher\u00a0: Sans le chat noir pas de blanc\u00a0 Tableau digital et d\u00e9coupe laser 2016 Avec le soutien du FabLab Imal Th\u00e8me: Sym\u00e9tries, pavages et d\u00e9coupage \u00a0 ++++++++++++++++++++++++++++++++++++++++++++++++++++ &nbsp; \u00a0Hommage \u00e0 Escher\u00a0:PA9 national\u00a0 9 tableaux dispos\u00e9s en carr\u00e9 \u2013 infographie et d\u00e9coupe laser 2016 Avec le soutien du FabLab Imal Th\u00e8me: Autres mondes, autres g\u00e9om\u00e9tries ++++++++++++++++++++++++++++++++++++++++++++++++++++++ Perspectives\u00a0 Tableau en 3D\u00a0\u00a0 d\u00e9coupe laser 2016\u00a0\u00a0\u00a0\u00a0 Avec le soutien du FabLab Imal Th\u00e8me: Sym\u00e9tries, pavages et d\u00e9coupages IMAGE PROVISOIRE<\/p>\n","protected":false},"author":26,"featured_media":0,"parent":1919,"menu_order":0,"comment_status":"open","ping_status":"closed","template":"fullwide.php","meta":{"ngg_post_thumbnail":0},"_links":{"self":[{"href":"https:\/\/gatito.be\/expo\/wp-json\/wp\/v2\/pages\/2093"}],"collection":[{"href":"https:\/\/gatito.be\/expo\/wp-json\/wp\/v2\/pages"}],"about":[{"href":"https:\/\/gatito.be\/expo\/wp-json\/wp\/v2\/types\/page"}],"author":[{"embeddable":true,"href":"https:\/\/gatito.be\/expo\/wp-json\/wp\/v2\/users\/26"}],"replies":[{"embeddable":true,"href":"https:\/\/gatito.be\/expo\/wp-json\/wp\/v2\/comments?post=2093"}],"version-history":[{"count":7,"href":"https:\/\/gatito.be\/expo\/wp-json\/wp\/v2\/pages\/2093\/revisions"}],"predecessor-version":[{"id":2424,"href":"https:\/\/gatito.be\/expo\/wp-json\/wp\/v2\/pages\/2093\/revisions\/2424"}],"up":[{"embeddable":true,"href":"https:\/\/gatito.be\/expo\/wp-json\/wp\/v2\/pages\/1919"}],"wp:attachment":[{"href":"https:\/\/gatito.be\/expo\/wp-json\/wp\/v2\/media?parent=2093"}],"curies":[{"name":"wp","href":"https:\/\/api.w.org\/{rel}","templated":true}]}}