{"id":2091,"date":"2016-01-18T14:25:30","date_gmt":"2016-01-18T13:25:30","guid":{"rendered":"https:\/\/gatito.be\/expo\/?page_id=2091"},"modified":"2016-01-29T11:36:23","modified_gmt":"2016-01-29T10:36:23","slug":"drisch-anita-2016","status":"publish","type":"page","link":"https:\/\/gatito.be\/expo\/artistes-exposants-2016\/drisch-anita-2016\/","title":{"rendered":"DRISCH Anita"},"content":{"rendered":"<p style=\"text-align: center;\">Plasticienne<\/p>\n<p style=\"text-align: center;\"><a href=\"mailto:anita.drisch@gmail.com\">anita.drisch@gmail.com<\/a><\/p>\n<p style=\"text-align: center;\">\n<p style=\"text-align: center;\"><em>Les 1089 premi\u00e8res d\u00e9cimales de PI<\/em><\/p>\n<p style=\"text-align: center;\">Peinture sur papier polyester.<\/p>\n<p style=\"text-align: center;\">2013<\/p>\n<p style=\"text-align: center;\"><em>Th\u00e8me: Nombres c\u00e9l\u00e8bres<\/em><\/p>\n<p style=\"text-align: center;\">\n<p style=\"text-align: center;\"><a href=\"https:\/\/gatito.be\/expo\/wp-content\/uploads\/2016\/01\/Drisch.jpg\"  rel=\"lightbox[2091] attachment wp-att-1865\"><img loading=\"lazy\" class=\"aligncenter  wp-image-1865\" src=\"https:\/\/gatito.be\/expo\/wp-content\/uploads\/2016\/01\/Drisch.jpg\" alt=\"Drisch\" width=\"311\" height=\"312\" srcset=\"https:\/\/gatito.be\/expo\/wp-content\/uploads\/2016\/01\/Drisch.jpg 839w, https:\/\/gatito.be\/expo\/wp-content\/uploads\/2016\/01\/Drisch-150x150.jpg 150w, https:\/\/gatito.be\/expo\/wp-content\/uploads\/2016\/01\/Drisch-300x300.jpg 300w\" sizes=\"(max-width: 311px) 100vw, 311px\" \/><\/a><\/p>\n<p style=\"text-align: center;\">++++++++++++++++++++++++++++++++++++++++++++<\/p>\n<p style=\"text-align: center;\"><em>Les 1089 premi\u00e8res d\u00e9cimales de e <\/em><\/p>\n<p style=\"text-align: center;\">Peinture sur papier polyester.<\/p>\n<p style=\"text-align: center;\">2015<\/p>\n<p style=\"text-align: center;\"><em>Th\u00e8me: Nombres c\u00e9l\u00e8bres<\/em><\/p>\n<p style=\"text-align: center;\">\n<p style=\"text-align: center;\">IMAGE PROVISOIRE<\/p>\n<p style=\"text-align: center;\"><a href=\"https:\/\/gatito.be\/expo\/wp-content\/uploads\/2014\/01\/Drisch_expo-anita051.jpg\"  rel=\"lightbox[2091] attachment wp-att-374\"><img loading=\"lazy\" class=\"aligncenter  wp-image-374\" src=\"https:\/\/gatito.be\/expo\/wp-content\/uploads\/2014\/01\/Drisch_expo-anita051-1024x768.jpg\" alt=\"Carr\u00e9 latin\" width=\"232\" height=\"174\" srcset=\"https:\/\/gatito.be\/expo\/wp-content\/uploads\/2014\/01\/Drisch_expo-anita051-1024x768.jpg 1024w, https:\/\/gatito.be\/expo\/wp-content\/uploads\/2014\/01\/Drisch_expo-anita051-300x225.jpg 300w\" sizes=\"(max-width: 232px) 100vw, 232px\" \/><\/a><\/p>\n<p style=\"text-align: center;\">++++++++++++++++++++++++++++++++++<\/p>\n<p style=\"text-align: center;\"><em>Les 1089 premi\u00e8res d\u00e9cimales du nombre d\u2019or<\/em><\/p>\n<p style=\"text-align: center;\">Peinture sur papier polyester.<\/p>\n<p style=\"text-align: center;\">2015<\/p>\n<p style=\"text-align: center;\"><em>Th\u00e8me: Nombres c\u00e9l\u00e8bres<\/em><\/p>\n<p style=\"text-align: center;\">\n<p style=\"text-align: center;\">IMAGE PROVISOIRE<\/p>\n<p style=\"text-align: center;\"><a href=\"https:\/\/gatito.be\/expo\/wp-content\/uploads\/2014\/01\/Animation-Anita-Drisch-TIT-ATA-et-TIT-ATA-TRI-600bpi_2.jpg\"  rel=\"lightbox[2091] attachment wp-att-452\"><img loading=\"lazy\" class=\"aligncenter  wp-image-452\" src=\"https:\/\/gatito.be\/expo\/wp-content\/uploads\/2014\/01\/Animation-Anita-Drisch-TIT-ATA-et-TIT-ATA-TRI-600bpi_2-1024x561.jpg\" alt=\"Animation Anita Drisch - 'TIT ATA' et 'TIT ATA TRI' 600bpi_2\" width=\"336\" height=\"184\" srcset=\"https:\/\/gatito.be\/expo\/wp-content\/uploads\/2014\/01\/Animation-Anita-Drisch-TIT-ATA-et-TIT-ATA-TRI-600bpi_2-1024x561.jpg 1024w, https:\/\/gatito.be\/expo\/wp-content\/uploads\/2014\/01\/Animation-Anita-Drisch-TIT-ATA-et-TIT-ATA-TRI-600bpi_2-300x164.jpg 300w, https:\/\/gatito.be\/expo\/wp-content\/uploads\/2014\/01\/Animation-Anita-Drisch-TIT-ATA-et-TIT-ATA-TRI-600bpi_2.jpg 1200w\" sizes=\"(max-width: 336px) 100vw, 336px\" \/><\/a><\/p>\n<p style=\"text-align: center;\">+++++++++++++++++++++++++++++++++++++++++++<\/p>\n<p style=\"text-align: center;\"><em>Code <\/em><\/p>\n<p style=\"text-align: center;\">Peinture sur papier polyester.<\/p>\n<p style=\"text-align: center;\">2015<\/p>\n<p style=\"text-align: center;\"><em>Th\u00e8me: Codes<\/em><\/p>\n","protected":false},"excerpt":{"rendered":"<p>Plasticienne anita.drisch@gmail.com Les 1089 premi\u00e8res d\u00e9cimales de PI Peinture sur papier polyester. 2013 Th\u00e8me: Nombres c\u00e9l\u00e8bres ++++++++++++++++++++++++++++++++++++++++++++ Les 1089 premi\u00e8res d\u00e9cimales de e Peinture sur papier polyester. 2015 Th\u00e8me: Nombres c\u00e9l\u00e8bres IMAGE PROVISOIRE ++++++++++++++++++++++++++++++++++ Les 1089 premi\u00e8res d\u00e9cimales du nombre d\u2019or Peinture sur papier polyester. 2015 Th\u00e8me: Nombres c\u00e9l\u00e8bres IMAGE PROVISOIRE +++++++++++++++++++++++++++++++++++++++++++ Code Peinture sur papier polyester. 2015 Th\u00e8me: Codes<\/p>\n","protected":false},"author":26,"featured_media":0,"parent":1919,"menu_order":12,"comment_status":"open","ping_status":"open","template":"fullwide.php","meta":{"ngg_post_thumbnail":0},"_links":{"self":[{"href":"https:\/\/gatito.be\/expo\/wp-json\/wp\/v2\/pages\/2091"}],"collection":[{"href":"https:\/\/gatito.be\/expo\/wp-json\/wp\/v2\/pages"}],"about":[{"href":"https:\/\/gatito.be\/expo\/wp-json\/wp\/v2\/types\/page"}],"author":[{"embeddable":true,"href":"https:\/\/gatito.be\/expo\/wp-json\/wp\/v2\/users\/26"}],"replies":[{"embeddable":true,"href":"https:\/\/gatito.be\/expo\/wp-json\/wp\/v2\/comments?post=2091"}],"version-history":[{"count":6,"href":"https:\/\/gatito.be\/expo\/wp-json\/wp\/v2\/pages\/2091\/revisions"}],"predecessor-version":[{"id":2377,"href":"https:\/\/gatito.be\/expo\/wp-json\/wp\/v2\/pages\/2091\/revisions\/2377"}],"up":[{"embeddable":true,"href":"https:\/\/gatito.be\/expo\/wp-json\/wp\/v2\/pages\/1919"}],"wp:attachment":[{"href":"https:\/\/gatito.be\/expo\/wp-json\/wp\/v2\/media?parent=2091"}],"curies":[{"name":"wp","href":"https:\/\/api.w.org\/{rel}","templated":true}]}}