{"id":2089,"date":"2016-01-18T14:19:57","date_gmt":"2016-01-18T13:19:57","guid":{"rendered":"https:\/\/gatito.be\/expo\/?page_id=2089"},"modified":"2016-01-28T17:56:32","modified_gmt":"2016-01-28T16:56:32","slug":"dreesen-katelyne-2016","status":"publish","type":"page","link":"https:\/\/gatito.be\/expo\/artistes-exposants-2016\/dreesen-katelyne-2016\/","title":{"rendered":"DREESEN Katelyne"},"content":{"rendered":"<p style=\"text-align: center;\"><strong><a href=\"mailto:kate.dreesen@gmail.com\">kate.dreesen@gmail.com<\/a><\/strong><\/p>\n<p style=\"text-align: center;\"><em>\u00ab\u00a0E<\/em><strong><em>\u03c0<\/em><\/strong><em>l<\/em><em>ogue\u00a0\u00bb<\/em><\/p>\n<p style=\"text-align: center;\">Perforation sur m\u00e9tal r\u00e9tro\u00e9clair\u00e9<\/p>\n<p style=\"text-align: center;\">2015<\/p>\n<p style=\"text-align: center;\"><em>Des nombres c\u00e9l\u00e8bres<\/em><\/p>\n","protected":false},"excerpt":{"rendered":"<p>kate.dreesen@gmail.com \u00ab\u00a0E\u03c0logue\u00a0\u00bb Perforation sur m\u00e9tal r\u00e9tro\u00e9clair\u00e9 2015 Des nombres c\u00e9l\u00e8bres<\/p>\n","protected":false},"author":26,"featured_media":0,"parent":1919,"menu_order":11,"comment_status":"open","ping_status":"open","template":"fullwide.php","meta":{"ngg_post_thumbnail":0},"_links":{"self":[{"href":"https:\/\/gatito.be\/expo\/wp-json\/wp\/v2\/pages\/2089"}],"collection":[{"href":"https:\/\/gatito.be\/expo\/wp-json\/wp\/v2\/pages"}],"about":[{"href":"https:\/\/gatito.be\/expo\/wp-json\/wp\/v2\/types\/page"}],"author":[{"embeddable":true,"href":"https:\/\/gatito.be\/expo\/wp-json\/wp\/v2\/users\/26"}],"replies":[{"embeddable":true,"href":"https:\/\/gatito.be\/expo\/wp-json\/wp\/v2\/comments?post=2089"}],"version-history":[{"count":3,"href":"https:\/\/gatito.be\/expo\/wp-json\/wp\/v2\/pages\/2089\/revisions"}],"predecessor-version":[{"id":2233,"href":"https:\/\/gatito.be\/expo\/wp-json\/wp\/v2\/pages\/2089\/revisions\/2233"}],"up":[{"embeddable":true,"href":"https:\/\/gatito.be\/expo\/wp-json\/wp\/v2\/pages\/1919"}],"wp:attachment":[{"href":"https:\/\/gatito.be\/expo\/wp-json\/wp\/v2\/media?parent=2089"}],"curies":[{"name":"wp","href":"https:\/\/api.w.org\/{rel}","templated":true}]}}