{"id":2084,"date":"2016-01-18T14:15:58","date_gmt":"2016-01-18T13:15:58","guid":{"rendered":"https:\/\/gatito.be\/expo\/?page_id=2084"},"modified":"2016-01-31T20:25:46","modified_gmt":"2016-01-31T19:25:46","slug":"diord-jean-francois-2016","status":"publish","type":"page","link":"https:\/\/gatito.be\/expo\/artistes-exposants-2016\/diord-jean-francois-2016\/","title":{"rendered":"DIORD Jean-Fran\u00e7ois"},"content":{"rendered":"<p style=\"text-align: center;\"><strong><a href=\"mailto:diord55@gmail.com\">diord55@gmail.com<\/a> <\/strong><\/p>\n<p style=\"text-align: center;\"><strong><a href=\"http:\/\/diordsculptures.blogspot.be\">http:\/\/diordsculptures.blogspot.be<\/a><\/strong><\/p>\n<p style=\"text-align: center;\"><em>Century 3D<\/em><\/p>\n<p style=\"text-align: center;\">Impressions num\u00e9riques sur papier japon<\/p>\n<p style=\"text-align: center;\">2016<\/p>\n<p style=\"text-align: center;\"><em>Th\u00e8me: Spirales, h\u00e9lices et r\u00e9volutions<\/em><\/p>\n<p style=\"text-align: center;\"><a href=\"https:\/\/gatito.be\/expo\/wp-content\/uploads\/2016\/01\/DIORD-Alphabet-complet.jpg\"  rel=\"lightbox[2084] attachment wp-att-2259\"><img loading=\"lazy\" class=\"aligncenter size-large wp-image-2259\" src=\"https:\/\/gatito.be\/expo\/wp-content\/uploads\/2016\/01\/DIORD-Alphabet-complet-654x1024.jpg\" alt=\"DIORD Alphabet complet\" width=\"654\" height=\"1024\" srcset=\"https:\/\/gatito.be\/expo\/wp-content\/uploads\/2016\/01\/DIORD-Alphabet-complet-654x1024.jpg 654w, https:\/\/gatito.be\/expo\/wp-content\/uploads\/2016\/01\/DIORD-Alphabet-complet-191x300.jpg 191w, https:\/\/gatito.be\/expo\/wp-content\/uploads\/2016\/01\/DIORD-Alphabet-complet-768x1203.jpg 768w\" sizes=\"(max-width: 654px) 100vw, 654px\" \/><\/a><\/p>\n<p style=\"text-align: center;\"><strong>\u00a0<\/strong><\/p>\n<p style=\"text-align: center;\"><em>\u00c9<\/em><em>tudes de caract\u00e8res<\/em><\/p>\n<p style=\"text-align: center;\">S\u00e9rie de 3 sculptures en polyamide &#8211; technique du prototypage 3D<\/p>\n<p style=\"text-align: center;\">2016<\/p>\n<p style=\"text-align: center;\"><em>Th\u00e8me: Spirales, h\u00e9lices et r\u00e9volutions<\/em><\/p>\n<p style=\"text-align: center;\">\n<p style=\"text-align: center;\"><a href=\"https:\/\/gatito.be\/expo\/wp-content\/uploads\/2016\/01\/Diord-G.jpg\"  rel=\"lightbox[2084] attachment wp-att-1864\"><img loading=\"lazy\" class=\" wp-image-1864 alignleft\" src=\"https:\/\/gatito.be\/expo\/wp-content\/uploads\/2016\/01\/Diord-G.jpg\" alt=\"Diord G\" width=\"309\" height=\"324\" srcset=\"https:\/\/gatito.be\/expo\/wp-content\/uploads\/2016\/01\/Diord-G.jpg 802w, https:\/\/gatito.be\/expo\/wp-content\/uploads\/2016\/01\/Diord-G-286x300.jpg 286w\" sizes=\"(max-width: 309px) 100vw, 309px\" \/><\/a> <a href=\"https:\/\/gatito.be\/expo\/wp-content\/uploads\/2016\/01\/DIORD-3D-DSC08737.jpg\"  rel=\"lightbox[2084] attachment wp-att-2418\"><img loading=\"lazy\" class=\" wp-image-2418 alignright\" src=\"https:\/\/gatito.be\/expo\/wp-content\/uploads\/2016\/01\/DIORD-3D-DSC08737-300x225.jpg\" alt=\"DIORD 3D DSC08737\" width=\"326\" height=\"245\" srcset=\"https:\/\/gatito.be\/expo\/wp-content\/uploads\/2016\/01\/DIORD-3D-DSC08737-300x225.jpg 300w, https:\/\/gatito.be\/expo\/wp-content\/uploads\/2016\/01\/DIORD-3D-DSC08737-768x576.jpg 768w, https:\/\/gatito.be\/expo\/wp-content\/uploads\/2016\/01\/DIORD-3D-DSC08737-1024x768.jpg 1024w, https:\/\/gatito.be\/expo\/wp-content\/uploads\/2016\/01\/DIORD-3D-DSC08737.jpg 2048w\" sizes=\"(max-width: 326px) 100vw, 326px\" \/><\/a><a href=\"https:\/\/gatito.be\/expo\/wp-content\/uploads\/2016\/01\/Diord-A.jpg\"  rel=\"lightbox[2084] attachment wp-att-1863\"><img loading=\"lazy\" class=\"aligncenter size-full wp-image-1863\" src=\"https:\/\/gatito.be\/expo\/wp-content\/uploads\/2016\/01\/Diord-A.jpg\" alt=\"Diord A\" width=\"674\" height=\"842\" srcset=\"https:\/\/gatito.be\/expo\/wp-content\/uploads\/2016\/01\/Diord-A.jpg 674w, https:\/\/gatito.be\/expo\/wp-content\/uploads\/2016\/01\/Diord-A-240x300.jpg 240w\" sizes=\"(max-width: 674px) 100vw, 674px\" \/><\/a> <a href=\"https:\/\/gatito.be\/expo\/wp-content\/uploads\/2016\/01\/Diord-5.jpg\"  rel=\"lightbox[2084] attachment wp-att-1862\"><img loading=\"lazy\" class=\"aligncenter size-full wp-image-1862\" src=\"https:\/\/gatito.be\/expo\/wp-content\/uploads\/2016\/01\/Diord-5.jpg\" alt=\"Diord 5\" width=\"747\" height=\"842\" srcset=\"https:\/\/gatito.be\/expo\/wp-content\/uploads\/2016\/01\/Diord-5.jpg 747w, https:\/\/gatito.be\/expo\/wp-content\/uploads\/2016\/01\/Diord-5-266x300.jpg 266w\" sizes=\"(max-width: 747px) 100vw, 747px\" \/><\/a><\/p>\n","protected":false},"excerpt":{"rendered":"<p>diord55@gmail.com http:\/\/diordsculptures.blogspot.be Century 3D Impressions num\u00e9riques sur papier japon 2016 Th\u00e8me: Spirales, h\u00e9lices et r\u00e9volutions \u00a0 \u00c9tudes de caract\u00e8res S\u00e9rie de 3 sculptures en polyamide &#8211; technique du prototypage 3D 2016 Th\u00e8me: Spirales, h\u00e9lices et r\u00e9volutions<\/p>\n","protected":false},"author":26,"featured_media":0,"parent":1919,"menu_order":10,"comment_status":"open","ping_status":"open","template":"fullwide.php","meta":{"ngg_post_thumbnail":0},"_links":{"self":[{"href":"https:\/\/gatito.be\/expo\/wp-json\/wp\/v2\/pages\/2084"}],"collection":[{"href":"https:\/\/gatito.be\/expo\/wp-json\/wp\/v2\/pages"}],"about":[{"href":"https:\/\/gatito.be\/expo\/wp-json\/wp\/v2\/types\/page"}],"author":[{"embeddable":true,"href":"https:\/\/gatito.be\/expo\/wp-json\/wp\/v2\/users\/26"}],"replies":[{"embeddable":true,"href":"https:\/\/gatito.be\/expo\/wp-json\/wp\/v2\/comments?post=2084"}],"version-history":[{"count":8,"href":"https:\/\/gatito.be\/expo\/wp-json\/wp\/v2\/pages\/2084\/revisions"}],"predecessor-version":[{"id":2419,"href":"https:\/\/gatito.be\/expo\/wp-json\/wp\/v2\/pages\/2084\/revisions\/2419"}],"up":[{"embeddable":true,"href":"https:\/\/gatito.be\/expo\/wp-json\/wp\/v2\/pages\/1919"}],"wp:attachment":[{"href":"https:\/\/gatito.be\/expo\/wp-json\/wp\/v2\/media?parent=2084"}],"curies":[{"name":"wp","href":"https:\/\/api.w.org\/{rel}","templated":true}]}}