{"id":2077,"date":"2016-01-18T14:07:34","date_gmt":"2016-01-18T13:07:34","guid":{"rendered":"https:\/\/gatito.be\/expo\/?page_id=2077"},"modified":"2016-02-08T15:43:38","modified_gmt":"2016-02-08T14:43:38","slug":"colot-jean-louis-2016","status":"publish","type":"page","link":"https:\/\/gatito.be\/expo\/artistes-exposants-2016\/colot-jean-louis-2016\/","title":{"rendered":"COLOT Jean-Louis"},"content":{"rendered":"<p style=\"text-align: center;\">jlcolot@ulb.ac.be<br \/>\n<a href=\"http:\/\/www.fluxettraces.eu\">www.fluxettraces.be<\/a><br \/>\n\u0152uvre(s) pr\u00e9sent\u00e9e(s)<\/p>\n<p style=\"text-align: center;\"><em>Vide sous globe<\/em><\/p>\n<p style=\"text-align: center;\">Impression 3D<\/p>\n<p style=\"text-align: center;\">2013\u00a0\u00a0 Avec le soutien du FabLab Imal<\/p>\n<p style=\"text-align: center;\"><em>Th\u00e8me: Du Vide \u00e0 l\u2019infini<\/em><\/p>\n<p style=\"text-align: center;\"><a href=\"https:\/\/gatito.be\/expo\/wp-content\/uploads\/2016\/01\/Colot-1.jpg\"  rel=\"lightbox[2077] attachment wp-att-1856\"><img loading=\"lazy\" class=\"aligncenter wp-image-1856\" src=\"https:\/\/gatito.be\/expo\/wp-content\/uploads\/2016\/01\/Colot-1.jpg\" alt=\"Colot 1\" width=\"414\" height=\"276\" srcset=\"https:\/\/gatito.be\/expo\/wp-content\/uploads\/2016\/01\/Colot-1.jpg 841w, https:\/\/gatito.be\/expo\/wp-content\/uploads\/2016\/01\/Colot-1-300x200.jpg 300w\" sizes=\"(max-width: 414px) 100vw, 414px\" \/><\/a><\/p>\n<p style=\"text-align: center;\"><em>Code brut<\/em><\/p>\n<p style=\"text-align: center;\">Impression 3D<\/p>\n<p style=\"text-align: center;\">2013-2016 Avec le soutien du FabLab Imal<\/p>\n<p style=\"text-align: center;\"><em>Th\u00e8me: Codes<\/em><\/p>\n<p style=\"text-align: center;\"><a href=\"https:\/\/gatito.be\/expo\/wp-content\/uploads\/2016\/01\/Colot-2.jpg\"  rel=\"lightbox[2077] attachment wp-att-1857\"><img loading=\"lazy\" class=\"aligncenter size-full wp-image-1857\" src=\"https:\/\/gatito.be\/expo\/wp-content\/uploads\/2016\/01\/Colot-2.jpg\" alt=\"Colot 2\" width=\"843\" height=\"237\" srcset=\"https:\/\/gatito.be\/expo\/wp-content\/uploads\/2016\/01\/Colot-2.jpg 843w, https:\/\/gatito.be\/expo\/wp-content\/uploads\/2016\/01\/Colot-2-300x84.jpg 300w\" sizes=\"(max-width: 843px) 100vw, 843px\" \/><\/a><\/p>\n<p style=\"text-align: center;\"><a href=\"https:\/\/gatito.be\/expo\/wp-content\/uploads\/2016\/01\/COLOT-CodeBrutII8544_PTJLC.jpg\"  rel=\"lightbox[2077] attachment wp-att-2249\"><img loading=\"lazy\" class=\"aligncenter size-full wp-image-2249\" src=\"https:\/\/gatito.be\/expo\/wp-content\/uploads\/2016\/01\/COLOT-CodeBrutII8544_PTJLC.jpg\" alt=\"COLOT CodeBrutII8544_PTJLC\" width=\"800\" height=\"533\" srcset=\"https:\/\/gatito.be\/expo\/wp-content\/uploads\/2016\/01\/COLOT-CodeBrutII8544_PTJLC.jpg 800w, https:\/\/gatito.be\/expo\/wp-content\/uploads\/2016\/01\/COLOT-CodeBrutII8544_PTJLC-300x200.jpg 300w, https:\/\/gatito.be\/expo\/wp-content\/uploads\/2016\/01\/COLOT-CodeBrutII8544_PTJLC-768x512.jpg 768w\" sizes=\"(max-width: 800px) 100vw, 800px\" \/><\/a><\/p>\n<p style=\"text-align: center;\"><em>Rectangles A<sub>i<\/sub><\/em><\/p>\n<p style=\"text-align: center;\">Photographie, jet d&rsquo;encre<\/p>\n<p style=\"text-align: center;\">2016<\/p>\n<p style=\"text-align: center;\"><em>Th\u00e8me: Des nombres c\u00e9l\u00e8bres<br \/>\n<\/em><\/p>\n<p style=\"text-align: center;\"><a href=\"https:\/\/gatito.be\/expo\/wp-content\/uploads\/2016\/01\/COLOT-RectangleAiSpir_PTJLC.jpg\"  rel=\"lightbox[2077] attachment wp-att-2250\"><img loading=\"lazy\" class=\"aligncenter size-full wp-image-2250\" src=\"https:\/\/gatito.be\/expo\/wp-content\/uploads\/2016\/01\/COLOT-RectangleAiSpir_PTJLC.jpg\" alt=\"COLOT RectangleAiSpir_PTJLC\" width=\"800\" height=\"566\" srcset=\"https:\/\/gatito.be\/expo\/wp-content\/uploads\/2016\/01\/COLOT-RectangleAiSpir_PTJLC.jpg 800w, https:\/\/gatito.be\/expo\/wp-content\/uploads\/2016\/01\/COLOT-RectangleAiSpir_PTJLC-300x212.jpg 300w, https:\/\/gatito.be\/expo\/wp-content\/uploads\/2016\/01\/COLOT-RectangleAiSpir_PTJLC-768x543.jpg 768w\" sizes=\"(max-width: 800px) 100vw, 800px\" \/><\/a><\/p>\n<p style=\"text-align: center;\"><em>Symbolique vide<\/em><\/p>\n<p style=\"text-align: center;\">Plexiglas, d\u00e9coupe laser<\/p>\n<p style=\"text-align: center;\">2016 Avec le soutien du FabLab Imal<\/p>\n<p style=\"text-align: center;\"><em>Th\u00e8me: Du Vide \u00e0 l\u2019infini\u00a0\u00a0\u00a0\u00a0\u00a0\u00a0\u00a0\u00a0\u00a0\u00a0\u00a0\u00a0\u00a0\u00a0 <\/em><\/p>\n<p style=\"text-align: center;\"><a href=\"https:\/\/gatito.be\/expo\/wp-content\/uploads\/2016\/01\/COLOT-SymbolVideTeX_PTJLC.jpg\"  rel=\"lightbox[2077] attachment wp-att-2251\"><img loading=\"lazy\" class=\"aligncenter size-full wp-image-2251\" src=\"https:\/\/gatito.be\/expo\/wp-content\/uploads\/2016\/01\/COLOT-SymbolVideTeX_PTJLC.jpg\" alt=\"COLOT SymbolVideTeX_PTJLC\" width=\"566\" height=\"800\" srcset=\"https:\/\/gatito.be\/expo\/wp-content\/uploads\/2016\/01\/COLOT-SymbolVideTeX_PTJLC.jpg 566w, https:\/\/gatito.be\/expo\/wp-content\/uploads\/2016\/01\/COLOT-SymbolVideTeX_PTJLC-212x300.jpg 212w\" sizes=\"(max-width: 566px) 100vw, 566px\" \/><\/a><\/p>\n<p style=\"text-align: center;\">\n<p>Pour cette exposition Art &amp; Math : \u00e9criture(s), je pr\u00e9sente quatre propositions, des impressions 3D, une d\u00e9coupe laser de plexiglas et une \u00e9preuve jet d\u2019encre. Elles prennent part \u00e0 mes interrogations sur la mati\u00e8re de \u00ab l\u2019immat\u00e9riel \u00bb, en l\u2019occurrence, la mati\u00e8re de l\u2019\u00e9crit.<\/p>\n<p>&nbsp;<\/p>\n<p>La s\u00e9rie Code brut : une tablette m\u00e9sopotamienne, une tablette perc\u00e9e d\u2019un trou et une tablette intacte, trois tablettes en code binaire bidimensionnel, renvoient au codes visuels QR de nos affiches, de nos produits de consommation<\/p>\n<p>Vide sous globe : renvoie aux symboles math\u00e9matiques de l\u2019ensemble vide {}, deux accolades et au chiffre 0, et au cadre des tableaux, gravures&#8230; en art visuel, cadre sans tableau<\/p>\n<p>Symbolique vide : renvoie au symbole math\u00e9matique de l\u2019ensemble vide \u00d8 et au chiffre 0, et aux cadres des tableaux, gravures&#8230; en art visuel, le cadre et son contenu barr\u00e9s<\/p>\n<p>Les rectangles A<sub>i<\/sub> : l\u2019image jet d\u2019encre organise en spirale des rectangles autour de l\u2019id\u00e9e g\u00e9om\u00e9trique de construire des rectangles semblables \u00e0 diff\u00e9rentes \u00e9chelles par d\u00e9coupe en deux successives. Ces conditions conduisent \u00e0 l\u2019\u00e9quation\u00a0:<\/p>\n<p>&nbsp;<\/p>\n<p>L \/ l =l \/ <sub>L\/2<\/sub> \u00a0 \u00a0o\u00f9 L= longueur et l= largeur (du rectangle)<\/p>\n<p>Dont on d\u00e9duit\u00a0:<\/p>\n<p>(L\/l)<sup>2<\/sup>=2<\/p>\n<p>Le rapport longueur\/largeur ( L\/l ) est un nombre alg\u00e9brique, irrationnel (racine carr\u00e9e de 2), qui d\u00e9finit le format des feuilles sur lesquels nous \u00e9crivons, imprimons, dessinons, les formats habituels A0, A1, A2, A3, A4&#8230; (norme ISO).<\/p>\n<p>&nbsp;<\/p>\n<p>&nbsp;<\/p>\n<p>La source de ces r\u00e9alisations est un texte cod\u00e9 de description g\u00e9om\u00e9trique, une interaction avec un logiciel 2D\/3D ou une combinaison des deux. \u00c0 l\u2019autre bout de la chaine num\u00e9rique, on retrouve des machines dont le mouvement rappelle les geste de la main qui \u00e9crit. La t\u00eate de l\u2019imprimantes 3D se d\u00e9place en extrudant l\u2019encre thermoplastique qui forme la pi\u00e8ce. Les buses de l\u2019imprimante jet d\u2019encre projettent l\u2019encre ligne apr\u00e8s ligne.<\/p>\n","protected":false},"excerpt":{"rendered":"<p>jlcolot@ulb.ac.be www.fluxettraces.be \u0152uvre(s) pr\u00e9sent\u00e9e(s) Vide sous globe Impression 3D 2013\u00a0\u00a0 Avec le soutien du FabLab Imal Th\u00e8me: Du Vide \u00e0 l\u2019infini Code brut Impression 3D 2013-2016 Avec le soutien du FabLab Imal Th\u00e8me: Codes Rectangles Ai Photographie, jet d&rsquo;encre 2016 Th\u00e8me: Des nombres c\u00e9l\u00e8bres Symbolique vide Plexiglas, d\u00e9coupe laser 2016 Avec le soutien du FabLab Imal Th\u00e8me: Du Vide \u00e0 l\u2019infini\u00a0\u00a0\u00a0\u00a0\u00a0\u00a0\u00a0\u00a0\u00a0\u00a0\u00a0\u00a0\u00a0\u00a0 Pour cette exposition Art &amp; Math : \u00e9criture(s), je pr\u00e9sente quatre propositions, des impressions 3D, une d\u00e9coupe laser de plexiglas et une \u00e9preuve jet d\u2019encre. Elles prennent part \u00e0 mes interrogations sur la mati\u00e8re de \u00ab l\u2019immat\u00e9riel \u00bb, en<a href=\"https:\/\/gatito.be\/expo\/artistes-exposants-2016\/colot-jean-louis-2016\/\">&nbsp;&nbsp;[ Suite&#8230; ]<\/a><\/p>\n","protected":false},"author":26,"featured_media":0,"parent":1919,"menu_order":7,"comment_status":"open","ping_status":"open","template":"fullwide.php","meta":{"ngg_post_thumbnail":0},"_links":{"self":[{"href":"https:\/\/gatito.be\/expo\/wp-json\/wp\/v2\/pages\/2077"}],"collection":[{"href":"https:\/\/gatito.be\/expo\/wp-json\/wp\/v2\/pages"}],"about":[{"href":"https:\/\/gatito.be\/expo\/wp-json\/wp\/v2\/types\/page"}],"author":[{"embeddable":true,"href":"https:\/\/gatito.be\/expo\/wp-json\/wp\/v2\/users\/26"}],"replies":[{"embeddable":true,"href":"https:\/\/gatito.be\/expo\/wp-json\/wp\/v2\/comments?post=2077"}],"version-history":[{"count":6,"href":"https:\/\/gatito.be\/expo\/wp-json\/wp\/v2\/pages\/2077\/revisions"}],"predecessor-version":[{"id":2447,"href":"https:\/\/gatito.be\/expo\/wp-json\/wp\/v2\/pages\/2077\/revisions\/2447"}],"up":[{"embeddable":true,"href":"https:\/\/gatito.be\/expo\/wp-json\/wp\/v2\/pages\/1919"}],"wp:attachment":[{"href":"https:\/\/gatito.be\/expo\/wp-json\/wp\/v2\/media?parent=2077"}],"curies":[{"name":"wp","href":"https:\/\/api.w.org\/{rel}","templated":true}]}}