{"id":1919,"date":"2016-01-15T13:43:41","date_gmt":"2016-01-15T12:43:41","guid":{"rendered":"https:\/\/gatito.be\/expo\/?page_id=1919"},"modified":"2016-01-29T13:45:23","modified_gmt":"2016-01-29T12:45:23","slug":"artistes-exposants-2016","status":"publish","type":"page","link":"https:\/\/gatito.be\/expo\/artistes-exposants-2016\/","title":{"rendered":"Artistes exposants 2016"},"content":{"rendered":"<p>Liste de tous les participants et <span style=\"color: #0000ff;\">artistes exposants<\/span> (class\u00e9s par ordre alphab\u00e9tique du nom de famille; bleu pour les plasticiens, vert pour les auteurs, noir pour nos pr\u00e9cieux b\u00e9n\u00e9voles).<\/p>\n<p>Pages artistes encore en chantier: les photos et autres personnalisations viendront&#8230;bient\u00f4t.<\/p>\n<p><strong>Cliquer sur le nom des <span style=\"text-decoration: underline;\">Artistes<\/span><\/strong> exposants pour visionner leur page.<\/p>\n<p>&nbsp;<\/p>\n<table style=\"width: 90%;\" border=\"0\">\n<tbody>\n<tr>\n<td><span style=\"color: #0889d4;\"><strong><a style=\"color: #0889d4;\" title=\"Bauwin, Miche\" href=\"https:\/\/gatito.be\/expo\/artistes-exposants-2016\/bauwin-miche-2016\/\">Bauwin, Miche<\/a><\/strong><\/span><br \/>\n<span style=\"color: #339966;\">Berge, Claude<br \/>\n<span style=\"color: #0889d4;\"><strong><a style=\"color: #0889d4;\" href=\"https:\/\/gatito.be\/expo\/artistes-exposants-2016\/balffart-marc-2016\/\">Blaffart, Marc<\/a><\/strong><\/span><\/span><br \/>\n<span style=\"color: #339966;\">Carroll, Lewis<\/span><br \/>\n<span style=\"color: #0889d4;\"><strong><a style=\"color: #0889d4;\" href=\"https:\/\/gatito.be\/expo\/artistes-exposants-2016\/cerralvo-marina-2016\/\">Cerralvo, Marina<\/a><\/strong><\/span><br \/>\n<span style=\"color: #0889d4;\"> <strong><a style=\"color: #0889d4;\" title=\"COLOT Jean-Louis\" href=\"https:\/\/gatito.be\/expo\/artistes-exposants\/colot-jean-louis-2016\/\">Colot, Jean Louis<\/a><\/strong><\/span><br \/>\n<span style=\"color: #0889d4;\"> <strong> <a style=\"color: #0889d4;\" title=\"DAUCHOT Alain\" href=\"https:\/\/gatito.be\/expo\/artistes-exposants\/dauchot-alain-2016\/\">Dauchot, Alain<\/a><\/strong><\/span><br \/>\n<span style=\"color: #0889d4;\"> <strong> <a style=\"color: #0889d4;\" title=\"DECELLE Philippe\" href=\"https:\/\/gatito.be\/expo\/artistes-exposants\/decelle-philippe-2016\/\">Decelle, Philippe<\/a><\/strong><\/span><br \/>\n<span style=\"color: #0889d4;\"> <strong> <a style=\"color: #0889d4;\" title=\"DIORD Jean-Fran\u00e7ois\" href=\"https:\/\/gatito.be\/expo\/artistes-exposants\/diord-jean-francois-2016\/\">Diord, Jean Fran\u00e7ois<\/a><\/strong><\/span><br \/>\n<strong> <a title=\"DREESEN Katelyne\" href=\"https:\/\/gatito.be\/expo\/artistes-exposants\/dreesen-katelyne-2016\/\">Dreesen, Katelyne<\/a><\/strong><br \/>\n<span style=\"color: #0889d4;\"><strong> <a style=\"color: #0889d4;\" title=\"DRISCH Anita\" href=\"https:\/\/gatito.be\/expo\/artistes-exposants\/drisch-anita-2016\/\">Drisch, Anita<\/a><\/strong><\/span><br \/>\n<span style=\"color: #0000ff;\"><strong><a style=\"color: #0000ff;\" href=\"https:\/\/gatito.be\/expo\/artistes-exposants-2016\/garot-nathalie-2016\/\">Garot, Nathalie<\/a><\/strong><\/span><br \/>\n<span style=\"color: #0889d4;\"><strong><a style=\"color: #0889d4;\" title=\"GDM\" href=\"https:\/\/gatito.be\/expo\/artistes-exposants\/gdm-2016\/\">GDM<\/a><\/strong><\/span><br \/>\n<span style=\"color: #0000ff;\"><strong><a href=\"https:\/\/gatito.be\/expo\/artistes-exposants-2016\/geluck-jean-christophe-2016\/\">Geluck, Jean-Christophe<\/a><\/strong><\/span><\/td>\n<td><strong><span style=\"color: #339966;\">Geluck, Philippe<\/span><br \/>\n<span style=\"color: #0889d4;\"><a style=\"color: #0889d4;\" title=\"GERARD -Geluck Marie-Madeleine\" href=\"https:\/\/gatito.be\/expo\/artistes-exposants\/gerard-geluck-marie-madeleine-2016\/\">G\u00e9rard, Marie Madeleine<\/a><\/span><\/strong><br \/>\n<span style=\"color: #339966;\"><strong>Gofffin, Alain<\/strong><\/span><br \/>\n<strong><span style=\"color: #0000ff;\"><a href=\"https:\/\/gatito.be\/expo\/artistes-exposants-2016\/gonze-paul-2016\/\"><span style=\"color: #0889d4;\">Gonze, Paul<\/span><br \/>\n<\/a><\/span><\/strong><span style=\"color: #000000;\">Gottcheiner, Alain<\/span><br \/>\n<span style=\"color: #0889d4;\"><strong><a style=\"color: #0889d4;\" title=\"HELHOLC Serge\" href=\"https:\/\/gatito.be\/expo\/artistes-exposants\/helholc-serge-2016\/\">Helholc, Serge<\/a><\/strong><\/span><br \/>\n<strong><span style=\"color: #0000ff;\">Hubaut, Natacha<\/span><\/strong><br \/>\n<span style=\"color: #0889d4;\"><strong><a style=\"color: #0889d4;\" title=\"HUON Fran\u00e7ois\" href=\"https:\/\/gatito.be\/expo\/artistes-exposants\/huon-francois-2016\/\">Huon, Fran\u00e7ois<br \/>\n<\/a><a style=\"color: #0889d4;\" href=\"https:\/\/gatito.be\/expo\/artistes-exposants-2016\/itsphun-2016\/\">ITSPHUN<\/a><\/strong><\/span><br \/>\n<span style=\"color: #0889d4;\"> <strong> <a style=\"color: #0889d4;\" title=\"KAYSER Robert\" href=\"https:\/\/gatito.be\/expo\/artistes-exposants\/kayser-robert-2016\/\">Kayser, Robert<\/a><\/strong><\/span><br \/>\n<span style=\"color: #0889d4;\"> <strong> <a style=\"color: #0889d4;\" href=\"https:\/\/gatito.be\/expo\/artistes-exposants-2016\/leblanc-philippe-2016\/\">Leblanc, Philippe<\/a><\/strong><\/span><br \/>\n<span style=\"color: #000000;\">Mauro, Paola<\/span><br \/>\n<span style=\"color: #000000;\"> Morreels, Fr\u00e9d\u00e9ric<\/span><br \/>\n<span style=\"color: #0889d4;\"><strong><a style=\"color: #0889d4;\" title=\"MOUVET Jacques\" href=\"https:\/\/gatito.be\/expo\/artistes-exposants\/mouvet-jacques-2016\/\">Mouvet, Jacques<\/a><\/strong><\/span><br \/>\n<span style=\"color: #339966;\"><strong> Peeters, Benoit<\/strong><\/span><br \/>\n<span style=\"color: #339966;\">P\u00e9rec, Georges<\/span><br \/>\n<span style=\"color: #0889d4;\"><strong><a style=\"color: #0889d4;\" href=\"https:\/\/gatito.be\/expo\/artistes-exposants-2016\/pivin-michelle-2016\/\">Pivin, Michelle<\/a><\/strong><\/span><\/td>\n<td><span style=\"color: #339966;\"><span style=\"color: #000000;\">Pochet, Jean-Michel<\/span><br \/>\nQueneau, Raymond<\/span><br \/>\n<span style=\"color: #ff00ff;\"><span style=\"color: #0889d4;\"><a style=\"color: #0889d4;\" href=\"https:\/\/gatito.be\/expo\/artistes-exposants-2016\/rava-tobla-2016\/\"><strong>Rav\u00e0, Tobia<\/strong><\/a><\/span><br \/>\n<a href=\"https:\/\/gatito.be\/expo\/artistes-exposants-2016\/sablon-ty-2016\/\"><strong><span style=\"color: #0000ff;\"> Sablon,Ty<\/span><\/strong><\/a><br \/>\n<span style=\"color: #0889d4;\"><strong> <a style=\"color: #0889d4;\" href=\"https:\/\/gatito.be\/expo\/artistes-exposants-2016\/schoonbroodt-nestor-2016\/\">Schoonbroodt, Nestor<\/a><\/strong><\/span><\/span><br \/>\n<span style=\"color: #0889d4;\"> <strong><a style=\"color: #0889d4;\" href=\"https:\/\/gatito.be\/expo\/artistes-exposants-2016\/scheurmans-brigitte-2016\/\">Schuermans, Brigitte<\/a><\/strong><\/span><br \/>\n<strong><span style=\"color: #339966;\">Schuiten, Luc et Fran\u00e7ois<\/span><\/strong><br \/>\n<span style=\"color: #0889d4;\"><strong><a style=\"color: #0889d4;\" title=\"UYTTEBROUCK Eric\" href=\"https:\/\/gatito.be\/expo\/artistes-exposants\/uyttebrouck-eric-2016\/\">Uyttebrouck, Eric<\/a><\/strong><\/span><br \/>\n<span style=\"color: #0889d4;\"> <strong> <a style=\"color: #0889d4;\" title=\"VELU Bertrand et HUBAUT Olivier\" href=\"https:\/\/gatito.be\/expo\/artistes-exposants\/velu-bertrand-et-hubaut-olivier-2016\/\">Velu, Bertrand<\/a><\/strong><\/span><br \/>\n<span style=\"color: #0889d4;\"> <strong> <a style=\"color: #0889d4;\" title=\"VERBIESE Samuel\" href=\"https:\/\/gatito.be\/expo\/artistes-exposants\/verbiese-samuel-2016\/\">Verbiese, Samuel<\/a><\/strong><\/span><br \/>\n<span style=\"color: #339966;\">Vian, Boris<\/span><br \/>\n<span style=\"color: #0889d4;\"><strong><a style=\"color: #0889d4;\" title=\"VOSSIUS Jean Yves\" href=\"https:\/\/gatito.be\/expo\/artistes-exposants\/vossius-jean-yves-2016\/\">Vossius, Jean-Yves<\/a><\/strong><\/span><br \/>\n<strong><span style=\"color: #0000ff;\">Wibo, Marguerite<\/span><\/strong><\/td>\n<\/tr>\n<\/tbody>\n<\/table>\n","protected":false},"excerpt":{"rendered":"<p>Liste de tous les participants et artistes exposants (class\u00e9s par ordre alphab\u00e9tique du nom de famille; bleu pour les plasticiens, vert pour les auteurs, noir pour nos pr\u00e9cieux b\u00e9n\u00e9voles). Pages artistes encore en chantier: les photos et autres personnalisations viendront&#8230;bient\u00f4t. Cliquer sur le nom des Artistes exposants pour visionner leur page. &nbsp; Bauwin, Miche Berge, Claude Blaffart, Marc Carroll, Lewis Cerralvo, Marina Colot, Jean Louis Dauchot, Alain Decelle, Philippe Diord, Jean Fran\u00e7ois Dreesen, Katelyne Drisch, Anita Garot, Nathalie GDM Geluck, Jean-Christophe Geluck, Philippe G\u00e9rard, Marie Madeleine Gofffin, Alain Gonze, Paul Gottcheiner, Alain Helholc, Serge Hubaut, Natacha Huon, Fran\u00e7ois ITSPHUN Kayser,<a href=\"https:\/\/gatito.be\/expo\/artistes-exposants-2016\/\">&nbsp;&nbsp;[ Suite&#8230; ]<\/a><\/p>\n","protected":false},"author":26,"featured_media":0,"parent":0,"menu_order":0,"comment_status":"open","ping_status":"closed","template":"fullwide.php","meta":{"ngg_post_thumbnail":0},"_links":{"self":[{"href":"https:\/\/gatito.be\/expo\/wp-json\/wp\/v2\/pages\/1919"}],"collection":[{"href":"https:\/\/gatito.be\/expo\/wp-json\/wp\/v2\/pages"}],"about":[{"href":"https:\/\/gatito.be\/expo\/wp-json\/wp\/v2\/types\/page"}],"author":[{"embeddable":true,"href":"https:\/\/gatito.be\/expo\/wp-json\/wp\/v2\/users\/26"}],"replies":[{"embeddable":true,"href":"https:\/\/gatito.be\/expo\/wp-json\/wp\/v2\/comments?post=1919"}],"version-history":[{"count":24,"href":"https:\/\/gatito.be\/expo\/wp-json\/wp\/v2\/pages\/1919\/revisions"}],"predecessor-version":[{"id":2386,"href":"https:\/\/gatito.be\/expo\/wp-json\/wp\/v2\/pages\/1919\/revisions\/2386"}],"wp:attachment":[{"href":"https:\/\/gatito.be\/expo\/wp-json\/wp\/v2\/media?parent=1919"}],"curies":[{"name":"wp","href":"https:\/\/api.w.org\/{rel}","templated":true}]}}